{"id":6896,"date":"2023-02-10T20:12:14","date_gmt":"2023-02-10T20:12:14","guid":{"rendered":"https:\/\/tavapy.gov.py\/biblioteca\/?post_type=product&#038;p=6896"},"modified":"2023-02-10T20:12:14","modified_gmt":"2023-02-10T20:12:14","slug":"una-buena-forma-de-decir-adios","status":"publish","type":"product","link":"https:\/\/tavapy.gov.py\/biblioteca\/product\/una-buena-forma-de-decir-adios\/","title":{"rendered":"UNA BUENA FORMA DE DECIR ADI\u00d3S."},"content":{"rendered":"","protected":false},"excerpt":{"rendered":"<p>El Dr. C\u00e9sar Lozano brinda en este libro diferentes consejos para sobrellevar y superar el dolor ocasionado por las despedidas.<\/p>\n<p>Del autor de Destellos y El lado f\u00e1cil de la gente dif\u00edcil y que ha motivado a m\u00e1s de 20 millones de personas en el mundo.<\/p>\n<p>Cesar Lozano ofrece a sus lectores palabras que los ayudar\u00e1n a sobrellevar el duelo por la muerte, la ruptura amorosa y los malos h\u00e1bitos.<\/p>\n<p>En este libro, el Dr. C\u00e9sar Lozano nos enfrenta al doloroso pero inevitable proceso de decir adi\u00f3s y nos gu\u00eda por la serie de cambios que cualquier despedida conlleva, ya sea como parte de nuestro crecimiento; la dolorosa muerte de un ser querido; el rompimiento de una relaci\u00f3n amorosa; el adi\u00f3s a una amistad, e incluso, el adi\u00f3s a los h\u00e1bitos y costumbres que nos hacen da\u00f1o. Una buena forma para decir adi\u00f3s dar\u00e1 la luz suficiente durante este proceso que marca significativamente nuestra vida.<\/p>\n<p>En su nuevo libro, Una buena forma para decir adi\u00f3s, el Dr. C\u00e9sar Lozano comparte su experiencia en el dolor y el duelo, adem\u00e1s de los aprendizajes para vivir de una manera sana despu\u00e9s de una triste despedida.<\/p>\n<p>\u00abLa decisi\u00f3n es una herramienta poderosa porque determina el da\u00f1o del trance. Decide c\u00f3mo llevar el duelo; decide qu\u00e9 quieres hacer con tu vida y cu\u00e1l es la forma m\u00e1s correcta de sobrellevar la pena; decide la importancia de luchar por tus objetivos a pesar de la ausencia de alguien que incidi\u00f3 en ellos; decide, incluso, si vives el dolor o sufres la pena. El dolor est\u00e1, pero sufrimos cuando se involucran una serie de emociones que pueden ser destructivas para uno mismo o para quienes nos rodean. La decisi\u00f3n es fundamental en la p\u00e9rdida, pues marca la pauta a seguir\u00bb.<\/p>\n<p>La obra Una buena forma de decir adi\u00f3s fue publicada en el 2.009.<\/p>\n<p><a href=\"https:\/\/tavapy.gov.py\/biblioteca\/wp-content\/uploads\/2023\/02\/LozanoC-Una-buena-forma-para-decir-adios.pdf\" target=\"_blank\" rel=\"attachment noopener wp-att-6761\"><img loading=\"lazy\" decoding=\"async\" class=\"size-full wp-image-6761 alignleft\" src=\"https:\/\/tavapy.gov.py\/biblioteca\/wp-content\/uploads\/2023\/02\/icono-PDF-copia-2-1.png\" alt=\"\" width=\"121\" height=\"140\" \/><\/a><\/p>\n","protected":false},"featured_media":6858,"comment_status":"open","ping_status":"closed","template":"","meta":{"spay_email":""},"product_cat":[743],"product_tag":[],"class_list":{"0":"post-6896","1":"product","2":"type-product","3":"status-publish","4":"has-post-thumbnail","6":"book_author-cesar-lozano","7":"product_cat-autoayuda-psicologia-superacion-personal","8":"entry"},"_links":{"self":[{"href":"https:\/\/tavapy.gov.py\/biblioteca\/wp-json\/wp\/v2\/product\/6896","targetHints":{"allow":["GET"]}}],"collection":[{"href":"https:\/\/tavapy.gov.py\/biblioteca\/wp-json\/wp\/v2\/product"}],"about":[{"href":"https:\/\/tavapy.gov.py\/biblioteca\/wp-json\/wp\/v2\/types\/product"}],"replies":[{"embeddable":true,"href":"https:\/\/tavapy.gov.py\/biblioteca\/wp-json\/wp\/v2\/comments?post=6896"}],"wp:featuredmedia":[{"embeddable":true,"href":"https:\/\/tavapy.gov.py\/biblioteca\/wp-json\/wp\/v2\/media\/6858"}],"wp:attachment":[{"href":"https:\/\/tavapy.gov.py\/biblioteca\/wp-json\/wp\/v2\/media?parent=6896"}],"wp:term":[{"taxonomy":"product_cat","embeddable":true,"href":"https:\/\/tavapy.gov.py\/biblioteca\/wp-json\/wp\/v2\/product_cat?post=6896"},{"taxonomy":"product_tag","embeddable":true,"href":"https:\/\/tavapy.gov.py\/biblioteca\/wp-json\/wp\/v2\/product_tag?post=6896"}],"curies":[{"name":"wp","href":"https:\/\/api.w.org\/{rel}","templated":true}]}}