{"id":6897,"date":"2023-02-10T20:16:36","date_gmt":"2023-02-10T20:16:36","guid":{"rendered":"https:\/\/tavapy.gov.py\/biblioteca\/?post_type=product&#038;p=6897"},"modified":"2023-02-10T20:16:36","modified_gmt":"2023-02-10T20:16:36","slug":"la-psique-en-la-medicina-china","status":"publish","type":"product","link":"https:\/\/tavapy.gov.py\/biblioteca\/product\/la-psique-en-la-medicina-china\/","title":{"rendered":"LA PSIQUE EN LA MEDICINA CHINA."},"content":{"rendered":"","protected":false},"excerpt":{"rendered":"<p>En esta edici\u00f3n revisada y ampliada de este conocido texto de car\u00e1cter cl\u00ednico se describen en profundidad m\u00e1s de 48 enfermedades, dolencias y trastornos comunes, cr\u00f3nicos y agudos que el cl\u00ednico trata en su pr\u00e1ctica diaria, ofreciendo las claves para su diagn\u00f3stico y tratamiento desde el punto de vista de la Medicina Tradicional China.<\/p>\n<p>Giovanni Maciocia es un profesional muy reconocido en todos los \u00e1mbitos de la Medicina China, especialmente en acupuntura cl\u00e1sica; en este libro brinda todo su conocimiento y experiencia en torno al tema y analiza las ventajas de aplicar la Medicina Tradicional China a la Medicina Occidental.<\/p>\n<p>Los cap\u00edtulos incluyen aspectos etiol\u00f3gicos y patol\u00f3gicos de las enfermedades: se analizan los diagn\u00f3sticos diferenciales seg\u00fan la Medicina Tradicional China; se ofrece una selecci\u00f3n de tratamientos con acupuntura y hierbas y la explicaci\u00f3n de cada elecci\u00f3n; y se incluyen casos de estudio y discusiones sobre pron\u00f3stico y prevenci\u00f3n.<\/p>\n<p>Entre los principales cambios, cabe destacar la ampliaci\u00f3n de las fuentes chinas, la incorporaci\u00f3n de numerosos s\u00edndromes nuevos para cada enfermedad, una secci\u00f3n sobre literatura m\u00e9dica china moderna en muchos cap\u00edtulos, nuevas historias de casos, ensayos cl\u00ednicos y estad\u00edsticas de pacientes de la propia pr\u00e1ctica del autor.<\/p>\n<p>Se tratan enfermedades no abordadas previamente como depresi\u00f3n, ansiedad, bocio, hipertensi\u00f3n, n\u00e1useas y v\u00f3mitos, reflujo \u00e1cido, hiperplasia prost\u00e1tica benigna, fibromialgia, disfunci\u00f3n er\u00e9ctil, etc. La exposici\u00f3n de los problemas mentales-emocionales se ha ampliado enormemente (de uno a ocho cap\u00edtulos). Este tratado de total actualidad est\u00e1 dirigido a estudiantes y profesionales de la acupuntura cl\u00e1sica y fitoterapia.<\/p>\n<p>La obra La psique en la medicina china de Giovanni Maciocia fue publicada en el 2.009.<\/p>\n<p><a href=\"https:\/\/tavapy.gov.py\/biblioteca\/wp-content\/uploads\/2023\/02\/MaciociaG-La-Psique-en-La-Medicina-China.pdf\" target=\"_blank\" rel=\"attachment noopener wp-att-6761\"><img loading=\"lazy\" decoding=\"async\" class=\"size-full wp-image-6761 alignleft\" src=\"https:\/\/tavapy.gov.py\/biblioteca\/wp-content\/uploads\/2023\/02\/icono-PDF-copia-2-1.png\" alt=\"\" width=\"121\" height=\"140\" \/><\/a><\/p>\n","protected":false},"featured_media":6860,"comment_status":"open","ping_status":"closed","template":"","meta":{"spay_email":""},"product_cat":[910],"product_tag":[],"class_list":{"0":"post-6897","1":"product","2":"type-product","3":"status-publish","4":"has-post-thumbnail","6":"book_author-giovanni-maciocia","7":"product_cat-medicina-oriental","8":"entry"},"_links":{"self":[{"href":"https:\/\/tavapy.gov.py\/biblioteca\/wp-json\/wp\/v2\/product\/6897","targetHints":{"allow":["GET"]}}],"collection":[{"href":"https:\/\/tavapy.gov.py\/biblioteca\/wp-json\/wp\/v2\/product"}],"about":[{"href":"https:\/\/tavapy.gov.py\/biblioteca\/wp-json\/wp\/v2\/types\/product"}],"replies":[{"embeddable":true,"href":"https:\/\/tavapy.gov.py\/biblioteca\/wp-json\/wp\/v2\/comments?post=6897"}],"wp:featuredmedia":[{"embeddable":true,"href":"https:\/\/tavapy.gov.py\/biblioteca\/wp-json\/wp\/v2\/media\/6860"}],"wp:attachment":[{"href":"https:\/\/tavapy.gov.py\/biblioteca\/wp-json\/wp\/v2\/media?parent=6897"}],"wp:term":[{"taxonomy":"product_cat","embeddable":true,"href":"https:\/\/tavapy.gov.py\/biblioteca\/wp-json\/wp\/v2\/product_cat?post=6897"},{"taxonomy":"product_tag","embeddable":true,"href":"https:\/\/tavapy.gov.py\/biblioteca\/wp-json\/wp\/v2\/product_tag?post=6897"}],"curies":[{"name":"wp","href":"https:\/\/api.w.org\/{rel}","templated":true}]}}