{"id":6898,"date":"2023-02-10T20:25:38","date_gmt":"2023-02-10T20:25:38","guid":{"rendered":"https:\/\/tavapy.gov.py\/biblioteca\/?post_type=product&#038;p=6898"},"modified":"2023-02-10T20:25:39","modified_gmt":"2023-02-10T20:25:39","slug":"el-impostor-que-vive-en-mi","status":"publish","type":"product","link":"https:\/\/tavapy.gov.py\/biblioteca\/product\/el-impostor-que-vive-en-mi\/","title":{"rendered":"EL IMPOSTOR QUE VIVE EN M\u00cd."},"content":{"rendered":"","protected":false},"excerpt":{"rendered":"<p>\u00bfUn impostor te est\u00e1 robando el amor de Dios?<\/p>\n<p>Muchos cristianos han ca\u00eddo en la mentira de que merecemos el amor de Dios solo cuando nuestra vida va bien. Si nuestra familia est\u00e1 feliz o si nuestro trabajo es significativo, la vida es un \u00e9xito. Pero cuando ella comienza a desmoronarse y pecados vergonzosos amenazan con revelar nuestra \u201cno tan perfecta\u201d identidad, nos esforzamos por mantener una buena apariencia frente al mundo\u2026 y frente a Dios.<\/p>\n<p>Nos cubrimos y escondemos hasta que podamos arreglar la m\u00e1scara de la perfecci\u00f3n y nos veamos bien otra vez. Tristemente es entonces cuando nos preguntamos por qu\u00e9 nos faltan relaciones profundas y una fe apasionada.<\/p>\n<p>Dios nos llama a sacarnos las m\u00e1scaras y a acercarnos confiadamente a \u00c9l. El Se\u00f1or desea que sepamos en lo profundo de nuestro ser que nos ama y nos acepta tal cual somos. Cuando somos nosotros mismos, podemos finalmente reclamar nuestra identidad como hijos de Abba y experimentar su real deleite en nuestra verdadera identidad.<\/p>\n<p>Brennan Manning quiere animarte a que dejes ir el estilo de vida impostor y aceptes libremente nuestra identidad como hijos del Padre celestial.<\/p>\n<p>En \u00c9l hallamos vida, nuestra pasi\u00f3n es avivada y nuestra uni\u00f3n se torna nuestro gran placer.<\/p>\n<p>La obra El impostor que vive en m\u00ed fue publicada en el 2.007.<\/p>\n<p><a href=\"https:\/\/tavapy.gov.py\/biblioteca\/wp-content\/uploads\/2023\/02\/ManningB-El-Impositor-que-vive-en-mi.pdf\" target=\"_blank\" rel=\"attachment noopener wp-att-6761\"><img loading=\"lazy\" decoding=\"async\" class=\"size-full wp-image-6761 alignleft\" src=\"https:\/\/tavapy.gov.py\/biblioteca\/wp-content\/uploads\/2023\/02\/icono-PDF-copia-2-1.png\" alt=\"\" width=\"121\" height=\"140\" \/><\/a><\/p>\n","protected":false},"featured_media":6863,"comment_status":"open","ping_status":"closed","template":"","meta":{"spay_email":""},"product_cat":[889],"product_tag":[],"class_list":{"0":"post-6898","1":"product","2":"type-product","3":"status-publish","4":"has-post-thumbnail","6":"book_author-brennan-manning","7":"product_cat-espiritualidad-teologia-cristiana","8":"entry"},"_links":{"self":[{"href":"https:\/\/tavapy.gov.py\/biblioteca\/wp-json\/wp\/v2\/product\/6898","targetHints":{"allow":["GET"]}}],"collection":[{"href":"https:\/\/tavapy.gov.py\/biblioteca\/wp-json\/wp\/v2\/product"}],"about":[{"href":"https:\/\/tavapy.gov.py\/biblioteca\/wp-json\/wp\/v2\/types\/product"}],"replies":[{"embeddable":true,"href":"https:\/\/tavapy.gov.py\/biblioteca\/wp-json\/wp\/v2\/comments?post=6898"}],"wp:featuredmedia":[{"embeddable":true,"href":"https:\/\/tavapy.gov.py\/biblioteca\/wp-json\/wp\/v2\/media\/6863"}],"wp:attachment":[{"href":"https:\/\/tavapy.gov.py\/biblioteca\/wp-json\/wp\/v2\/media?parent=6898"}],"wp:term":[{"taxonomy":"product_cat","embeddable":true,"href":"https:\/\/tavapy.gov.py\/biblioteca\/wp-json\/wp\/v2\/product_cat?post=6898"},{"taxonomy":"product_tag","embeddable":true,"href":"https:\/\/tavapy.gov.py\/biblioteca\/wp-json\/wp\/v2\/product_tag?post=6898"}],"curies":[{"name":"wp","href":"https:\/\/api.w.org\/{rel}","templated":true}]}}