{"id":7008,"date":"2023-02-11T00:19:36","date_gmt":"2023-02-11T00:19:36","guid":{"rendered":"https:\/\/tavapy.gov.py\/biblioteca\/?post_type=product&#038;p=7008"},"modified":"2023-02-11T00:19:37","modified_gmt":"2023-02-11T00:19:37","slug":"amor-en-minuscula","status":"publish","type":"product","link":"https:\/\/tavapy.gov.py\/biblioteca\/product\/amor-en-minuscula\/","title":{"rendered":"AMOR EN MIN\u00daSCULA."},"content":{"rendered":"","protected":false},"excerpt":{"rendered":"<p>Una inteligente, divertida y tierna historia de amor y amistad que conmover\u00e1 al lector y le desvelar\u00e1 los peque\u00f1os secretos de una vida plena, por uno de los autores de psicolog\u00eda y espiritualidad m\u00e1s incluyentes.<\/p>\n<p>Samuel despierta la ma\u00f1ana de A\u00f1o Nuevo convencido de que nada ins\u00f3lito le traer\u00e1 el mismo? hasta que un extra\u00f1o visitante irrumpe en su apartamento dispuesto a no abandonarlo.<\/p>\n<p>La aparici\u00f3n de Mishima, un joven gato callejero, transformar\u00e1 su herm\u00e9tico mundo.<\/p>\n<p>La obra Amor en min\u00fascula de Francesc Miralles fue publicada en el 2.006.<\/p>\n<p><a href=\"https:\/\/tavapy.gov.py\/biblioteca\/wp-content\/uploads\/2023\/02\/MirallesF-Amor-en-minuscula.pdf\" target=\"_blank\" rel=\"attachment noopener wp-att-6761\"><img loading=\"lazy\" decoding=\"async\" class=\"size-full wp-image-6761 alignleft\" src=\"https:\/\/tavapy.gov.py\/biblioteca\/wp-content\/uploads\/2023\/02\/icono-PDF-copia-2-1.png\" alt=\"\" width=\"121\" height=\"140\" \/><\/a><\/p>\n","protected":false},"featured_media":6900,"comment_status":"open","ping_status":"closed","template":"","meta":{"spay_email":""},"product_cat":[915],"product_tag":[],"class_list":{"0":"post-7008","1":"product","2":"type-product","3":"status-publish","4":"has-post-thumbnail","6":"book_author-francesc-miralles","7":"product_cat-autoayuda-novela-crecimiento-personal","8":"entry"},"_links":{"self":[{"href":"https:\/\/tavapy.gov.py\/biblioteca\/wp-json\/wp\/v2\/product\/7008","targetHints":{"allow":["GET"]}}],"collection":[{"href":"https:\/\/tavapy.gov.py\/biblioteca\/wp-json\/wp\/v2\/product"}],"about":[{"href":"https:\/\/tavapy.gov.py\/biblioteca\/wp-json\/wp\/v2\/types\/product"}],"replies":[{"embeddable":true,"href":"https:\/\/tavapy.gov.py\/biblioteca\/wp-json\/wp\/v2\/comments?post=7008"}],"wp:featuredmedia":[{"embeddable":true,"href":"https:\/\/tavapy.gov.py\/biblioteca\/wp-json\/wp\/v2\/media\/6900"}],"wp:attachment":[{"href":"https:\/\/tavapy.gov.py\/biblioteca\/wp-json\/wp\/v2\/media?parent=7008"}],"wp:term":[{"taxonomy":"product_cat","embeddable":true,"href":"https:\/\/tavapy.gov.py\/biblioteca\/wp-json\/wp\/v2\/product_cat?post=7008"},{"taxonomy":"product_tag","embeddable":true,"href":"https:\/\/tavapy.gov.py\/biblioteca\/wp-json\/wp\/v2\/product_tag?post=7008"}],"curies":[{"name":"wp","href":"https:\/\/api.w.org\/{rel}","templated":true}]}}