{"id":7010,"date":"2023-02-11T00:27:41","date_gmt":"2023-02-11T00:27:41","guid":{"rendered":"https:\/\/tavapy.gov.py\/biblioteca\/?post_type=product&#038;p=7010"},"modified":"2023-02-11T00:27:41","modified_gmt":"2023-02-11T00:27:41","slug":"el-test-de-la-golosina-como-entender-y-manejar-el-autocontrol","status":"publish","type":"product","link":"https:\/\/tavapy.gov.py\/biblioteca\/product\/el-test-de-la-golosina-como-entender-y-manejar-el-autocontrol\/","title":{"rendered":"EL TEST DE LA GOLOSINA. C\u00d3MO ENTENDER Y MANEJAR EL AUTOCONTROL."},"content":{"rendered":"","protected":false},"excerpt":{"rendered":"<p>C\u00f3mo entender y manejar el autocontrol Un ni\u00f1o recibe una golosina y una instrucci\u00f3n clara: se puede comer la golosina de inmediato, o esperar cinco minutos y comerse dos golosinas. \u00bfQu\u00e9 har\u00e1? \u00bfY qu\u00e9 indica su decisi\u00f3n acerca de su comportamiento futuro?<\/p>\n<p>Este sencillo experimento, ideado en los a\u00f1os 60 por el legendario psic\u00f3logo Walter Mischel, supuso una aut\u00e9ntica revoluci\u00f3n y le convirti\u00f3 en el primer experto mundial sobre autocontrol. Mischel ha demostrado que la capacidad de aplazar la recompensa es fundamental para una vida exitosa, y produce mejores resultados acad\u00e9micos, mejores funciones cognitivas y sociales, un estilo de vida m\u00e1s saludable y una mayor autoestima. Pero \u00bfnacemos con esa fuerza de voluntad o se puede aprender?<\/p>\n<p>En El test de la golosina, Mischel explica c\u00f3mo se puede conseguir el autocontrol y aplicarlo a los retos de la vida cotidiana &#8211; desde la dieta hasta dejar de fumar, superar desamores, tomar decisiones importantes y planear la jubilaci\u00f3n.<\/p>\n<p>Lleno de profundas implicaciones para las decisiones que toman las familias, el sistema educativo, los poderes p\u00fablicos y la sanidad, El test de la golosina cambiar\u00e1 la manera en que vemos c\u00f3mo somos y c\u00f3mo podemos llegar a ser.<\/p>\n<p>La obra El test de la golosina de Walter Mischel fue publicada en el 2.014.<\/p>\n<p><a href=\"https:\/\/tavapy.gov.py\/biblioteca\/wp-content\/uploads\/2023\/02\/MischelW-El-test-de-la-golosina.pdf\" target=\"_blank\" rel=\"attachment noopener wp-att-6685\"><img loading=\"lazy\" decoding=\"async\" class=\"size-full wp-image-6685 alignleft\" src=\"https:\/\/tavapy.gov.py\/biblioteca\/wp-content\/uploads\/2023\/02\/icono-PDF-copia-2.png\" alt=\"\" width=\"121\" height=\"140\" \/><\/a><\/p>\n","protected":false},"featured_media":6906,"comment_status":"open","ping_status":"closed","template":"","meta":{"spay_email":""},"product_cat":[491],"product_tag":[],"class_list":{"0":"post-7010","1":"product","2":"type-product","3":"status-publish","4":"has-post-thumbnail","6":"book_author-walter-mischel","7":"product_cat-psicologia-pedagogia","8":"entry"},"_links":{"self":[{"href":"https:\/\/tavapy.gov.py\/biblioteca\/wp-json\/wp\/v2\/product\/7010","targetHints":{"allow":["GET"]}}],"collection":[{"href":"https:\/\/tavapy.gov.py\/biblioteca\/wp-json\/wp\/v2\/product"}],"about":[{"href":"https:\/\/tavapy.gov.py\/biblioteca\/wp-json\/wp\/v2\/types\/product"}],"replies":[{"embeddable":true,"href":"https:\/\/tavapy.gov.py\/biblioteca\/wp-json\/wp\/v2\/comments?post=7010"}],"wp:featuredmedia":[{"embeddable":true,"href":"https:\/\/tavapy.gov.py\/biblioteca\/wp-json\/wp\/v2\/media\/6906"}],"wp:attachment":[{"href":"https:\/\/tavapy.gov.py\/biblioteca\/wp-json\/wp\/v2\/media?parent=7010"}],"wp:term":[{"taxonomy":"product_cat","embeddable":true,"href":"https:\/\/tavapy.gov.py\/biblioteca\/wp-json\/wp\/v2\/product_cat?post=7010"},{"taxonomy":"product_tag","embeddable":true,"href":"https:\/\/tavapy.gov.py\/biblioteca\/wp-json\/wp\/v2\/product_tag?post=7010"}],"curies":[{"name":"wp","href":"https:\/\/api.w.org\/{rel}","templated":true}]}}