{"id":7012,"date":"2023-02-11T00:40:17","date_gmt":"2023-02-11T00:40:17","guid":{"rendered":"https:\/\/tavapy.gov.py\/biblioteca\/?post_type=product&#038;p=7012"},"modified":"2023-02-11T00:40:17","modified_gmt":"2023-02-11T00:40:17","slug":"la-empatia-entenderla-para-entender-a-los-demas","status":"publish","type":"product","link":"https:\/\/tavapy.gov.py\/biblioteca\/product\/la-empatia-entenderla-para-entender-a-los-demas\/","title":{"rendered":"LA EMPAT\u00cdA: ENTENDERLA PARA ENTENDER A LOS DEM\u00c1S."},"content":{"rendered":"","protected":false},"excerpt":{"rendered":"<p>Las personas m\u00e1s emp\u00e1ticas son, con mayor probabilidad, m\u00e1s felices. La empat\u00eda nos permite entender mejor a los otros y nos ayuda a alcanzar tanto el \u00e9xito personal en las relaciones con la familia y los amigos, como el profesional, favoreciendo que seamos m\u00e1s sensibles a las necesidades y deseos de aquellos con los que trabajamos.<\/p>\n<p>Con tantas ventajas, sin embargo, la empat\u00eda es un tema pr\u00e1cticamente inexplorado. Este libro, bas\u00e1ndose en diversos estudios cient\u00edficos, ayuda a comprender qu\u00e9 es y c\u00f3mo funciona, para poder as\u00ed entender a los dem\u00e1s, extendiendo sus beneficios a toda la sociedad; de hecho, educar en la empat\u00eda es el camino hacia la no violencia, porque favorece la tolerancia, la convivencia, el respeto y la solidaridad.<\/p>\n<p>El autor ofrece esta obra publicada en el 2.018 una serie de herramientas pr\u00e1cticas que ayudar\u00e1n al lector a desarrollar su propia empat\u00eda y a fomentar la construcci\u00f3n de una sociedad m\u00e1s emp\u00e1tica.<\/p>\n<p><a href=\"https:\/\/tavapy.gov.py\/biblioteca\/wp-content\/uploads\/2023\/02\/MoyaL-La-empatia.-Entenderla-para-entender-a-los-demas.pdf\" target=\"_blank\" rel=\"attachment noopener wp-att-6761\"><img loading=\"lazy\" decoding=\"async\" class=\"size-full wp-image-6761 alignleft\" src=\"https:\/\/tavapy.gov.py\/biblioteca\/wp-content\/uploads\/2023\/02\/icono-PDF-copia-2-1.png\" alt=\"\" width=\"121\" height=\"140\" \/><\/a><\/p>\n","protected":false},"featured_media":6911,"comment_status":"open","ping_status":"closed","template":"","meta":{"spay_email":""},"product_cat":[754],"product_tag":[],"class_list":{"0":"post-7012","1":"product","2":"type-product","3":"status-publish","4":"has-post-thumbnail","6":"book_author-luis-moya-albiol","7":"product_cat-psicologia-clinica-psicopatologia","8":"entry"},"_links":{"self":[{"href":"https:\/\/tavapy.gov.py\/biblioteca\/wp-json\/wp\/v2\/product\/7012","targetHints":{"allow":["GET"]}}],"collection":[{"href":"https:\/\/tavapy.gov.py\/biblioteca\/wp-json\/wp\/v2\/product"}],"about":[{"href":"https:\/\/tavapy.gov.py\/biblioteca\/wp-json\/wp\/v2\/types\/product"}],"replies":[{"embeddable":true,"href":"https:\/\/tavapy.gov.py\/biblioteca\/wp-json\/wp\/v2\/comments?post=7012"}],"wp:featuredmedia":[{"embeddable":true,"href":"https:\/\/tavapy.gov.py\/biblioteca\/wp-json\/wp\/v2\/media\/6911"}],"wp:attachment":[{"href":"https:\/\/tavapy.gov.py\/biblioteca\/wp-json\/wp\/v2\/media?parent=7012"}],"wp:term":[{"taxonomy":"product_cat","embeddable":true,"href":"https:\/\/tavapy.gov.py\/biblioteca\/wp-json\/wp\/v2\/product_cat?post=7012"},{"taxonomy":"product_tag","embeddable":true,"href":"https:\/\/tavapy.gov.py\/biblioteca\/wp-json\/wp\/v2\/product_tag?post=7012"}],"curies":[{"name":"wp","href":"https:\/\/api.w.org\/{rel}","templated":true}]}}