{"id":7013,"date":"2023-02-11T00:46:04","date_gmt":"2023-02-11T00:46:04","guid":{"rendered":"https:\/\/tavapy.gov.py\/biblioteca\/?post_type=product&#038;p=7013"},"modified":"2023-02-11T00:46:05","modified_gmt":"2023-02-11T00:46:05","slug":"el-pequeno-libro-del-no","status":"publish","type":"product","link":"https:\/\/tavapy.gov.py\/biblioteca\/product\/el-pequeno-libro-del-no\/","title":{"rendered":"EL PEQUE\u00d1O LIBRO DEL NO."},"content":{"rendered":"","protected":false},"excerpt":{"rendered":"<p>\u00bfTienes problemas para decir \u00abno\u00bb? \u00bfLa gente siempre te pide favores? \u00bfTe preguntas c\u00f3mo acabas enredado en cosas que en realidad no quieres hacer, con amigos o familiares, en el trabajo o incluso con vendedores?<\/p>\n<p>Rechazar a alguien rara vez es f\u00e1cil. A menudo, es francamente inc\u00f3modo. Pero decir constantemente \u00abs\u00ed\u00bb causa ansiedad, enfado, estr\u00e9s, arrepentimiento e impotencia. Susan Newman te da el poder para romper este mal h\u00e1bito del s\u00ed con unas simples t\u00e9cnicas e ideas. Un libro repleto de investigaciones y escenarios que te descubren c\u00f3mo decir \u00abno\u00bb sin sentirte culpable.<\/p>\n<p>La obra El peque\u00f1o libro del no fue publicada en el 2.020.<\/p>\n<p><a href=\"https:\/\/tavapy.gov.py\/biblioteca\/wp-content\/uploads\/2023\/02\/NewmanS-El-pequeno-libro-del-No.pdf\" target=\"_blank\" rel=\"attachment noopener wp-att-6761\"><img loading=\"lazy\" decoding=\"async\" class=\"size-full wp-image-6761 alignleft\" src=\"https:\/\/tavapy.gov.py\/biblioteca\/wp-content\/uploads\/2023\/02\/icono-PDF-copia-2-1.png\" alt=\"\" width=\"121\" height=\"140\" \/><\/a><\/p>\n","protected":false},"featured_media":6913,"comment_status":"open","ping_status":"closed","template":"","meta":{"spay_email":""},"product_cat":[919],"product_tag":[],"class_list":{"0":"post-7013","1":"product","2":"type-product","3":"status-publish","4":"has-post-thumbnail","6":"book_author-susan-newman","7":"product_cat-autoayuda-inteligencia-emocional-crecimiento-personal","8":"entry"},"_links":{"self":[{"href":"https:\/\/tavapy.gov.py\/biblioteca\/wp-json\/wp\/v2\/product\/7013","targetHints":{"allow":["GET"]}}],"collection":[{"href":"https:\/\/tavapy.gov.py\/biblioteca\/wp-json\/wp\/v2\/product"}],"about":[{"href":"https:\/\/tavapy.gov.py\/biblioteca\/wp-json\/wp\/v2\/types\/product"}],"replies":[{"embeddable":true,"href":"https:\/\/tavapy.gov.py\/biblioteca\/wp-json\/wp\/v2\/comments?post=7013"}],"wp:featuredmedia":[{"embeddable":true,"href":"https:\/\/tavapy.gov.py\/biblioteca\/wp-json\/wp\/v2\/media\/6913"}],"wp:attachment":[{"href":"https:\/\/tavapy.gov.py\/biblioteca\/wp-json\/wp\/v2\/media?parent=7013"}],"wp:term":[{"taxonomy":"product_cat","embeddable":true,"href":"https:\/\/tavapy.gov.py\/biblioteca\/wp-json\/wp\/v2\/product_cat?post=7013"},{"taxonomy":"product_tag","embeddable":true,"href":"https:\/\/tavapy.gov.py\/biblioteca\/wp-json\/wp\/v2\/product_tag?post=7013"}],"curies":[{"name":"wp","href":"https:\/\/api.w.org\/{rel}","templated":true}]}}