{"id":7014,"date":"2023-02-11T00:53:19","date_gmt":"2023-02-11T00:53:19","guid":{"rendered":"https:\/\/tavapy.gov.py\/biblioteca\/?post_type=product&#038;p=7014"},"modified":"2023-02-11T00:53:19","modified_gmt":"2023-02-11T00:53:19","slug":"filosofia-para-principiantes-vol-1","status":"publish","type":"product","link":"https:\/\/tavapy.gov.py\/biblioteca\/product\/filosofia-para-principiantes-vol-1\/","title":{"rendered":"FILOSOF\u00cdA PARA PRINCIPIANTES \u2013 VOL. 1"},"content":{"rendered":"","protected":false},"excerpt":{"rendered":"<p>Este libro realiza un recorrido hist\u00f3rico sobre las diferentes ideas y escuelas del pensamiento filos\u00f3fico, desde Dem\u00f3crito hasta Habermas, es una verdadera l\u00e1stima que los j\u00f3venes y tambi\u00e9n adultos no le den el valor que m\u00e9rita la filosof\u00eda pues nos ayudar\u00eda en diferentes campos de nuestra vida.<\/p>\n<p>Es un campo del conocimiento extenso hasta el \u00faltimo sentido en sui g\u00e9neris, a pesar de esto nos brinda diferentes herramientas para proponer en el campo de la educaci\u00f3n y cultura en general alternativas para producir opciones de desarrollo social.<\/p>\n<p>De hecho, cabe decirse no desde hace muchos a\u00f1os es que se quiere desaparecer la filosof\u00eda de los planes de educaci\u00f3n medio y superior, haciendo esto se supone para dar espacio a procesos de desarrollo nacional m\u00e1s pertinentes.<\/p>\n<p>No dudo que pueda funcionar pero lo que s\u00ed me deja mucho tiempo pensando es \u00bfqu\u00e9 tipo de sujetos est\u00e1 produciendo el actual sistema? pues todo apunta a que la humanidad se busca erradicar de todo mecanismo econ\u00f3mico y pol\u00edtico del sistema actual.<\/p>\n<p>\u00bfQu\u00e9 es un hombre? \u00bfQu\u00e9 es el conocimiento? \u00bfQu\u00e9 est\u00e1 bien y qu\u00e9 no? \u00bfQu\u00e9 es la filosof\u00eda? \u00bfPor qu\u00e9 algunos la consideran subversiva y peligrosa, y otros directamente la ignoran? Este primer tomo responde a esas preguntas a trav\u00e9s de la historia general.<\/p>\n<p>Este libro Filosof\u00eda para principiantes de Richard Osborne fue publicada en el 1.991.<\/p>\n<p><a href=\"https:\/\/tavapy.gov.py\/biblioteca\/wp-content\/uploads\/2023\/02\/OsborneR-Filosofia-Para-Principiantes-Vol.-I.pdf\" target=\"_blank\" rel=\"attachment noopener wp-att-6761\"><img loading=\"lazy\" decoding=\"async\" class=\"size-full wp-image-6761 alignleft\" src=\"https:\/\/tavapy.gov.py\/biblioteca\/wp-content\/uploads\/2023\/02\/icono-PDF-copia-2-1.png\" alt=\"\" width=\"121\" height=\"140\" \/><\/a><\/p>\n","protected":false},"featured_media":6916,"comment_status":"open","ping_status":"closed","template":"","meta":{"spay_email":""},"product_cat":[708],"product_tag":[],"class_list":{"0":"post-7014","1":"product","2":"type-product","3":"status-publish","4":"has-post-thumbnail","6":"book_author-richard-e-osborne","7":"product_cat-historia-de-la-filosofia","8":"entry"},"_links":{"self":[{"href":"https:\/\/tavapy.gov.py\/biblioteca\/wp-json\/wp\/v2\/product\/7014","targetHints":{"allow":["GET"]}}],"collection":[{"href":"https:\/\/tavapy.gov.py\/biblioteca\/wp-json\/wp\/v2\/product"}],"about":[{"href":"https:\/\/tavapy.gov.py\/biblioteca\/wp-json\/wp\/v2\/types\/product"}],"replies":[{"embeddable":true,"href":"https:\/\/tavapy.gov.py\/biblioteca\/wp-json\/wp\/v2\/comments?post=7014"}],"wp:featuredmedia":[{"embeddable":true,"href":"https:\/\/tavapy.gov.py\/biblioteca\/wp-json\/wp\/v2\/media\/6916"}],"wp:attachment":[{"href":"https:\/\/tavapy.gov.py\/biblioteca\/wp-json\/wp\/v2\/media?parent=7014"}],"wp:term":[{"taxonomy":"product_cat","embeddable":true,"href":"https:\/\/tavapy.gov.py\/biblioteca\/wp-json\/wp\/v2\/product_cat?post=7014"},{"taxonomy":"product_tag","embeddable":true,"href":"https:\/\/tavapy.gov.py\/biblioteca\/wp-json\/wp\/v2\/product_tag?post=7014"}],"curies":[{"name":"wp","href":"https:\/\/api.w.org\/{rel}","templated":true}]}}