{"id":7015,"date":"2023-02-11T00:58:47","date_gmt":"2023-02-11T00:58:47","guid":{"rendered":"https:\/\/tavapy.gov.py\/biblioteca\/?post_type=product&#038;p=7015"},"modified":"2023-02-11T00:58:47","modified_gmt":"2023-02-11T00:58:47","slug":"las-virtudes-del-fracaso","status":"publish","type":"product","link":"https:\/\/tavapy.gov.py\/biblioteca\/product\/las-virtudes-del-fracaso\/","title":{"rendered":"LAS VIRTUDES DEL FRACASO."},"content":{"rendered":"","protected":false},"excerpt":{"rendered":"<p>Un tratado de sabidur\u00eda que nos muestra el camino hacia el aut\u00e9ntico \u00e9xito. \u00bfY si fracasar no fuera tan malo como creemos? El fracaso est\u00e1 \u0300mal visto. Lo percibimos como una debilidad, un error. Pero este luminoso libro nos demuestra que el \u00e9xito rara vez llega sin ir acompa\u00f1\u0105do de decepciones y frustraciones.<\/p>\n<p>Steve Jobs, J. K. Rowling o Thomas Edison vivieron incontables fracasos antes de conseguir su objetivo. Revisando estos y otros ejemplos, y a la luz de las ense\u00f1\u0105nzas de Marco Aurelio, San Pablo, Nietzsche, Freud o Sartre, Charles P\u00e9pin nos invita a entender que no hay que evitar el fracaso, porque cada adversidad nos hace m\u00e1s l\u00fac\ufe22idos y combativos.<\/p>\n<p>Y que, adem\u00e1s, a veces hay felices y curiosos accidentes detr\u00e1s de muchos \u00aberrores\u00bb: la tarta Tatin, el Viagra, las m\u00e1quinas Nespresso o el Velcro son buenos ejemplos de ello. Un peque\u00f1o tratado de sabidur\u00eda que nos muestra el camino hacia el aut\u00e9ntico \u00e9xito. Porque el error es la manera humana de aprender, y hay que reivindicarlo.<\/p>\n<p>La obra Las virtudes del fracaso de Charles P\u00e9pin fue publicada en el 2.016.<\/p>\n<p><a href=\"https:\/\/tavapy.gov.py\/biblioteca\/wp-content\/uploads\/2023\/02\/PepinCh-Las-virtudes-del-fracaso.pdf\" target=\"_blank\" rel=\"attachment noopener wp-att-6761\"><img loading=\"lazy\" decoding=\"async\" class=\"size-full wp-image-6761 alignleft\" src=\"https:\/\/tavapy.gov.py\/biblioteca\/wp-content\/uploads\/2023\/02\/icono-PDF-copia-2-1.png\" alt=\"\" width=\"121\" height=\"140\" \/><\/a><\/p>\n","protected":false},"featured_media":6918,"comment_status":"open","ping_status":"closed","template":"","meta":{"spay_email":""},"product_cat":[922],"product_tag":[],"class_list":{"0":"post-7015","1":"product","2":"type-product","3":"status-publish","4":"has-post-thumbnail","6":"book_author-charles-pepin","7":"product_cat-autoayuda-crecimiento-personal","8":"entry"},"_links":{"self":[{"href":"https:\/\/tavapy.gov.py\/biblioteca\/wp-json\/wp\/v2\/product\/7015","targetHints":{"allow":["GET"]}}],"collection":[{"href":"https:\/\/tavapy.gov.py\/biblioteca\/wp-json\/wp\/v2\/product"}],"about":[{"href":"https:\/\/tavapy.gov.py\/biblioteca\/wp-json\/wp\/v2\/types\/product"}],"replies":[{"embeddable":true,"href":"https:\/\/tavapy.gov.py\/biblioteca\/wp-json\/wp\/v2\/comments?post=7015"}],"wp:featuredmedia":[{"embeddable":true,"href":"https:\/\/tavapy.gov.py\/biblioteca\/wp-json\/wp\/v2\/media\/6918"}],"wp:attachment":[{"href":"https:\/\/tavapy.gov.py\/biblioteca\/wp-json\/wp\/v2\/media?parent=7015"}],"wp:term":[{"taxonomy":"product_cat","embeddable":true,"href":"https:\/\/tavapy.gov.py\/biblioteca\/wp-json\/wp\/v2\/product_cat?post=7015"},{"taxonomy":"product_tag","embeddable":true,"href":"https:\/\/tavapy.gov.py\/biblioteca\/wp-json\/wp\/v2\/product_tag?post=7015"}],"curies":[{"name":"wp","href":"https:\/\/api.w.org\/{rel}","templated":true}]}}