{"id":7016,"date":"2023-02-11T01:27:37","date_gmt":"2023-02-11T01:27:37","guid":{"rendered":"https:\/\/tavapy.gov.py\/biblioteca\/?post_type=product&#038;p=7016"},"modified":"2023-02-11T01:27:37","modified_gmt":"2023-02-11T01:27:37","slug":"la-confianza-en-uno-mismo-una-filosofia","status":"publish","type":"product","link":"https:\/\/tavapy.gov.py\/biblioteca\/product\/la-confianza-en-uno-mismo-una-filosofia\/","title":{"rendered":"LA CONFIANZA EN UNO MISMO: UNA FILOSOF\u00cdA."},"content":{"rendered":"","protected":false},"excerpt":{"rendered":"<p>El libro que aclara el misterio de la confianza en uno mismo.<\/p>\n<p>\u00bfQu\u00e9 le da seguridad al ni\u00f1o que pedalea por primera vez sin las ruedas peque\u00f1as de la bici, al m\u00fasico que improvisa delante de una multitud o al deportista que se lo juega todo en un partido? La confianza en ellos mismos, claro, pero \u00bfc\u00f3mo se obtiene esta capacidad?, \u00bfqu\u00e9 factores entran en juego para que perdamos el miedo y confiemos en lo que hacemos?<\/p>\n<p>En este extraordinario libro, Charles P\u00e9pin nos se\u00f1ala los caminos a seguir para alcanzar la autoconfianza ahondando en los textos de sabios de la antig\u00fcedad y fil\u00f3sofos modernos, as\u00ed como en las experiencias de los grandes m\u00edsticos y reconocidos psic\u00f3logos, deportistas, artistas o escritores.<\/p>\n<p>El libro La confianza en uno mismo: una filosof\u00eda fue publicado en el 2.018.<\/p>\n<p><a href=\"https:\/\/tavapy.gov.py\/biblioteca\/wp-content\/uploads\/2023\/02\/PepinCh-La-confianza-en-uno-mismo..pdf\" target=\"_blank\" rel=\"attachment noopener wp-att-6761\"><img loading=\"lazy\" decoding=\"async\" class=\"size-full wp-image-6761 alignleft\" src=\"https:\/\/tavapy.gov.py\/biblioteca\/wp-content\/uploads\/2023\/02\/icono-PDF-copia-2-1.png\" alt=\"\" width=\"121\" height=\"140\" \/><\/a><\/p>\n","protected":false},"featured_media":6921,"comment_status":"open","ping_status":"closed","template":"","meta":{"spay_email":""},"product_cat":[767],"product_tag":[],"class_list":{"0":"post-7016","1":"product","2":"type-product","3":"status-publish","4":"has-post-thumbnail","6":"book_author-charles-pepin","7":"product_cat-filosofia-contemporanea","8":"entry"},"_links":{"self":[{"href":"https:\/\/tavapy.gov.py\/biblioteca\/wp-json\/wp\/v2\/product\/7016","targetHints":{"allow":["GET"]}}],"collection":[{"href":"https:\/\/tavapy.gov.py\/biblioteca\/wp-json\/wp\/v2\/product"}],"about":[{"href":"https:\/\/tavapy.gov.py\/biblioteca\/wp-json\/wp\/v2\/types\/product"}],"replies":[{"embeddable":true,"href":"https:\/\/tavapy.gov.py\/biblioteca\/wp-json\/wp\/v2\/comments?post=7016"}],"wp:featuredmedia":[{"embeddable":true,"href":"https:\/\/tavapy.gov.py\/biblioteca\/wp-json\/wp\/v2\/media\/6921"}],"wp:attachment":[{"href":"https:\/\/tavapy.gov.py\/biblioteca\/wp-json\/wp\/v2\/media?parent=7016"}],"wp:term":[{"taxonomy":"product_cat","embeddable":true,"href":"https:\/\/tavapy.gov.py\/biblioteca\/wp-json\/wp\/v2\/product_cat?post=7016"},{"taxonomy":"product_tag","embeddable":true,"href":"https:\/\/tavapy.gov.py\/biblioteca\/wp-json\/wp\/v2\/product_tag?post=7016"}],"curies":[{"name":"wp","href":"https:\/\/api.w.org\/{rel}","templated":true}]}}