{"id":7017,"date":"2023-02-11T01:34:59","date_gmt":"2023-02-11T01:34:59","guid":{"rendered":"https:\/\/tavapy.gov.py\/biblioteca\/?post_type=product&#038;p=7017"},"modified":"2023-02-11T01:35:00","modified_gmt":"2023-02-11T01:35:00","slug":"leer-el-mundo-experiencias-actuales-de-transmision-cultural","status":"publish","type":"product","link":"https:\/\/tavapy.gov.py\/biblioteca\/product\/leer-el-mundo-experiencias-actuales-de-transmision-cultural\/","title":{"rendered":"LEER EL MUNDO: EXPERIENCIAS ACTUALES DE TRANSMISI\u00d3N CULTURAL."},"content":{"rendered":"","protected":false},"excerpt":{"rendered":"<p>La literatura, oral y escrita, y tambi\u00e9n el arte, sirven para interponer entre lo real y cada uno de nosotros un tejido de palabras, de conocimientos, de historias y de fantas\u00edas, sin el cual el mundo ser\u00eda inhabitable. Leer el mundo es un alegato para que tengan un lugar en la vida cotidiana, particularmente en la de los ni\u00f1os y adolescentes. Este libro surgi\u00f3 como un acto de rebeld\u00eda ante la necesidad cada vez m\u00e1s acuciante, si se defienden las artes y las letras, de exhibir pruebas de su rentabilidad inmediata, como si esa fuera su \u00fanica raz\u00f3n de ser.<\/p>\n<p>\u00bfPara qu\u00e9 sirve leer? \u00bfPor qu\u00e9 leer hoy? \u00bfPor qu\u00e9 incitar a los ni\u00f1os a que lo hagan? \u00bfQu\u00e9 relaci\u00f3n puede haber entre las p\u00e1ginas y las pantallas? \u00bfC\u00f3mo transmitir el gusto por la lectura y las pr\u00e1cticas culturales? Reanimar la interioridad, movilizar el pensamiento y suscitar intercambios son algunas de las respuestas que ofrece Mich\u00e8le Petit en los ensayos reunidos en este volumen. As\u00ed, narra experiencias entre libros y palabras para desmontar prejuicios culturales y revelar el acto de leer como la creaci\u00f3n de un mundo m\u00e1s habitable.<\/p>\n<p>La apuesta, afirma la autora, \u00abes forjar un arte de vivir cotidiano que escape a la obsesi\u00f3n de la evaluaci\u00f3n cuantitativa, es forjar una atenci\u00f3n. Es llegar a componer y preservar un espacio muy diferente que privilegie el juego, los intercambios po\u00e9ticos, la curiosidad, el pensamiento, la exploraci\u00f3n de s\u00ed y de lo que nos rodea. Es mantener viva una parte de libertad, de sue\u00f1o, de algo inesperado\u00bb.<\/p>\n<p>El libro Leer el mundo: experiencias actuales de transmisi\u00f3n cultural fue publicado en el 2.015.<\/p>\n<p><a href=\"https:\/\/tavapy.gov.py\/biblioteca\/wp-content\/uploads\/2023\/02\/Petit-M-Leer-El-Mundo.pdf\" target=\"_blank\" rel=\"attachment noopener wp-att-6761\"><img loading=\"lazy\" decoding=\"async\" class=\"size-full wp-image-6761 alignleft\" src=\"https:\/\/tavapy.gov.py\/biblioteca\/wp-content\/uploads\/2023\/02\/icono-PDF-copia-2-1.png\" alt=\"\" width=\"121\" height=\"140\" \/><\/a><\/p>\n","protected":false},"featured_media":6924,"comment_status":"open","ping_status":"closed","template":"","meta":{"spay_email":""},"product_cat":[924],"product_tag":[],"class_list":{"0":"post-7017","1":"product","2":"type-product","3":"status-publish","4":"has-post-thumbnail","6":"book_author-michele-petit","7":"product_cat-historia-y-critica-literaria","8":"entry"},"_links":{"self":[{"href":"https:\/\/tavapy.gov.py\/biblioteca\/wp-json\/wp\/v2\/product\/7017","targetHints":{"allow":["GET"]}}],"collection":[{"href":"https:\/\/tavapy.gov.py\/biblioteca\/wp-json\/wp\/v2\/product"}],"about":[{"href":"https:\/\/tavapy.gov.py\/biblioteca\/wp-json\/wp\/v2\/types\/product"}],"replies":[{"embeddable":true,"href":"https:\/\/tavapy.gov.py\/biblioteca\/wp-json\/wp\/v2\/comments?post=7017"}],"wp:featuredmedia":[{"embeddable":true,"href":"https:\/\/tavapy.gov.py\/biblioteca\/wp-json\/wp\/v2\/media\/6924"}],"wp:attachment":[{"href":"https:\/\/tavapy.gov.py\/biblioteca\/wp-json\/wp\/v2\/media?parent=7017"}],"wp:term":[{"taxonomy":"product_cat","embeddable":true,"href":"https:\/\/tavapy.gov.py\/biblioteca\/wp-json\/wp\/v2\/product_cat?post=7017"},{"taxonomy":"product_tag","embeddable":true,"href":"https:\/\/tavapy.gov.py\/biblioteca\/wp-json\/wp\/v2\/product_tag?post=7017"}],"curies":[{"name":"wp","href":"https:\/\/api.w.org\/{rel}","templated":true}]}}