{"id":7018,"date":"2023-02-11T01:45:37","date_gmt":"2023-02-11T01:45:37","guid":{"rendered":"https:\/\/tavapy.gov.py\/biblioteca\/?post_type=product&#038;p=7018"},"modified":"2023-02-11T01:45:37","modified_gmt":"2023-02-11T01:45:37","slug":"una-infancia-en-el-pais-de-los-libros","status":"publish","type":"product","link":"https:\/\/tavapy.gov.py\/biblioteca\/product\/una-infancia-en-el-pais-de-los-libros\/","title":{"rendered":"UNA INFANCIA EN EL PA\u00cdS DE LOS LIBROS."},"content":{"rendered":"","protected":false},"excerpt":{"rendered":"<p>Mi inter\u00e9s por la lectura, por los caminos alternos que ofrece para ayudar a que uno se construya, o para que se reconstruya en la adversidad, se debi\u00f3 a que yo sab\u00eda mucho de eso. Sin embargo, curiosamente, ese saber se hallaba oculto dentro de m\u00ed. (.)<\/p>\n<p>Fue s\u00f3lo cuando escuch\u00e9 a algunas personas narrar los libros ilustrados de su ni\u00f1ez o las novelas de aventuras de su adolescencia, o cuando le\u00ed algunos recuerdos de lectura transcritos por escritores, cuando mi propia memoria comenz\u00f3 a tomar forma.<\/p>\n<p>Con estas palabras inicia Mich\u00e8le Petit este conmovedor relato. Su lectura es una invitaci\u00f3n a celebrar los asombrosos caminos por los que las palabras escritas nos ofrecen posibilidades para descubrirnos, inventarnos y (re) construirnos.<\/p>\n<p>La obra Una infancia en el pa\u00eds de los libros de Mich\u00e8le Petit fue publicada en el 2.007.<\/p>\n<p><a href=\"https:\/\/tavapy.gov.py\/biblioteca\/wp-content\/uploads\/2023\/02\/PetitM-Una-Infancia-en-el-pais-de-los-libros.pdf\" target=\"_blank\" rel=\"attachment noopener wp-att-6761\"><img loading=\"lazy\" decoding=\"async\" class=\"size-full wp-image-6761 alignleft\" src=\"https:\/\/tavapy.gov.py\/biblioteca\/wp-content\/uploads\/2023\/02\/icono-PDF-copia-2-1.png\" alt=\"\" width=\"121\" height=\"140\" \/><\/a><\/p>\n","protected":false},"featured_media":6927,"comment_status":"open","ping_status":"closed","template":"","meta":{"spay_email":""},"product_cat":[925],"product_tag":[],"class_list":{"0":"post-7018","1":"product","2":"type-product","3":"status-publish","4":"has-post-thumbnail","6":"book_author-michele-petit","7":"product_cat-estudios-literarios-narrativa-personal","8":"entry"},"_links":{"self":[{"href":"https:\/\/tavapy.gov.py\/biblioteca\/wp-json\/wp\/v2\/product\/7018","targetHints":{"allow":["GET"]}}],"collection":[{"href":"https:\/\/tavapy.gov.py\/biblioteca\/wp-json\/wp\/v2\/product"}],"about":[{"href":"https:\/\/tavapy.gov.py\/biblioteca\/wp-json\/wp\/v2\/types\/product"}],"replies":[{"embeddable":true,"href":"https:\/\/tavapy.gov.py\/biblioteca\/wp-json\/wp\/v2\/comments?post=7018"}],"wp:featuredmedia":[{"embeddable":true,"href":"https:\/\/tavapy.gov.py\/biblioteca\/wp-json\/wp\/v2\/media\/6927"}],"wp:attachment":[{"href":"https:\/\/tavapy.gov.py\/biblioteca\/wp-json\/wp\/v2\/media?parent=7018"}],"wp:term":[{"taxonomy":"product_cat","embeddable":true,"href":"https:\/\/tavapy.gov.py\/biblioteca\/wp-json\/wp\/v2\/product_cat?post=7018"},{"taxonomy":"product_tag","embeddable":true,"href":"https:\/\/tavapy.gov.py\/biblioteca\/wp-json\/wp\/v2\/product_tag?post=7018"}],"curies":[{"name":"wp","href":"https:\/\/api.w.org\/{rel}","templated":true}]}}