{"id":7019,"date":"2023-02-11T01:50:40","date_gmt":"2023-02-11T01:50:40","guid":{"rendered":"https:\/\/tavapy.gov.py\/biblioteca\/?post_type=product&#038;p=7019"},"modified":"2023-02-11T01:50:41","modified_gmt":"2023-02-11T01:50:41","slug":"lecturas-del-espacio-intimo-al-espacio-publico","status":"publish","type":"product","link":"https:\/\/tavapy.gov.py\/biblioteca\/product\/lecturas-del-espacio-intimo-al-espacio-publico\/","title":{"rendered":"LECTURAS: DEL ESPACIO \u00cdNTIMO AL ESPACIO P\u00daBLICO."},"content":{"rendered":"","protected":false},"excerpt":{"rendered":"<p>\u00ab\u00bfQu\u00e9 papel tiene la lectura literaria en la construcci\u00f3n de uno mismo? \u00bfC\u00f3mo interviene en un proceso de sanaci\u00f3n y c\u00f3mo puede tener un efecto preventivo en el dise\u00f1o de pol\u00edticas de salud p\u00fablica? \u00bfSe puede hablar leg\u00edtimamente de construir lectores?<\/p>\n<p>Estas son algunas de las preguntas que gu\u00edan las indagaciones de esta singular antrop\u00f3loga y novelista francesa -ya conocida en lengua espa\u00f1ola por &#8216;Nuevos acercamientos a los j\u00f3venes y la lectura&#8217;- en el complejo recorrido en el que busca comprender las formas en que algunas personas se hicieron o pueden hacerse m\u00e1s sujetos de sus destinos singulares y colectivos a partir de la lectura.<\/p>\n<p>Siempre del lado de los lectores, y apart\u00e1ndose de criterios normativos acerca de los libros y la lectura, este libro es una poderosa invitaci\u00f3n a repensar el campo de la formaci\u00f3n de lectores y ciudadanos y a escuchar con respeto y atenci\u00f3n a los lectores, algo en apariencia simple pero que casi siempre olvidan maestros, bibliotecarios y promotores culturales\u201d.<\/p>\n<p>La obra Lecturas: del espacio \u00edntimo al espacio p\u00fablico fue publicada en el 2.001.<\/p>\n<p><a href=\"https:\/\/tavapy.gov.py\/biblioteca\/wp-content\/uploads\/2023\/02\/PetitM.-Lecturas-del-espacio-intimo-al-espacio....pdf\" target=\"_blank\" rel=\"attachment noopener wp-att-6761\"><img loading=\"lazy\" decoding=\"async\" class=\"size-full wp-image-6761 alignleft\" src=\"https:\/\/tavapy.gov.py\/biblioteca\/wp-content\/uploads\/2023\/02\/icono-PDF-copia-2-1.png\" alt=\"\" width=\"121\" height=\"140\" \/><\/a><\/p>\n","protected":false},"featured_media":6929,"comment_status":"open","ping_status":"closed","template":"","meta":{"spay_email":""},"product_cat":[924],"product_tag":[],"class_list":{"0":"post-7019","1":"product","2":"type-product","3":"status-publish","4":"has-post-thumbnail","6":"book_author-michele-petit","7":"product_cat-historia-y-critica-literaria","8":"entry"},"_links":{"self":[{"href":"https:\/\/tavapy.gov.py\/biblioteca\/wp-json\/wp\/v2\/product\/7019","targetHints":{"allow":["GET"]}}],"collection":[{"href":"https:\/\/tavapy.gov.py\/biblioteca\/wp-json\/wp\/v2\/product"}],"about":[{"href":"https:\/\/tavapy.gov.py\/biblioteca\/wp-json\/wp\/v2\/types\/product"}],"replies":[{"embeddable":true,"href":"https:\/\/tavapy.gov.py\/biblioteca\/wp-json\/wp\/v2\/comments?post=7019"}],"wp:featuredmedia":[{"embeddable":true,"href":"https:\/\/tavapy.gov.py\/biblioteca\/wp-json\/wp\/v2\/media\/6929"}],"wp:attachment":[{"href":"https:\/\/tavapy.gov.py\/biblioteca\/wp-json\/wp\/v2\/media?parent=7019"}],"wp:term":[{"taxonomy":"product_cat","embeddable":true,"href":"https:\/\/tavapy.gov.py\/biblioteca\/wp-json\/wp\/v2\/product_cat?post=7019"},{"taxonomy":"product_tag","embeddable":true,"href":"https:\/\/tavapy.gov.py\/biblioteca\/wp-json\/wp\/v2\/product_tag?post=7019"}],"curies":[{"name":"wp","href":"https:\/\/api.w.org\/{rel}","templated":true}]}}