{"id":7020,"date":"2023-02-11T15:59:51","date_gmt":"2023-02-11T15:59:51","guid":{"rendered":"https:\/\/tavapy.gov.py\/biblioteca\/?post_type=product&#038;p=7020"},"modified":"2023-03-21T12:06:19","modified_gmt":"2023-03-21T12:06:19","slug":"el-exito-a-traves-del-fracaso-la-paradoja-del-diseno","status":"publish","type":"product","link":"https:\/\/tavapy.gov.py\/biblioteca\/product\/el-exito-a-traves-del-fracaso-la-paradoja-del-diseno\/","title":{"rendered":"EL \u00c9XITO A TRAV\u00c9S DEL FRACASO. LA PARADOJA DEL DISE\u00d1O."},"content":{"rendered":"","protected":false},"excerpt":{"rendered":"<p>Henry Petroski demuestra en este ensayo que el avance tecnol\u00f3gico y la mejora en el dise\u00f1o es m\u00e1s una reacci\u00f3n ante la frustraci\u00f3n por algo que no funciona bien, que una forma de responder a nuevas necesidades.<\/p>\n<p>A lo largo del libro se destaca que no existe un camino m\u00e1s seguro a la ruina que el crear a partir de \u00e9xitos pasados; de esta manera el autor arroja una nueva luz sobre algunos fracasos espectaculares: desde los desastres de los transbordadores espaciales hasta la ca\u00edda de las torres gemelas de Nueva York.<\/p>\n<p>El libro El \u00e9xito a trav\u00e9s del fracaso. La paradoja del dise\u00f1o fue publicado en el 2.006.<\/p>\n<p><a href=\"https:\/\/tavapy.gov.py\/biblioteca\/wp-content\/uploads\/2023\/02\/PetroskiH-_El-exito-a-traves-del-fracaso.pdf\" target=\"_blank\" rel=\"attachment noopener wp-att-6685\"><img loading=\"lazy\" decoding=\"async\" class=\"size-full wp-image-6685 alignleft\" src=\"https:\/\/tavapy.gov.py\/biblioteca\/wp-content\/uploads\/2023\/02\/icono-PDF-copia-2.png\" alt=\"\" width=\"121\" height=\"140\" \/><\/a><\/p>\n","protected":false},"featured_media":6931,"comment_status":"open","ping_status":"closed","template":"","meta":{"spay_email":""},"product_cat":[927],"product_tag":[],"class_list":{"0":"post-7020","1":"product","2":"type-product","3":"status-publish","4":"has-post-thumbnail","6":"book_author-henry-petroski","7":"product_cat-ingenieria-estudios-y-ensayos","8":"entry"},"_links":{"self":[{"href":"https:\/\/tavapy.gov.py\/biblioteca\/wp-json\/wp\/v2\/product\/7020","targetHints":{"allow":["GET"]}}],"collection":[{"href":"https:\/\/tavapy.gov.py\/biblioteca\/wp-json\/wp\/v2\/product"}],"about":[{"href":"https:\/\/tavapy.gov.py\/biblioteca\/wp-json\/wp\/v2\/types\/product"}],"replies":[{"embeddable":true,"href":"https:\/\/tavapy.gov.py\/biblioteca\/wp-json\/wp\/v2\/comments?post=7020"}],"wp:featuredmedia":[{"embeddable":true,"href":"https:\/\/tavapy.gov.py\/biblioteca\/wp-json\/wp\/v2\/media\/6931"}],"wp:attachment":[{"href":"https:\/\/tavapy.gov.py\/biblioteca\/wp-json\/wp\/v2\/media?parent=7020"}],"wp:term":[{"taxonomy":"product_cat","embeddable":true,"href":"https:\/\/tavapy.gov.py\/biblioteca\/wp-json\/wp\/v2\/product_cat?post=7020"},{"taxonomy":"product_tag","embeddable":true,"href":"https:\/\/tavapy.gov.py\/biblioteca\/wp-json\/wp\/v2\/product_tag?post=7020"}],"curies":[{"name":"wp","href":"https:\/\/api.w.org\/{rel}","templated":true}]}}