{"id":7021,"date":"2023-02-11T16:07:06","date_gmt":"2023-02-11T16:07:06","guid":{"rendered":"https:\/\/tavapy.gov.py\/biblioteca\/?post_type=product&#038;p=7021"},"modified":"2023-02-11T16:07:07","modified_gmt":"2023-02-11T16:07:07","slug":"mi-cuaderno-estoico-como-prosperar-en-un-mundo-fuera-de-tu-control","status":"publish","type":"product","link":"https:\/\/tavapy.gov.py\/biblioteca\/product\/mi-cuaderno-estoico-como-prosperar-en-un-mundo-fuera-de-tu-control\/","title":{"rendered":"MI CUADERNO ESTOICO: C\u00d3MO PROSPERAR EN UN MUNDO FUERA DE TU CONTROL."},"content":{"rendered":"","protected":false},"excerpt":{"rendered":"<p>El estoicismo llevado a la pr\u00e1ctica.<\/p>\n<p>Actuar con moderaci\u00f3n, ver las cosas no solo desde nuestra perspectiva, descubrir aquello que est\u00e1 fuera de nuestro control, desarrollar la empat\u00eda, asumir la autocr\u00edtica, analizar las causas de nuestra ira e impaciencia&#8230; Esto es lo que este extraordinario manual nos permite aprender al aplicar la fi losof\u00eda estoica en nuestro d\u00eda a d\u00eda.<\/p>\n<p>A trav\u00e9s de 52 lecciones, una por semana, el fil\u00f3sofo Massimo Pigliucci y el terapeuta Gregory Lopez nos muestran c\u00f3mo superar las difi cultades y hallar la tranquilidad en el mundo moderno. Cada cap\u00edtulo se inicia con un obst\u00e1culo cotidiano que da paso a las ense\u00f1anzas de S\u00e9neca, Musonio Rufo, Epicteto o Marco Aurelio para que, junto con ellas, podamos encontrar la forma m\u00e1s sencilla de solucionar nuestros problemas diarios.<\/p>\n<p>Partiendo de los tres grandes objetivos del estoicismo \u2014la Disciplina del Deseo, la Disciplina de la Acci\u00f3n y la Disciplina del Asentimiento\u2014, los autores proponen una serie de ejercicios semanales y cuestionarios con el fi n de llevar un registro de los progresos realizados al incorporar realmente la fi losof\u00eda estoica en nuestras vidas.<\/p>\n<p>El libro Mi cuaderno estoico: c\u00f3mo prosperar en un mundo fuera de control fue publicado en el 2.019.<\/p>\n<p><a href=\"https:\/\/tavapy.gov.py\/biblioteca\/wp-content\/uploads\/2023\/02\/PigliucciMMi-cuaderno-estoico.pdf\" target=\"_blank\" rel=\"attachment noopener wp-att-6761\"><img loading=\"lazy\" decoding=\"async\" class=\"size-full wp-image-6761 alignleft\" src=\"https:\/\/tavapy.gov.py\/biblioteca\/wp-content\/uploads\/2023\/02\/icono-PDF-copia-2-1.png\" alt=\"\" width=\"121\" height=\"140\" \/><\/a><\/p>\n","protected":false},"featured_media":6934,"comment_status":"open","ping_status":"closed","template":"","meta":{"spay_email":""},"product_cat":[928],"product_tag":[],"class_list":{"0":"post-7021","1":"product","2":"type-product","3":"status-publish","4":"has-post-thumbnail","6":"book_author-massimo-pigliucci","7":"product_cat-autoayuda-crecimiento-personal-filosofia","8":"entry"},"_links":{"self":[{"href":"https:\/\/tavapy.gov.py\/biblioteca\/wp-json\/wp\/v2\/product\/7021","targetHints":{"allow":["GET"]}}],"collection":[{"href":"https:\/\/tavapy.gov.py\/biblioteca\/wp-json\/wp\/v2\/product"}],"about":[{"href":"https:\/\/tavapy.gov.py\/biblioteca\/wp-json\/wp\/v2\/types\/product"}],"replies":[{"embeddable":true,"href":"https:\/\/tavapy.gov.py\/biblioteca\/wp-json\/wp\/v2\/comments?post=7021"}],"wp:featuredmedia":[{"embeddable":true,"href":"https:\/\/tavapy.gov.py\/biblioteca\/wp-json\/wp\/v2\/media\/6934"}],"wp:attachment":[{"href":"https:\/\/tavapy.gov.py\/biblioteca\/wp-json\/wp\/v2\/media?parent=7021"}],"wp:term":[{"taxonomy":"product_cat","embeddable":true,"href":"https:\/\/tavapy.gov.py\/biblioteca\/wp-json\/wp\/v2\/product_cat?post=7021"},{"taxonomy":"product_tag","embeddable":true,"href":"https:\/\/tavapy.gov.py\/biblioteca\/wp-json\/wp\/v2\/product_tag?post=7021"}],"curies":[{"name":"wp","href":"https:\/\/api.w.org\/{rel}","templated":true}]}}