{"id":7022,"date":"2023-02-11T17:25:52","date_gmt":"2023-02-11T17:25:52","guid":{"rendered":"https:\/\/tavapy.gov.py\/biblioteca\/?post_type=product&#038;p=7022"},"modified":"2023-02-11T17:25:52","modified_gmt":"2023-02-11T17:25:52","slug":"cuando-la-ciencia-de-encontrar-el-momento-preciso","status":"publish","type":"product","link":"https:\/\/tavapy.gov.py\/biblioteca\/product\/cuando-la-ciencia-de-encontrar-el-momento-preciso\/","title":{"rendered":"\u00bfCU\u00c1NDO?: LA CIENCIA DE ENCONTRAR EL MOMENTO PRECISO."},"content":{"rendered":"","protected":false},"excerpt":{"rendered":"<p>Nuestras vidas son un flujo interminable de acciones que implican \u00abcu\u00e1ndo\u00bb: cu\u00e1ndo emprender un negocio, programar una clase, comprometerse, cambiar de trabajo&#8230; Sin embargo, tomamos esas decisiones bas\u00e1ndonos en la intuici\u00f3n y en las conjeturas. Creemos que elegir el momento adecuado es un arte, pero en realidad, tal y como demuestra Daniel H. Pink en este libro, se trata de toda una ciencia.<\/p>\n<p>A partir de una investigaci\u00f3n multidisciplinar, en estas p\u00e1ginas obtendremos las respuestas a preguntas tan mundanas \u2013o tan significativas\u2013 como: \u00bfcu\u00e1ndo hemos de tomar la primera taza de caf\u00e9?, \u00bfcu\u00e1ndo deber\u00edamos hacer una pausa en el trabajo?, \u00bfcu\u00e1ndo hay que empezar una dieta? o \u00bfcu\u00e1ndo deber\u00edamos pedir un aumento al jefe?<\/p>\n<p>Nuestras habilidades cognitivas no permanecen est\u00e1ticas a lo largo del d\u00eda y estas fluctuaciones son m\u00e1s extremas de lo que creemos. Elegir un momento u otro condicionar\u00e1 sobremanera el resultado que obtengamos.<\/p>\n<p>Si quieres dominar la ciencia del tiempo y sacarle el m\u00e1ximo partido a las decisiones que tomas, \u00e9ste es tu libro. Adem\u00e1s, al final de cada cap\u00edtulo incluye una colecci\u00f3n de herramientas, ejercicios y trucos para ayudarte a poner las ideas en pr\u00e1ctica.<\/p>\n<p>La obra \u00bfCu\u00e1ndo?: la ciencia de encontrar el momento preciso fue publicada en el 2.018.<\/p>\n<p><a href=\"https:\/\/tavapy.gov.py\/biblioteca\/wp-content\/uploads\/2023\/02\/PinkD-Cuando.pdf\" target=\"_blank\" rel=\"attachment noopener wp-att-6761\"><img loading=\"lazy\" decoding=\"async\" class=\"size-full wp-image-6761 alignleft\" src=\"https:\/\/tavapy.gov.py\/biblioteca\/wp-content\/uploads\/2023\/02\/icono-PDF-copia-2-1.png\" alt=\"\" width=\"121\" height=\"140\" \/><\/a><\/p>\n","protected":false},"featured_media":6936,"comment_status":"open","ping_status":"closed","template":"","meta":{"spay_email":""},"product_cat":[929],"product_tag":[],"class_list":{"0":"post-7022","1":"product","2":"type-product","3":"status-publish","4":"has-post-thumbnail","6":"book_author-daniel-h-pink","7":"product_cat-autoayuda-empresa-liderazgo-desarrollo-personal","8":"entry"},"_links":{"self":[{"href":"https:\/\/tavapy.gov.py\/biblioteca\/wp-json\/wp\/v2\/product\/7022","targetHints":{"allow":["GET"]}}],"collection":[{"href":"https:\/\/tavapy.gov.py\/biblioteca\/wp-json\/wp\/v2\/product"}],"about":[{"href":"https:\/\/tavapy.gov.py\/biblioteca\/wp-json\/wp\/v2\/types\/product"}],"replies":[{"embeddable":true,"href":"https:\/\/tavapy.gov.py\/biblioteca\/wp-json\/wp\/v2\/comments?post=7022"}],"wp:featuredmedia":[{"embeddable":true,"href":"https:\/\/tavapy.gov.py\/biblioteca\/wp-json\/wp\/v2\/media\/6936"}],"wp:attachment":[{"href":"https:\/\/tavapy.gov.py\/biblioteca\/wp-json\/wp\/v2\/media?parent=7022"}],"wp:term":[{"taxonomy":"product_cat","embeddable":true,"href":"https:\/\/tavapy.gov.py\/biblioteca\/wp-json\/wp\/v2\/product_cat?post=7022"},{"taxonomy":"product_tag","embeddable":true,"href":"https:\/\/tavapy.gov.py\/biblioteca\/wp-json\/wp\/v2\/product_tag?post=7022"}],"curies":[{"name":"wp","href":"https:\/\/api.w.org\/{rel}","templated":true}]}}