{"id":7023,"date":"2023-02-11T17:34:11","date_gmt":"2023-02-11T17:34:11","guid":{"rendered":"https:\/\/tavapy.gov.py\/biblioteca\/?post_type=product&#038;p=7023"},"modified":"2023-02-11T17:34:11","modified_gmt":"2023-02-11T17:34:11","slug":"emocion-y-conflicto-aprenda-a-manejar-las-emociones","status":"publish","type":"product","link":"https:\/\/tavapy.gov.py\/biblioteca\/product\/emocion-y-conflicto-aprenda-a-manejar-las-emociones\/","title":{"rendered":"EMOCI\u00d3N Y CONFLICTO: APRENDA A MANEJAR LAS EMOCIONES."},"content":{"rendered":"","protected":false},"excerpt":{"rendered":"<p>No estamos ante un libro m\u00e1s sobre las emociones. Emoci\u00f3n y conflicto aborda, con rigor y un estilo claro, el complejo mundo emocional, facilit\u00e1ndonos la comprensi\u00f3n de los procesos y las claves \u00fatiles en muchas situaciones en que conviene saber c\u00f3mo actuar.<\/p>\n<p>Esta obra ser\u00e1 de gran ayuda en el desarrollo de nuestra propia inteligencia emocional, necesaria en los muchos \u00e1mbitos profesionales donde las relaciones interpersonales tienen un rol importante, e imprescindible para afrontar situaciones emocionales en las que nos implican los dem\u00e1s.<\/p>\n<p>Es un libro de lectura \u00e1gil, de consulta y de cabecera. \u201cPocas veces tiene el lector el raro privilegio de encontrarse frente a una obra impecable en la forma y en el fondo. Un libro bien trabajado y con un contenido imprescindible en los tiempos que corren\u201d.<\/p>\n<p>La obra Emoci\u00f3n y conflicto: aprenda a manejar las emociones fue publicada en el 2.006.<\/p>\n<p><a href=\"https:\/\/tavapy.gov.py\/biblioteca\/wp-content\/uploads\/2023\/02\/RedortaJ-Emocion-y-conflicto.pdf\" target=\"_blank\" rel=\"attachment noopener wp-att-6761\"><img loading=\"lazy\" decoding=\"async\" class=\"size-full wp-image-6761 alignleft\" src=\"https:\/\/tavapy.gov.py\/biblioteca\/wp-content\/uploads\/2023\/02\/icono-PDF-copia-2-1.png\" alt=\"\" width=\"121\" height=\"140\" \/><\/a><\/p>\n","protected":false},"featured_media":6938,"comment_status":"open","ping_status":"closed","template":"","meta":{"spay_email":""},"product_cat":[919],"product_tag":[],"class_list":{"0":"post-7023","1":"product","2":"type-product","3":"status-publish","4":"has-post-thumbnail","6":"book_author-josep-redorta","7":"product_cat-autoayuda-inteligencia-emocional-crecimiento-personal","8":"entry"},"_links":{"self":[{"href":"https:\/\/tavapy.gov.py\/biblioteca\/wp-json\/wp\/v2\/product\/7023","targetHints":{"allow":["GET"]}}],"collection":[{"href":"https:\/\/tavapy.gov.py\/biblioteca\/wp-json\/wp\/v2\/product"}],"about":[{"href":"https:\/\/tavapy.gov.py\/biblioteca\/wp-json\/wp\/v2\/types\/product"}],"replies":[{"embeddable":true,"href":"https:\/\/tavapy.gov.py\/biblioteca\/wp-json\/wp\/v2\/comments?post=7023"}],"wp:featuredmedia":[{"embeddable":true,"href":"https:\/\/tavapy.gov.py\/biblioteca\/wp-json\/wp\/v2\/media\/6938"}],"wp:attachment":[{"href":"https:\/\/tavapy.gov.py\/biblioteca\/wp-json\/wp\/v2\/media?parent=7023"}],"wp:term":[{"taxonomy":"product_cat","embeddable":true,"href":"https:\/\/tavapy.gov.py\/biblioteca\/wp-json\/wp\/v2\/product_cat?post=7023"},{"taxonomy":"product_tag","embeddable":true,"href":"https:\/\/tavapy.gov.py\/biblioteca\/wp-json\/wp\/v2\/product_tag?post=7023"}],"curies":[{"name":"wp","href":"https:\/\/api.w.org\/{rel}","templated":true}]}}