{"id":7025,"date":"2023-02-11T17:42:02","date_gmt":"2023-02-11T17:42:02","guid":{"rendered":"https:\/\/tavapy.gov.py\/biblioteca\/?post_type=product&#038;p=7025"},"modified":"2023-02-11T17:42:02","modified_gmt":"2023-02-11T17:42:02","slug":"gestion-de-conflictos-lo-que-necesita-saber","status":"publish","type":"product","link":"https:\/\/tavapy.gov.py\/biblioteca\/product\/gestion-de-conflictos-lo-que-necesita-saber\/","title":{"rendered":"GESTI\u00d3N DE CONFLICTOS. LO QUE NECESITA SABER."},"content":{"rendered":"","protected":false},"excerpt":{"rendered":"<p>\u00bfEs posible dejar de ponernos tensos y sufrir cuando debemos enfrentarnos a situaciones de diferencias personales? S\u00ed, lo es. Eso se consigue dominando claves sencillas en las que nos hemos socializado y aprendiendo recursos nuevos sistematizados.<\/p>\n<p>Este es el objetivo de este libro, ofrecer un compendio de recursos para identificar lo que est\u00e1 pasando, tener claro como hay que actuar y ponernos en acci\u00f3n. El puzzle de las relaciones entre personas y grupos tiene soluci\u00f3n, pese a su complejidad, a condici\u00f3n de que le dediquemos un tiempo que agradeceremos y nos permitir\u00e1 crecer como personas.<\/p>\n<p>Todas las personas que tienen que conducir equipos, aquellas otras que su actividad profesional se relaciona con personas. Y, muy en particular todas las profesiones de ayuda encontrar\u00e1n en este libro un verdadero manual de referencia para sentirse mejor al tomar decisiones en situaciones delicadas.<\/p>\n<p>El libro Gesti\u00f3n de conflictos. Lo que necesita saber fue publicado en el 2.011.<\/p>\n<p><a href=\"https:\/\/tavapy.gov.py\/biblioteca\/wp-content\/uploads\/2023\/02\/RedortaJ-Gestion-de-conflictos.pdf\" target=\"_blank\" rel=\"noopener\"><img loading=\"lazy\" decoding=\"async\" class=\"size-full wp-image-7024 alignleft\" src=\"https:\/\/tavapy.gov.py\/biblioteca\/wp-content\/uploads\/2023\/02\/icono-PDF-copia-2-2.png\" alt=\"\" width=\"121\" height=\"140\" \/><\/a><\/p>\n","protected":false},"featured_media":6941,"comment_status":"open","ping_status":"closed","template":"","meta":{"spay_email":""},"product_cat":[93],"product_tag":[],"class_list":{"0":"post-7025","1":"product","2":"type-product","3":"status-publish","4":"has-post-thumbnail","6":"book_author-josep-redorta","7":"product_cat-psicologia-social","8":"entry"},"_links":{"self":[{"href":"https:\/\/tavapy.gov.py\/biblioteca\/wp-json\/wp\/v2\/product\/7025","targetHints":{"allow":["GET"]}}],"collection":[{"href":"https:\/\/tavapy.gov.py\/biblioteca\/wp-json\/wp\/v2\/product"}],"about":[{"href":"https:\/\/tavapy.gov.py\/biblioteca\/wp-json\/wp\/v2\/types\/product"}],"replies":[{"embeddable":true,"href":"https:\/\/tavapy.gov.py\/biblioteca\/wp-json\/wp\/v2\/comments?post=7025"}],"wp:featuredmedia":[{"embeddable":true,"href":"https:\/\/tavapy.gov.py\/biblioteca\/wp-json\/wp\/v2\/media\/6941"}],"wp:attachment":[{"href":"https:\/\/tavapy.gov.py\/biblioteca\/wp-json\/wp\/v2\/media?parent=7025"}],"wp:term":[{"taxonomy":"product_cat","embeddable":true,"href":"https:\/\/tavapy.gov.py\/biblioteca\/wp-json\/wp\/v2\/product_cat?post=7025"},{"taxonomy":"product_tag","embeddable":true,"href":"https:\/\/tavapy.gov.py\/biblioteca\/wp-json\/wp\/v2\/product_tag?post=7025"}],"curies":[{"name":"wp","href":"https:\/\/api.w.org\/{rel}","templated":true}]}}