{"id":7026,"date":"2023-02-11T17:51:16","date_gmt":"2023-02-11T17:51:16","guid":{"rendered":"https:\/\/tavapy.gov.py\/biblioteca\/?post_type=product&#038;p=7026"},"modified":"2023-02-11T17:53:35","modified_gmt":"2023-02-11T17:53:35","slug":"el-jesus-de-galilea-aportaciones-desde-la-arqueologia","status":"publish","type":"product","link":"https:\/\/tavapy.gov.py\/biblioteca\/product\/el-jesus-de-galilea-aportaciones-desde-la-arqueologia\/","title":{"rendered":"EL JES\u00daS DE GALILEA: APORTACIONES DESDE LA ARQUEOLOG\u00cdA."},"content":{"rendered":"","protected":false},"excerpt":{"rendered":"<p>Los estudios que aqu\u00ed se recogen se esfuerzan por situar en el centro y en el primer plano los datos arqueol\u00f3gicos, sistematizando el material disponible, para a continuaci\u00f3n interpretar la cultura de Galilea en el siglo I y destacar sus implicaciones para el conocimiento de Jes\u00fas y los evangelios.<\/p>\n<p>La obra El Jes\u00fas de Galilea: aportaciones desde la arqueolog\u00eda fue publicada en el 2.006.<\/p>\n<p><a href=\"https:\/\/tavapy.gov.py\/biblioteca\/wp-content\/uploads\/2023\/02\/ReedJ-El-Jesus-de-Galilea.pdf\" target=\"_blank\" rel=\"attachment noopener wp-att-7024\"><img loading=\"lazy\" decoding=\"async\" class=\"size-full wp-image-7024 alignleft\" src=\"https:\/\/tavapy.gov.py\/biblioteca\/wp-content\/uploads\/2023\/02\/icono-PDF-copia-2-2.png\" alt=\"\" width=\"121\" height=\"140\" \/><\/a><\/p>\n","protected":false},"featured_media":6943,"comment_status":"open","ping_status":"closed","template":"","meta":{"spay_email":""},"product_cat":[218],"product_tag":[],"class_list":{"0":"post-7026","1":"product","2":"type-product","3":"status-publish","4":"has-post-thumbnail","6":"book_author-jonathan-reed","7":"product_cat-estudios-biblicos-arqueologia","8":"entry"},"_links":{"self":[{"href":"https:\/\/tavapy.gov.py\/biblioteca\/wp-json\/wp\/v2\/product\/7026","targetHints":{"allow":["GET"]}}],"collection":[{"href":"https:\/\/tavapy.gov.py\/biblioteca\/wp-json\/wp\/v2\/product"}],"about":[{"href":"https:\/\/tavapy.gov.py\/biblioteca\/wp-json\/wp\/v2\/types\/product"}],"replies":[{"embeddable":true,"href":"https:\/\/tavapy.gov.py\/biblioteca\/wp-json\/wp\/v2\/comments?post=7026"}],"wp:featuredmedia":[{"embeddable":true,"href":"https:\/\/tavapy.gov.py\/biblioteca\/wp-json\/wp\/v2\/media\/6943"}],"wp:attachment":[{"href":"https:\/\/tavapy.gov.py\/biblioteca\/wp-json\/wp\/v2\/media?parent=7026"}],"wp:term":[{"taxonomy":"product_cat","embeddable":true,"href":"https:\/\/tavapy.gov.py\/biblioteca\/wp-json\/wp\/v2\/product_cat?post=7026"},{"taxonomy":"product_tag","embeddable":true,"href":"https:\/\/tavapy.gov.py\/biblioteca\/wp-json\/wp\/v2\/product_tag?post=7026"}],"curies":[{"name":"wp","href":"https:\/\/api.w.org\/{rel}","templated":true}]}}