{"id":7027,"date":"2023-02-11T17:58:50","date_gmt":"2023-02-11T17:58:50","guid":{"rendered":"https:\/\/tavapy.gov.py\/biblioteca\/?post_type=product&#038;p=7027"},"modified":"2023-02-11T17:58:50","modified_gmt":"2023-02-11T17:58:50","slug":"el-camino-de-los-sabios-filosofia-para-la-vida-cotidiana","status":"publish","type":"product","link":"https:\/\/tavapy.gov.py\/biblioteca\/product\/el-camino-de-los-sabios-filosofia-para-la-vida-cotidiana\/","title":{"rendered":"EL CAMINO DE LOS SABIOS: FILOSOF\u00cdA PARA LA VIDA COTIDIANA."},"content":{"rendered":"","protected":false},"excerpt":{"rendered":"<p>El camino de los sabios pretende recuperar y actualizar algunos principios b\u00e1sicos de la filosof\u00eda, entendiendo esta ciencia como una psicolog\u00eda pr\u00e1ctica que nace de la capacidad y la virtud de \u201csaber vivir\u201d y que proporciona herramientas para desenvolverse en la vida cotidiana.<\/p>\n<p>Walter Riso rescata en esta obra a los m\u00e1s grandes fil\u00f3sofos cl\u00e1sicos y los traduce a un lenguaje sencillo y acorde a los avances de la psicolog\u00eda de hoy, para trasladarlos al aqu\u00ed y al ahora y abordar los problemas del d\u00eda a d\u00eda. En los albores de la historia del conocimiento, hay una puerta a la vida plena que podemos abrir&#8230; y la sorpresa ser\u00e1 may\u00fascula.<\/p>\n<p>La obra El camino de los sabios: filosof\u00eda para la vida cotidiana fue publicada en el 2.000.<\/p>\n<p><a href=\"https:\/\/tavapy.gov.py\/biblioteca\/wp-content\/uploads\/2023\/02\/RisoW-El-camino-de-los-sabios.pdf\" target=\"_blank\" rel=\"attachment noopener wp-att-7024\"><img loading=\"lazy\" decoding=\"async\" class=\"size-full wp-image-7024 alignleft\" src=\"https:\/\/tavapy.gov.py\/biblioteca\/wp-content\/uploads\/2023\/02\/icono-PDF-copia-2-2.png\" alt=\"\" width=\"121\" height=\"140\" \/><\/a><\/p>\n","protected":false},"featured_media":6946,"comment_status":"open","ping_status":"closed","template":"","meta":{"spay_email":""},"product_cat":[743],"product_tag":[],"class_list":{"0":"post-7027","1":"product","2":"type-product","3":"status-publish","4":"has-post-thumbnail","6":"book_author-walter-riso","7":"product_cat-autoayuda-psicologia-superacion-personal","8":"entry"},"_links":{"self":[{"href":"https:\/\/tavapy.gov.py\/biblioteca\/wp-json\/wp\/v2\/product\/7027","targetHints":{"allow":["GET"]}}],"collection":[{"href":"https:\/\/tavapy.gov.py\/biblioteca\/wp-json\/wp\/v2\/product"}],"about":[{"href":"https:\/\/tavapy.gov.py\/biblioteca\/wp-json\/wp\/v2\/types\/product"}],"replies":[{"embeddable":true,"href":"https:\/\/tavapy.gov.py\/biblioteca\/wp-json\/wp\/v2\/comments?post=7027"}],"wp:featuredmedia":[{"embeddable":true,"href":"https:\/\/tavapy.gov.py\/biblioteca\/wp-json\/wp\/v2\/media\/6946"}],"wp:attachment":[{"href":"https:\/\/tavapy.gov.py\/biblioteca\/wp-json\/wp\/v2\/media?parent=7027"}],"wp:term":[{"taxonomy":"product_cat","embeddable":true,"href":"https:\/\/tavapy.gov.py\/biblioteca\/wp-json\/wp\/v2\/product_cat?post=7027"},{"taxonomy":"product_tag","embeddable":true,"href":"https:\/\/tavapy.gov.py\/biblioteca\/wp-json\/wp\/v2\/product_tag?post=7027"}],"curies":[{"name":"wp","href":"https:\/\/api.w.org\/{rel}","templated":true}]}}