{"id":7028,"date":"2023-02-11T22:25:13","date_gmt":"2023-02-11T22:25:13","guid":{"rendered":"https:\/\/tavapy.gov.py\/biblioteca\/?post_type=product&#038;p=7028"},"modified":"2023-02-11T22:25:13","modified_gmt":"2023-02-11T22:25:13","slug":"el-derecho-a-decir-no","status":"publish","type":"product","link":"https:\/\/tavapy.gov.py\/biblioteca\/product\/el-derecho-a-decir-no\/","title":{"rendered":"EL DERECHO A DECIR NO."},"content":{"rendered":"","protected":false},"excerpt":{"rendered":"<p>\u00bfQui\u00e9n no se ha mirado alguna vez al espejo tratando de perdonarse la sumisi\u00f3n o no haber dicho lo que en verdad pensaba? \u00bfQui\u00e9n no ha sentido, as\u00ed sea de vez en cuando, la lucha interior entre la indignaci\u00f3n por el agravio y el miedo a enfrentarlo?<\/p>\n<p>En el proceso de aprender a querernos a nosotros mismos \u2014junto al autoconcepto, la autoimagen, la autoestima y la autoeficacia\u2014, hay que abrirle campo a un nuevo \u00abauto\u00bb: el autorrespeto, la \u00e9tica personal que separa lo negociable de lo no negociable, el punto de no retorno.<\/p>\n<p>En cada uno de nosotros hay un reducto de principios donde el \u00abyo\u00bb se niega a rendir pleites\u00eda y se rebela. Tenemos la capacidad de indignarnos cuando alguien viola nuestros derechos o somos v\u00edctimas de la humillaci\u00f3n, la explotaci\u00f3n o el maltrato: podemos decir NO.<\/p>\n<p>La obra El derecho a decir no fue publicada en el 2.015.<\/p>\n<p><a href=\"https:\/\/tavapy.gov.py\/biblioteca\/wp-content\/uploads\/2023\/02\/RisoW-El-derecho-a-decir-no.pdf\" target=\"_blank\" rel=\"attachment noopener wp-att-7024\"><img loading=\"lazy\" decoding=\"async\" class=\"size-full wp-image-7024 alignleft\" src=\"https:\/\/tavapy.gov.py\/biblioteca\/wp-content\/uploads\/2023\/02\/icono-PDF-copia-2-2.png\" alt=\"\" width=\"121\" height=\"140\" \/><\/a><\/p>\n","protected":false},"featured_media":6949,"comment_status":"open","ping_status":"closed","template":"","meta":{"spay_email":""},"product_cat":[743],"product_tag":[],"class_list":{"0":"post-7028","1":"product","2":"type-product","3":"status-publish","4":"has-post-thumbnail","6":"book_author-walter-riso","7":"product_cat-autoayuda-psicologia-superacion-personal","8":"entry"},"_links":{"self":[{"href":"https:\/\/tavapy.gov.py\/biblioteca\/wp-json\/wp\/v2\/product\/7028","targetHints":{"allow":["GET"]}}],"collection":[{"href":"https:\/\/tavapy.gov.py\/biblioteca\/wp-json\/wp\/v2\/product"}],"about":[{"href":"https:\/\/tavapy.gov.py\/biblioteca\/wp-json\/wp\/v2\/types\/product"}],"replies":[{"embeddable":true,"href":"https:\/\/tavapy.gov.py\/biblioteca\/wp-json\/wp\/v2\/comments?post=7028"}],"wp:featuredmedia":[{"embeddable":true,"href":"https:\/\/tavapy.gov.py\/biblioteca\/wp-json\/wp\/v2\/media\/6949"}],"wp:attachment":[{"href":"https:\/\/tavapy.gov.py\/biblioteca\/wp-json\/wp\/v2\/media?parent=7028"}],"wp:term":[{"taxonomy":"product_cat","embeddable":true,"href":"https:\/\/tavapy.gov.py\/biblioteca\/wp-json\/wp\/v2\/product_cat?post=7028"},{"taxonomy":"product_tag","embeddable":true,"href":"https:\/\/tavapy.gov.py\/biblioteca\/wp-json\/wp\/v2\/product_tag?post=7028"}],"curies":[{"name":"wp","href":"https:\/\/api.w.org\/{rel}","templated":true}]}}