{"id":7029,"date":"2023-02-11T22:29:12","date_gmt":"2023-02-11T22:29:12","guid":{"rendered":"https:\/\/tavapy.gov.py\/biblioteca\/?post_type=product&#038;p=7029"},"modified":"2023-02-11T22:30:31","modified_gmt":"2023-02-11T22:30:31","slug":"enamorate-de-ti-el-valor-imprescindible-de-la-autoestima","status":"publish","type":"product","link":"https:\/\/tavapy.gov.py\/biblioteca\/product\/enamorate-de-ti-el-valor-imprescindible-de-la-autoestima\/","title":{"rendered":"ENAM\u00d3RATE DE TI: EL VALOR IMPRESCINDIBLE DE LA AUTOESTIMA."},"content":{"rendered":"","protected":false},"excerpt":{"rendered":"<p>Un magn\u00edfico libro que nos describe y nos ense\u00f1a el arte de amarnos a nosotros mismos sin ser ego\u00edstas ni eg\u00f3latras<\/p>\n<p>Una buena autoestima incrementa las emociones positivas. Adem\u00e1s, entre otras cosas, permite alcanzar mayor eficacia en las tareas, mejorar las relaciones con las personas, establecer un v\u00ednculo m\u00e1s equilibrado con los dem\u00e1s y ganar en independencia y autonom\u00eda.<\/p>\n<p>S\u00e9 valiente: comienza el romance contigo mismo en un \u00abyo sostenido\u00bb que te haga cada d\u00eda m\u00e1s feliz y m\u00e1s resistente a los embates de la vida cotidiana.<\/p>\n<p>El libro Enam\u00f3rate de ti: el valor imprescindible de la autoestima fue publicado en el 2.012.<\/p>\n<p><a href=\"https:\/\/tavapy.gov.py\/biblioteca\/wp-content\/uploads\/2023\/02\/RisoW-Enamorate-de-ti.pdf\" target=\"_blank\" rel=\"attachment noopener wp-att-7024\"><img loading=\"lazy\" decoding=\"async\" class=\"size-full wp-image-7024 alignleft\" src=\"https:\/\/tavapy.gov.py\/biblioteca\/wp-content\/uploads\/2023\/02\/icono-PDF-copia-2-2.png\" alt=\"\" width=\"121\" height=\"140\" \/><\/a><\/p>\n","protected":false},"featured_media":6951,"comment_status":"open","ping_status":"closed","template":"","meta":{"spay_email":""},"product_cat":[743],"product_tag":[],"class_list":{"0":"post-7029","1":"product","2":"type-product","3":"status-publish","4":"has-post-thumbnail","6":"book_author-walter-riso","7":"product_cat-autoayuda-psicologia-superacion-personal","8":"entry"},"_links":{"self":[{"href":"https:\/\/tavapy.gov.py\/biblioteca\/wp-json\/wp\/v2\/product\/7029","targetHints":{"allow":["GET"]}}],"collection":[{"href":"https:\/\/tavapy.gov.py\/biblioteca\/wp-json\/wp\/v2\/product"}],"about":[{"href":"https:\/\/tavapy.gov.py\/biblioteca\/wp-json\/wp\/v2\/types\/product"}],"replies":[{"embeddable":true,"href":"https:\/\/tavapy.gov.py\/biblioteca\/wp-json\/wp\/v2\/comments?post=7029"}],"wp:featuredmedia":[{"embeddable":true,"href":"https:\/\/tavapy.gov.py\/biblioteca\/wp-json\/wp\/v2\/media\/6951"}],"wp:attachment":[{"href":"https:\/\/tavapy.gov.py\/biblioteca\/wp-json\/wp\/v2\/media?parent=7029"}],"wp:term":[{"taxonomy":"product_cat","embeddable":true,"href":"https:\/\/tavapy.gov.py\/biblioteca\/wp-json\/wp\/v2\/product_cat?post=7029"},{"taxonomy":"product_tag","embeddable":true,"href":"https:\/\/tavapy.gov.py\/biblioteca\/wp-json\/wp\/v2\/product_tag?post=7029"}],"curies":[{"name":"wp","href":"https:\/\/api.w.org\/{rel}","templated":true}]}}