{"id":7031,"date":"2023-02-11T22:35:27","date_gmt":"2023-02-11T22:35:27","guid":{"rendered":"https:\/\/tavapy.gov.py\/biblioteca\/?post_type=product&#038;p=7031"},"modified":"2026-02-16T12:28:24","modified_gmt":"2026-02-16T12:28:24","slug":"los-limites-del-amor","status":"publish","type":"product","link":"https:\/\/tavapy.gov.py\/biblioteca\/product\/los-limites-del-amor\/","title":{"rendered":"LOS L\u00cdMITES DEL AMOR."},"content":{"rendered":"","protected":false},"excerpt":{"rendered":"<p>El amor saludable y bien constituido debe ser democr\u00e1tico (horizontal fuera y dentro de la cama, rec\u00edproco, solidario y aut\u00f3nomo) y digno (acorde con los derechos humanos, as\u00ed la relaci\u00f3n se desarrolle casi siempre de puertas para adentro).<\/p>\n<p>No hay excusas. Cuando logramos la conjunci\u00f3n de estos dos amores, podemos vivir m\u00e1s plenamente nuestra relaci\u00f3n de pareja y disfrutar las ventajas de tener un amor consciente de sus derechos, alegre, apasionado y libre de miedos. El objetivo primordial de este libro es acompa\u00f1arte en ese camino.<\/p>\n<p>La obra Los l\u00edmites del amor fue publicado en el 2.006.<\/p>\n<p><a href=\"https:\/\/tavapy.gov.py\/biblioteca\/wp-content\/uploads\/2023\/02\/RisoW-Los-limites-del-amor.pdf\" target=\"_blank\" rel=\"attachment noopener wp-att-7024\"><img loading=\"lazy\" decoding=\"async\" class=\"size-full wp-image-7024 alignleft\" src=\"https:\/\/tavapy.gov.py\/biblioteca\/wp-content\/uploads\/2023\/02\/icono-PDF-copia-2-2.png\" alt=\"\" width=\"121\" height=\"140\" \/><\/a><\/p>\n","protected":false},"featured_media":6953,"comment_status":"open","ping_status":"closed","template":"","meta":{"spay_email":""},"product_cat":[625],"product_tag":[],"class_list":{"0":"post-7031","1":"product","2":"type-product","3":"status-publish","4":"has-post-thumbnail","6":"book_author-walter-riso","7":"product_cat-autoayuda-psicologia-relacion-de-pareja","8":"entry"},"_links":{"self":[{"href":"https:\/\/tavapy.gov.py\/biblioteca\/wp-json\/wp\/v2\/product\/7031","targetHints":{"allow":["GET"]}}],"collection":[{"href":"https:\/\/tavapy.gov.py\/biblioteca\/wp-json\/wp\/v2\/product"}],"about":[{"href":"https:\/\/tavapy.gov.py\/biblioteca\/wp-json\/wp\/v2\/types\/product"}],"replies":[{"embeddable":true,"href":"https:\/\/tavapy.gov.py\/biblioteca\/wp-json\/wp\/v2\/comments?post=7031"}],"wp:featuredmedia":[{"embeddable":true,"href":"https:\/\/tavapy.gov.py\/biblioteca\/wp-json\/wp\/v2\/media\/6953"}],"wp:attachment":[{"href":"https:\/\/tavapy.gov.py\/biblioteca\/wp-json\/wp\/v2\/media?parent=7031"}],"wp:term":[{"taxonomy":"product_cat","embeddable":true,"href":"https:\/\/tavapy.gov.py\/biblioteca\/wp-json\/wp\/v2\/product_cat?post=7031"},{"taxonomy":"product_tag","embeddable":true,"href":"https:\/\/tavapy.gov.py\/biblioteca\/wp-json\/wp\/v2\/product_tag?post=7031"}],"curies":[{"name":"wp","href":"https:\/\/api.w.org\/{rel}","templated":true}]}}