{"id":7032,"date":"2023-02-11T22:40:54","date_gmt":"2023-02-11T22:40:54","guid":{"rendered":"https:\/\/tavapy.gov.py\/biblioteca\/?post_type=product&#038;p=7032"},"modified":"2023-02-11T22:41:58","modified_gmt":"2023-02-11T22:41:58","slug":"la-fabrica-de-tiempo-tecnicas-para-optimizar-el-tesoro-mas-preciado-de-la-vida-moderna","status":"publish","type":"product","link":"https:\/\/tavapy.gov.py\/biblioteca\/product\/la-fabrica-de-tiempo-tecnicas-para-optimizar-el-tesoro-mas-preciado-de-la-vida-moderna\/","title":{"rendered":"LA F\u00c1BRICA DE TIEMPO. T\u00c9CNICAS PARA OPTIMIZAR EL TESORO M\u00c1S PRECIADO DE LA VIDA MODERNA."},"content":{"rendered":"","protected":false},"excerpt":{"rendered":"<p>Queremos poder hacer lo que nos gusta, pero nuestras m\u00faltiples obligaciones parecen impedirlo. La revoluci\u00f3n industrial prometi\u00f3 que las m\u00e1quinas traer\u00edan consigo jornadas laborales de menos horas y m\u00e1s tiempo para el ocio. Sin embargo, en plena era digital, seguimos trabajando m\u00e1s de ocho horas por d\u00eda. Entonces, \u00bfc\u00f3mo generar un cambio?<\/p>\n<p>Este libro presenta un abordaje novedoso frente al manejo del tiempo, con las \u00faltimas tendencias a nivel colaborativo, que te orientar\u00e1n para ponerte en movimiento y transformar tu vida. \u00bfC\u00f3mo priorizar tareas y administrar mejor los ciclos de energ\u00eda? \u00bfC\u00f3mo hacer las cosas de todos los d\u00edas de una manera m\u00e1s provechosa? \u00bfCu\u00e1les son los obst\u00e1culos que debemos sortear para emprender eso que siempre relegamos y consideramos esencial? \u00bfC\u00f3mo desarrollar una marca personal? \u00bfC\u00f3mo tejer alianzas con colegas? \u00bfPor qu\u00e9 la paternidad nos vuelve m\u00e1s eficientes?<\/p>\n<p>El libro La f\u00e1brica de tiempo publicado en el 2.017, est\u00e1 pensado tanto para los que trabajan en relaci\u00f3n de dependencia como para los que no. Con t\u00e9cnicas, ejercicios y ejemplos concretos de personalidades tan diversas como Manu Gin\u00f3bili y Charles Darwin, Martina Rua y Pablo Mart\u00edn Fern\u00e1ndez -especialistas en innovaci\u00f3n y productividad- te invitan a buscar un equilibrio entre todos los aspectos de tu existencia por medio de herramientas originales, para que logres adue\u00f1arte de tu tiempo y disfrutar m\u00e1s de lo que te apasiona.<\/p>\n<p><a href=\"https:\/\/tavapy.gov.py\/biblioteca\/wp-content\/uploads\/2023\/02\/RuaM-La-fabrica-de-tiempo.pdf\" target=\"_blank\" rel=\"attachment noopener wp-att-7024\"><img loading=\"lazy\" decoding=\"async\" class=\"size-full wp-image-7024 alignleft\" src=\"https:\/\/tavapy.gov.py\/biblioteca\/wp-content\/uploads\/2023\/02\/icono-PDF-copia-2-2.png\" alt=\"\" width=\"121\" height=\"140\" \/><\/a><\/p>\n","protected":false},"featured_media":6955,"comment_status":"open","ping_status":"closed","template":"","meta":{"spay_email":""},"product_cat":[879],"product_tag":[],"class_list":{"0":"post-7032","1":"product","2":"type-product","3":"status-publish","4":"has-post-thumbnail","6":"book_author-martina-rua","7":"product_cat-autoayuda-gestion-del-tiempo-desarrollo-personal-y-profesional","8":"entry"},"_links":{"self":[{"href":"https:\/\/tavapy.gov.py\/biblioteca\/wp-json\/wp\/v2\/product\/7032","targetHints":{"allow":["GET"]}}],"collection":[{"href":"https:\/\/tavapy.gov.py\/biblioteca\/wp-json\/wp\/v2\/product"}],"about":[{"href":"https:\/\/tavapy.gov.py\/biblioteca\/wp-json\/wp\/v2\/types\/product"}],"replies":[{"embeddable":true,"href":"https:\/\/tavapy.gov.py\/biblioteca\/wp-json\/wp\/v2\/comments?post=7032"}],"wp:featuredmedia":[{"embeddable":true,"href":"https:\/\/tavapy.gov.py\/biblioteca\/wp-json\/wp\/v2\/media\/6955"}],"wp:attachment":[{"href":"https:\/\/tavapy.gov.py\/biblioteca\/wp-json\/wp\/v2\/media?parent=7032"}],"wp:term":[{"taxonomy":"product_cat","embeddable":true,"href":"https:\/\/tavapy.gov.py\/biblioteca\/wp-json\/wp\/v2\/product_cat?post=7032"},{"taxonomy":"product_tag","embeddable":true,"href":"https:\/\/tavapy.gov.py\/biblioteca\/wp-json\/wp\/v2\/product_tag?post=7032"}],"curies":[{"name":"wp","href":"https:\/\/api.w.org\/{rel}","templated":true}]}}