{"id":7033,"date":"2023-02-11T22:50:25","date_gmt":"2023-02-11T22:50:25","guid":{"rendered":"https:\/\/tavapy.gov.py\/biblioteca\/?post_type=product&#038;p=7033"},"modified":"2023-02-11T22:50:26","modified_gmt":"2023-02-11T22:50:26","slug":"el-poder-de-la-disciplina-el-habito-que-cambiara-tu-vida","status":"publish","type":"product","link":"https:\/\/tavapy.gov.py\/biblioteca\/product\/el-poder-de-la-disciplina-el-habito-que-cambiara-tu-vida\/","title":{"rendered":"EL PODER DE LA DISCIPLINA: EL H\u00c1BITO QUE CAMBIAR\u00c1 TU VIDA."},"content":{"rendered":"","protected":false},"excerpt":{"rendered":"<p>Imagina crear un h\u00e1bito que construya una vida ideal y que a la vez sea la matriz de todos los buenos h\u00e1bitos que deseas para ti.<\/p>\n<p>Este libro publicado en el 2.019 y basado en la experiencia del autor, te revela el Superpoder que le dio todo en la vida. El autor explica c\u00f3mo la disciplina se convirti\u00f3 en su\u00fanica arma secreta para conseguir sus metas, explica an\u00e9cdotas y te proporciona una visi\u00f3n que cambiar\u00e1 tu mentalidad y comportamiento.<\/p>\n<p>Un h\u00e1bito tan sencillo, al alcance de todos y f\u00e1cil que resulta sorprendente su poder de cambiar cualquier vida y llevarla al ideal so\u00f1ado.<\/p>\n<p>Esta intensa lectura te inspirar\u00e1 a: Pasar a la acci\u00f3n inmediata; Vivir desde el significado; Desarrollar h\u00e1bitos para ser imparable; Vencer la resistencia interna; Entrar en estado de Flujo; Crear h\u00e1bitos autom\u00e1ticos.<\/p>\n<p>El autor comparte sus ejemplos reales de c\u00f3mo el Superpoder de la disciplina le llev\u00f3 a conseguir en piloto autom\u00e1tico todas sus metas personales y profesionales.<\/p>\n<p>Di basta a la procrastinaci\u00f3n y pasa a la acci\u00f3n.<\/p>\n<p><a href=\"https:\/\/tavapy.gov.py\/biblioteca\/wp-content\/uploads\/2023\/02\/SamsoR-El-poder-de-la-disciplina.pdf\" target=\"_blank\" rel=\"attachment noopener wp-att-7024\"><img loading=\"lazy\" decoding=\"async\" class=\"size-full wp-image-7024 alignleft\" src=\"https:\/\/tavapy.gov.py\/biblioteca\/wp-content\/uploads\/2023\/02\/icono-PDF-copia-2-2.png\" alt=\"\" width=\"121\" height=\"140\" \/><\/a><\/p>\n","protected":false},"featured_media":6958,"comment_status":"open","ping_status":"closed","template":"","meta":{"spay_email":""},"product_cat":[922],"product_tag":[],"class_list":{"0":"post-7033","1":"product","2":"type-product","3":"status-publish","4":"has-post-thumbnail","6":"book_author-raimon-samso","7":"product_cat-autoayuda-crecimiento-personal","8":"entry"},"_links":{"self":[{"href":"https:\/\/tavapy.gov.py\/biblioteca\/wp-json\/wp\/v2\/product\/7033","targetHints":{"allow":["GET"]}}],"collection":[{"href":"https:\/\/tavapy.gov.py\/biblioteca\/wp-json\/wp\/v2\/product"}],"about":[{"href":"https:\/\/tavapy.gov.py\/biblioteca\/wp-json\/wp\/v2\/types\/product"}],"replies":[{"embeddable":true,"href":"https:\/\/tavapy.gov.py\/biblioteca\/wp-json\/wp\/v2\/comments?post=7033"}],"wp:featuredmedia":[{"embeddable":true,"href":"https:\/\/tavapy.gov.py\/biblioteca\/wp-json\/wp\/v2\/media\/6958"}],"wp:attachment":[{"href":"https:\/\/tavapy.gov.py\/biblioteca\/wp-json\/wp\/v2\/media?parent=7033"}],"wp:term":[{"taxonomy":"product_cat","embeddable":true,"href":"https:\/\/tavapy.gov.py\/biblioteca\/wp-json\/wp\/v2\/product_cat?post=7033"},{"taxonomy":"product_tag","embeddable":true,"href":"https:\/\/tavapy.gov.py\/biblioteca\/wp-json\/wp\/v2\/product_tag?post=7033"}],"curies":[{"name":"wp","href":"https:\/\/api.w.org\/{rel}","templated":true}]}}