{"id":7035,"date":"2023-02-12T00:00:05","date_gmt":"2023-02-12T00:00:05","guid":{"rendered":"https:\/\/tavapy.gov.py\/biblioteca\/?post_type=product&#038;p=7035"},"modified":"2023-02-12T00:00:07","modified_gmt":"2023-02-12T00:00:07","slug":"las-gafas-de-la-felicidad-descubre-tu-fortaleza-emocional","status":"publish","type":"product","link":"https:\/\/tavapy.gov.py\/biblioteca\/product\/las-gafas-de-la-felicidad-descubre-tu-fortaleza-emocional\/","title":{"rendered":"LAS GAFAS DE LA FELICIDAD: DESCUBRE TU FORTALEZA EMOCIONAL."},"content":{"rendered":"","protected":false},"excerpt":{"rendered":"<p>Las infalibles soluciones de Rafael Santandreu para superar los complejos y los problemas que dificultan y amargan la vida de tantas personas.<\/p>\n<p>Rafael Santandreu es uno de los psic\u00f3logos m\u00e1s prestigiosos de Espa\u00f1a. Est\u00e1 especializado en ayudar a las personas a desarrollar su fortaleza emocional. A trav\u00e9s de su m\u00e9todo, miles de personas han conseguido perder sus miedos de forma permanente.<\/p>\n<p>\u00abEste libro pretende convertirte en una persona mucho m\u00e1s fuerte y feliz. Aglutina todos los mecanismos que conoce la psicolog\u00eda moderna para transformarnos. Personalmente no soy fan de los libros de autoayuda, excepto de aquellos basados en la evidencia. Aqu\u00ed te ofrezco solo herramientas de comprobada eficacia y te aseguro que el 80% de los pacientes que han seguido mi combinaci\u00f3n terap\u00e9utica han dejado completamente atr\u00e1s la depresi\u00f3n, la ansiedad, las obsesiones y los miedos exagerados\u00bb.<\/p>\n<p>Ahora te toca a ti descubrir las lentes que te ense\u00f1ar\u00e1n a graduar tu coraz\u00f3n y tu mente. \u00a1Ponte las gafas de la felicidad!<\/p>\n<p>El libro Las gafas de la felicidad: descubre tu fortaleza emocional de Rafael Santandreu fue publicado en el 2.014.<\/p>\n<p><a href=\"https:\/\/tavapy.gov.py\/biblioteca\/wp-content\/uploads\/2023\/02\/SantandreuR-Las-gafas-de-la-felicidad.pdf\" target=\"_blank\" rel=\"attachment noopener wp-att-7024\"><img loading=\"lazy\" decoding=\"async\" class=\"size-full wp-image-7024 alignleft\" src=\"https:\/\/tavapy.gov.py\/biblioteca\/wp-content\/uploads\/2023\/02\/icono-PDF-copia-2-2.png\" alt=\"\" width=\"121\" height=\"140\" \/><\/a><\/p>\n","protected":false},"featured_media":6961,"comment_status":"open","ping_status":"closed","template":"","meta":{"spay_email":""},"product_cat":[743],"product_tag":[],"class_list":{"0":"post-7035","1":"product","2":"type-product","3":"status-publish","4":"has-post-thumbnail","6":"book_author-rafael-santandreu","7":"product_cat-autoayuda-psicologia-superacion-personal","8":"entry"},"_links":{"self":[{"href":"https:\/\/tavapy.gov.py\/biblioteca\/wp-json\/wp\/v2\/product\/7035","targetHints":{"allow":["GET"]}}],"collection":[{"href":"https:\/\/tavapy.gov.py\/biblioteca\/wp-json\/wp\/v2\/product"}],"about":[{"href":"https:\/\/tavapy.gov.py\/biblioteca\/wp-json\/wp\/v2\/types\/product"}],"replies":[{"embeddable":true,"href":"https:\/\/tavapy.gov.py\/biblioteca\/wp-json\/wp\/v2\/comments?post=7035"}],"wp:featuredmedia":[{"embeddable":true,"href":"https:\/\/tavapy.gov.py\/biblioteca\/wp-json\/wp\/v2\/media\/6961"}],"wp:attachment":[{"href":"https:\/\/tavapy.gov.py\/biblioteca\/wp-json\/wp\/v2\/media?parent=7035"}],"wp:term":[{"taxonomy":"product_cat","embeddable":true,"href":"https:\/\/tavapy.gov.py\/biblioteca\/wp-json\/wp\/v2\/product_cat?post=7035"},{"taxonomy":"product_tag","embeddable":true,"href":"https:\/\/tavapy.gov.py\/biblioteca\/wp-json\/wp\/v2\/product_tag?post=7035"}],"curies":[{"name":"wp","href":"https:\/\/api.w.org\/{rel}","templated":true}]}}