{"id":7037,"date":"2023-02-12T00:56:00","date_gmt":"2023-02-12T00:56:00","guid":{"rendered":"https:\/\/tavapy.gov.py\/biblioteca\/?post_type=product&#038;p=7037"},"modified":"2023-02-12T00:56:01","modified_gmt":"2023-02-12T00:56:01","slug":"nada-es-tan-terrible-la-filosofia-de-los-mas-fuertes-y-felices","status":"publish","type":"product","link":"https:\/\/tavapy.gov.py\/biblioteca\/product\/nada-es-tan-terrible-la-filosofia-de-los-mas-fuertes-y-felices\/","title":{"rendered":"NADA ES TAN TERRIBLE: LA FILOSOF\u00cdA DE LOS M\u00c1S FUERTES Y FELICES."},"content":{"rendered":"","protected":false},"excerpt":{"rendered":"<p>Nada es tan terrible, el nuevo libro de Rafael Santandreu publicado en el 2.018, es el manual de autoterapia m\u00e1s completo basado en la psicolog\u00eda cognitiva, la escuela terap\u00e9utica m\u00e1s eficaz y cient\u00edfica.<\/p>\n<p>Nada es tan terrible contiene las herramientas de los mejores psic\u00f3logos del mundo para:<\/p>\n<p>&#8211; dejar de preocuparse<\/p>\n<p>&#8211; disfrutar m\u00e1s intensamente de la vida<\/p>\n<p>&#8211; tener \u00abcero\u00bb complejos<\/p>\n<p>&#8211; adquirir carisma<\/p>\n<p>&#8211; desactivar a las personas dif\u00edciles<\/p>\n<p>&#8211; y acabar con todos los miedos<\/p>\n<p>&nbsp;<\/p>\n<p>As\u00ed como unas secciones especiales para aprender a:<\/p>\n<p>&#8211; eliminar los ataques de ansiedad de forma r\u00e1pida y definitiva<\/p>\n<p>&#8211; y detener la ch\u00e1chara mental in\u00fatil con el moderno mindfulness de tercera generaci\u00f3n.<\/p>\n<p><a href=\"https:\/\/tavapy.gov.py\/biblioteca\/wp-content\/uploads\/2023\/02\/Santandreu-R-Nada-es-tan-terrible.-La-filosofia-de-los-mas-fuertes-y-felices.pdf\" target=\"_blank\" rel=\"attachment noopener wp-att-7024\"><img loading=\"lazy\" decoding=\"async\" class=\"size-full wp-image-7024 alignleft\" src=\"https:\/\/tavapy.gov.py\/biblioteca\/wp-content\/uploads\/2023\/02\/icono-PDF-copia-2-2.png\" alt=\"\" width=\"121\" height=\"140\" \/><\/a><\/p>\n","protected":false},"featured_media":6965,"comment_status":"open","ping_status":"closed","template":"","meta":{"spay_email":""},"product_cat":[408],"product_tag":[],"class_list":{"0":"post-7037","1":"product","2":"type-product","3":"status-publish","4":"has-post-thumbnail","6":"book_author-rafael-santandreu","7":"product_cat-autoayuda-psicologia-espiritualidad","8":"entry"},"_links":{"self":[{"href":"https:\/\/tavapy.gov.py\/biblioteca\/wp-json\/wp\/v2\/product\/7037","targetHints":{"allow":["GET"]}}],"collection":[{"href":"https:\/\/tavapy.gov.py\/biblioteca\/wp-json\/wp\/v2\/product"}],"about":[{"href":"https:\/\/tavapy.gov.py\/biblioteca\/wp-json\/wp\/v2\/types\/product"}],"replies":[{"embeddable":true,"href":"https:\/\/tavapy.gov.py\/biblioteca\/wp-json\/wp\/v2\/comments?post=7037"}],"wp:featuredmedia":[{"embeddable":true,"href":"https:\/\/tavapy.gov.py\/biblioteca\/wp-json\/wp\/v2\/media\/6965"}],"wp:attachment":[{"href":"https:\/\/tavapy.gov.py\/biblioteca\/wp-json\/wp\/v2\/media?parent=7037"}],"wp:term":[{"taxonomy":"product_cat","embeddable":true,"href":"https:\/\/tavapy.gov.py\/biblioteca\/wp-json\/wp\/v2\/product_cat?post=7037"},{"taxonomy":"product_tag","embeddable":true,"href":"https:\/\/tavapy.gov.py\/biblioteca\/wp-json\/wp\/v2\/product_tag?post=7037"}],"curies":[{"name":"wp","href":"https:\/\/api.w.org\/{rel}","templated":true}]}}