{"id":7039,"date":"2023-02-12T15:11:41","date_gmt":"2023-02-12T15:11:41","guid":{"rendered":"https:\/\/tavapy.gov.py\/biblioteca\/?post_type=product&#038;p=7039"},"modified":"2023-02-12T15:11:41","modified_gmt":"2023-02-12T15:11:41","slug":"el-despertar-de-la-esencia-claves-para-conectar-con-tu-guia-interior-y-desarrollar-todo-tu-potencial","status":"publish","type":"product","link":"https:\/\/tavapy.gov.py\/biblioteca\/product\/el-despertar-de-la-esencia-claves-para-conectar-con-tu-guia-interior-y-desarrollar-todo-tu-potencial\/","title":{"rendered":"EL DESPERTAR DE LA ESENCIA: CLAVES PARA CONECTAR CON TU GU\u00cdA INTERIOR Y DESARROLLAR TODO TU POTENCIAL."},"content":{"rendered":"","protected":false},"excerpt":{"rendered":"<p>En un mundo cada vez m\u00e1s desarrollado y libre, \u00bfpor qu\u00e9 nos resulta tan dif\u00edcil encontrar nuestro camino y la plenitud a la cual aspiramos? Tal vez sea porque la sociedad nos lleva a seguir patrones preestablecidos. Quiz\u00e1s porque la educaci\u00f3n nos ense\u00f1a a repetir modelos prefijados. O puede que sea porque los medios de comunicaci\u00f3n nos inducen a pensar y actuar de formas ajenas a lo m\u00e1s profundo de nuestro ser. Todo ello hace que perdamos la conexi\u00f3n con nosotros mismos.<\/p>\n<p>Para recuperar dicha conexi\u00f3n y tomar un camino que realmente nos satisfaga, es preciso escuchar y comprender nuestro cuerpo, nuestra mente y, sobre todo, nuestra Esencia, el gu\u00eda interno que continuamente intenta comunicarse con nosotros mediante sus propios canales. Sin embargo, la mayor\u00eda de personas ha dejado de escucharse.<\/p>\n<p>El despertar de la Esencia, obra publicada en el 2.020, es una gu\u00eda profunda, clara y amena que te ayudar\u00e1 a reestablecer esa comunicaci\u00f3n. Su lectura te permitir\u00e1 gestionar tus emociones, desarrollar tu poder mental y acceder al infinito potencial de tu Esencia. Como resultado, te sentir\u00e1s capacitado a la hora de definir tus objetivos, cumplir tus sue\u00f1os y tomar las riendas de tu vida. \u00bfTe atreves?<\/p>\n<p><a href=\"https:\/\/tavapy.gov.py\/biblioteca\/wp-content\/uploads\/2023\/02\/SerraU-El-despertar-de-la-esencia.pdf\" target=\"_blank\" rel=\"attachment noopener wp-att-7024\"><img loading=\"lazy\" decoding=\"async\" class=\"size-full wp-image-7024 alignleft\" src=\"https:\/\/tavapy.gov.py\/biblioteca\/wp-content\/uploads\/2023\/02\/icono-PDF-copia-2-2.png\" alt=\"\" width=\"121\" height=\"140\" \/><\/a><\/p>\n","protected":false},"featured_media":6970,"comment_status":"open","ping_status":"closed","template":"","meta":{"spay_email":""},"product_cat":[922],"product_tag":[],"class_list":{"0":"post-7039","1":"product","2":"type-product","3":"status-publish","4":"has-post-thumbnail","6":"book_author-ubay-serra","7":"product_cat-autoayuda-crecimiento-personal","8":"entry"},"_links":{"self":[{"href":"https:\/\/tavapy.gov.py\/biblioteca\/wp-json\/wp\/v2\/product\/7039","targetHints":{"allow":["GET"]}}],"collection":[{"href":"https:\/\/tavapy.gov.py\/biblioteca\/wp-json\/wp\/v2\/product"}],"about":[{"href":"https:\/\/tavapy.gov.py\/biblioteca\/wp-json\/wp\/v2\/types\/product"}],"replies":[{"embeddable":true,"href":"https:\/\/tavapy.gov.py\/biblioteca\/wp-json\/wp\/v2\/comments?post=7039"}],"wp:featuredmedia":[{"embeddable":true,"href":"https:\/\/tavapy.gov.py\/biblioteca\/wp-json\/wp\/v2\/media\/6970"}],"wp:attachment":[{"href":"https:\/\/tavapy.gov.py\/biblioteca\/wp-json\/wp\/v2\/media?parent=7039"}],"wp:term":[{"taxonomy":"product_cat","embeddable":true,"href":"https:\/\/tavapy.gov.py\/biblioteca\/wp-json\/wp\/v2\/product_cat?post=7039"},{"taxonomy":"product_tag","embeddable":true,"href":"https:\/\/tavapy.gov.py\/biblioteca\/wp-json\/wp\/v2\/product_tag?post=7039"}],"curies":[{"name":"wp","href":"https:\/\/api.w.org\/{rel}","templated":true}]}}