{"id":7040,"date":"2023-02-12T15:19:05","date_gmt":"2023-02-12T15:19:05","guid":{"rendered":"https:\/\/tavapy.gov.py\/biblioteca\/?post_type=product&#038;p=7040"},"modified":"2023-02-12T15:19:06","modified_gmt":"2023-02-12T15:19:06","slug":"gestiona-tu-tiempo-disfruta-de-la-vida-vive-sin-estres-haciendo-mas-cosas","status":"publish","type":"product","link":"https:\/\/tavapy.gov.py\/biblioteca\/product\/gestiona-tu-tiempo-disfruta-de-la-vida-vive-sin-estres-haciendo-mas-cosas\/","title":{"rendered":"GESTIONA TU TIEMPO, DISFRUTA DE LA VIDA: VIVE SIN ESTR\u00c9S HACIENDO M\u00c1S COSAS."},"content":{"rendered":"","protected":false},"excerpt":{"rendered":"<p>\u00bfSospechas que no est\u00e1s exprimiendo la vida a tope? \u00bfHas pensado alguna vez que es el d\u00eda a d\u00eda el que te controla a ti y no al rev\u00e9s? \u00bfSab\u00edas que la mala gesti\u00f3n del tiempo, y por tanto de la vida, influye negativamente sobre la autoestima y la calidad de vida? Si te gustar\u00eda ser mucho m\u00e1s productivo en tu trabajo, olvidar para siempre la falta de control, sorprender a los dem\u00e1s, encontrar m\u00e1s tiempo para ti y para los tuyos, entonces este es tu libro.<\/p>\n<p>En \u00abGestiona tu tiempo, disfruta de la vida\u00bb, obra publicada en el 2.015, encontrar\u00e1s un manual en el que se explican, de forma sencilla, t\u00e9cnicas tanto b\u00e1sicas como avanzadas de gesti\u00f3n del tiempo, que podr\u00e1s incorporar a tu vida sin gastarte un solo centavo. La obsesi\u00f3n del escritor ha sido poner la gesti\u00f3n del tiempo al alcance de todos. Independientemente de cu\u00e1l sea tu edad, profesi\u00f3n y circunstancias, entender\u00e1s dichas t\u00e9cnicas las podr\u00e1s implementar en tu d\u00eda a d\u00eda con naturalidad y facilidad.<\/p>\n<p>Desde el equipo de Redefine Imposible estamos seguros de que este libro marcar\u00e1 un antes y un despu\u00e9s en tu vida. Recuerda la filosof\u00eda \u00abRedefine Imposible\u00bb: \u00e1rmate de herramientas para poder cumplir tus sue\u00f1os y disfrutar a tope de la vida.<\/p>\n<p><a href=\"https:\/\/tavapy.gov.py\/biblioteca\/wp-content\/uploads\/2023\/02\/SiposJ-Gestiona-tu-tiempo-disfruta-de-la-vida.pdf\" target=\"_blank\" rel=\"attachment noopener wp-att-7024\"><img loading=\"lazy\" decoding=\"async\" class=\"size-full wp-image-7024 alignleft\" src=\"https:\/\/tavapy.gov.py\/biblioteca\/wp-content\/uploads\/2023\/02\/icono-PDF-copia-2-2.png\" alt=\"\" width=\"121\" height=\"140\" \/><\/a><\/p>\n","protected":false},"featured_media":6973,"comment_status":"open","ping_status":"closed","template":"","meta":{"spay_email":""},"product_cat":[630],"product_tag":[],"class_list":{"0":"post-7040","1":"product","2":"type-product","3":"status-publish","4":"has-post-thumbnail","6":"book_author-jonathan-benito-sipos","7":"product_cat-autoayuda-neurociencia-psicologia","8":"entry"},"_links":{"self":[{"href":"https:\/\/tavapy.gov.py\/biblioteca\/wp-json\/wp\/v2\/product\/7040","targetHints":{"allow":["GET"]}}],"collection":[{"href":"https:\/\/tavapy.gov.py\/biblioteca\/wp-json\/wp\/v2\/product"}],"about":[{"href":"https:\/\/tavapy.gov.py\/biblioteca\/wp-json\/wp\/v2\/types\/product"}],"replies":[{"embeddable":true,"href":"https:\/\/tavapy.gov.py\/biblioteca\/wp-json\/wp\/v2\/comments?post=7040"}],"wp:featuredmedia":[{"embeddable":true,"href":"https:\/\/tavapy.gov.py\/biblioteca\/wp-json\/wp\/v2\/media\/6973"}],"wp:attachment":[{"href":"https:\/\/tavapy.gov.py\/biblioteca\/wp-json\/wp\/v2\/media?parent=7040"}],"wp:term":[{"taxonomy":"product_cat","embeddable":true,"href":"https:\/\/tavapy.gov.py\/biblioteca\/wp-json\/wp\/v2\/product_cat?post=7040"},{"taxonomy":"product_tag","embeddable":true,"href":"https:\/\/tavapy.gov.py\/biblioteca\/wp-json\/wp\/v2\/product_tag?post=7040"}],"curies":[{"name":"wp","href":"https:\/\/api.w.org\/{rel}","templated":true}]}}