{"id":7041,"date":"2023-02-12T15:27:01","date_gmt":"2023-02-12T15:27:01","guid":{"rendered":"https:\/\/tavapy.gov.py\/biblioteca\/?post_type=product&#038;p=7041"},"modified":"2023-02-12T15:27:02","modified_gmt":"2023-02-12T15:27:02","slug":"no-te-lo-mereces-un-testimonio","status":"publish","type":"product","link":"https:\/\/tavapy.gov.py\/biblioteca\/product\/no-te-lo-mereces-un-testimonio\/","title":{"rendered":"NO TE LO MERECES: UN TESTIMONIO."},"content":{"rendered":"","protected":false},"excerpt":{"rendered":"<p>La reconocida actriz chilena cuenta detalles de una relaci\u00f3n abusiva que vivi\u00f3 en su adolescencia.<\/p>\n<p>A los quince a\u00f1os, Bel\u00e9n Soto qued\u00f3 deslumbrada por un hombre que la doblaba en edad y que trabajaba en el rubro televisivo. R\u00e1pidamente comenzaron una relaci\u00f3n amorosa que deb\u00eda mantenerse en secreto y ce\u00f1irse a un mont\u00f3n de normas.<\/p>\n<p>Entre ellas: \u00abdesde ahora no puedes compartir con ning\u00fan grupo de amigos en el que haya hombres\u00bb, \u00abno puedes usar ropa provocativa\u00bb, \u00abno puedes aceptar ofertas de trabajo sin que pasen por m\u00ed\u00bb, \u00abno puedes hablar de esta relaci\u00f3n con absolutamente nadie\u00bb.<\/p>\n<p>Fue un tiempo macabro. Bel\u00e9n estaba \u00abenamorada\u00bb y, a la vez, deprimida. Siendo apenas una adolescente, comenz\u00f3 a sentir inseguridad por su cuerpo, engord\u00f3, hizo dietas inhumanas, se someti\u00f3 a una cirug\u00eda, perdi\u00f3 amistades y su amor propio, \u00abentre muchas\u00bb otras cosas.<\/p>\n<p>La obra No te lo mereces: un testimonio de Bel\u00e9n soto fue publicada en el 2.019.<\/p>\n<p><a href=\"https:\/\/tavapy.gov.py\/biblioteca\/wp-content\/uploads\/2023\/02\/SotoB-No-te-lo-mereces.pdf\" target=\"_blank\" rel=\"attachment noopener wp-att-7024\"><img loading=\"lazy\" decoding=\"async\" class=\"size-full wp-image-7024 alignleft\" src=\"https:\/\/tavapy.gov.py\/biblioteca\/wp-content\/uploads\/2023\/02\/icono-PDF-copia-2-2.png\" alt=\"\" width=\"121\" height=\"140\" \/><\/a><\/p>\n","protected":false},"featured_media":6976,"comment_status":"open","ping_status":"closed","template":"","meta":{"spay_email":""},"product_cat":[939],"product_tag":[],"class_list":{"0":"post-7041","1":"product","2":"type-product","3":"status-publish","4":"has-post-thumbnail","6":"book_author-belen-soto","7":"product_cat-biografia","8":"entry"},"_links":{"self":[{"href":"https:\/\/tavapy.gov.py\/biblioteca\/wp-json\/wp\/v2\/product\/7041","targetHints":{"allow":["GET"]}}],"collection":[{"href":"https:\/\/tavapy.gov.py\/biblioteca\/wp-json\/wp\/v2\/product"}],"about":[{"href":"https:\/\/tavapy.gov.py\/biblioteca\/wp-json\/wp\/v2\/types\/product"}],"replies":[{"embeddable":true,"href":"https:\/\/tavapy.gov.py\/biblioteca\/wp-json\/wp\/v2\/comments?post=7041"}],"wp:featuredmedia":[{"embeddable":true,"href":"https:\/\/tavapy.gov.py\/biblioteca\/wp-json\/wp\/v2\/media\/6976"}],"wp:attachment":[{"href":"https:\/\/tavapy.gov.py\/biblioteca\/wp-json\/wp\/v2\/media?parent=7041"}],"wp:term":[{"taxonomy":"product_cat","embeddable":true,"href":"https:\/\/tavapy.gov.py\/biblioteca\/wp-json\/wp\/v2\/product_cat?post=7041"},{"taxonomy":"product_tag","embeddable":true,"href":"https:\/\/tavapy.gov.py\/biblioteca\/wp-json\/wp\/v2\/product_tag?post=7041"}],"curies":[{"name":"wp","href":"https:\/\/api.w.org\/{rel}","templated":true}]}}