{"id":7042,"date":"2023-02-12T15:33:11","date_gmt":"2023-02-12T15:33:11","guid":{"rendered":"https:\/\/tavapy.gov.py\/biblioteca\/?post_type=product&#038;p=7042"},"modified":"2023-02-12T16:06:28","modified_gmt":"2023-02-12T16:06:28","slug":"domina-tu-tiempo-en-10-minutos-al-dia","status":"publish","type":"product","link":"https:\/\/tavapy.gov.py\/biblioteca\/product\/domina-tu-tiempo-en-10-minutos-al-dia\/","title":{"rendered":"DOMINA TU TIEMPO EN 10 MINUTOS AL D\u00cdA."},"content":{"rendered":"","protected":false},"excerpt":{"rendered":"<p>\u00a1Sus sue\u00f1os pueden coexistir con su vida!<\/p>\n<p>Trabajos. Ni\u00f1os. Tareas. Cuentas. La vida tiene una extra\u00f1a habilidad para interponerse en el camino de nuestros sue\u00f1os. Esto no tiene por qu\u00e9 ser as\u00ed. En lo que es probablemente el mejor libro de gesti\u00f3n del tiempo disponible: en \u00abDomina tu tiempo en 10 minutos al d\u00eda\u00bb, obra publicada en el 2.015, el autor Michal Stawicki comparte sus t\u00e9cnicas para la productividad extrema. Como un ocupado trabajador y padre de tres ni\u00f1os, esposo y hombre de fe, Michal se las arregla para seguir sus sue\u00f1os, y t\u00fa tambi\u00e9n puedes.<\/p>\n<p>\u00bfC\u00f3mo puede ayudarme el mejor libro de gesti\u00f3n del tiempo?<\/p>\n<p>Usando los consejos de gesti\u00f3n del tiempo que se explican en \u00abDomine su tiempo en 10 minutos al d\u00eda\u00bb, Michal ha conseguido escribir m\u00e1s de 150 mil palabras y publicar 5 libros en 2013, sin dejar de tener tiempo para su familia, su profesi\u00f3n y su vida. \u00c9l escribi\u00f3 el mejor libro de la gesti\u00f3n del tiempo para demostrar que cualquier persona tiene el tiempo para tener \u00e9xito en sus pasiones, cuando tiene las herramientas adecuadas.<\/p>\n<p>Escrito para la persona que \u00abno tiene tiempo para leer\u00bb.<\/p>\n<p>Cada una de las t\u00e9cnicas compartidas aqu\u00ed est\u00e1 dise\u00f1ada para ser espec\u00edfica; acciones concretas y f\u00e1ciles de aplicar, incluso para la persona m\u00e1s ocupada. \u00a1Estamos seguros de que su productividad se disparar\u00e1! Este es el mejor libro de la gesti\u00f3n del tiempo para la gente ocupada. Es gu\u00eda lo mismo de la filosof\u00eda, la teor\u00eda y la pr\u00e1ctica y est\u00e1 dise\u00f1ado para ser le\u00eddo de manera concisa y r\u00e1pida.<\/p>\n<p>Comienza el desarrollo de nuevos h\u00e1bitos de hoy y al\u00edneate con su verdadero prop\u00f3sito<\/p>\n<p>Si est\u00e1s luchando para encontrar el equilibrio entre la vida laboral y la personal o batallas por encontrar el tiempo para perseguir sus sue\u00f1os, el mejor libro de gesti\u00f3n del tiempo te puede ayudar a obtener de forma r\u00e1pida el camino correcto. Una advertencia: despu\u00e9s de leer este libro, puedes encontrarte con que \u00a1ya no hay excusas para justificar por qu\u00e9 \u00abno se puede\u00bb escribir esa novela, fundar esa organizaci\u00f3n sin fines de lucro, o iniciar ese negocio!<\/p>\n<p>\u00bfCu\u00e1les son los fundamentos que necesita para hacer el cambio?<\/p>\n<p>Concisi\u00f3n; Precisi\u00f3n; Claridad; Pertinencia.<\/p>\n<p>Deje Michal ayudarle a invertir en su futuro y hacer sus sue\u00f1os una realidad. \u00a1Vaya a la parte superior y domine su tiempo en 10 minutos al d\u00eda desde ahora mismo!<\/p>\n<p><a href=\"https:\/\/tavapy.gov.py\/biblioteca\/wp-content\/uploads\/2023\/02\/StacwikiM-Domina-tu-tiempo.pdf\" target=\"_blank\" rel=\"attachment noopener wp-att-7024\"><img loading=\"lazy\" decoding=\"async\" class=\"size-full wp-image-7024 alignleft\" src=\"https:\/\/tavapy.gov.py\/biblioteca\/wp-content\/uploads\/2023\/02\/icono-PDF-copia-2-2.png\" alt=\"\" width=\"121\" height=\"140\" \/><\/a><\/p>\n","protected":false},"featured_media":6979,"comment_status":"open","ping_status":"closed","template":"","meta":{"spay_email":""},"product_cat":[879],"product_tag":[],"class_list":{"0":"post-7042","1":"product","2":"type-product","3":"status-publish","4":"has-post-thumbnail","6":"book_author-michal-stawicki","7":"product_cat-autoayuda-gestion-del-tiempo-desarrollo-personal-y-profesional","8":"entry"},"_links":{"self":[{"href":"https:\/\/tavapy.gov.py\/biblioteca\/wp-json\/wp\/v2\/product\/7042","targetHints":{"allow":["GET"]}}],"collection":[{"href":"https:\/\/tavapy.gov.py\/biblioteca\/wp-json\/wp\/v2\/product"}],"about":[{"href":"https:\/\/tavapy.gov.py\/biblioteca\/wp-json\/wp\/v2\/types\/product"}],"replies":[{"embeddable":true,"href":"https:\/\/tavapy.gov.py\/biblioteca\/wp-json\/wp\/v2\/comments?post=7042"}],"wp:featuredmedia":[{"embeddable":true,"href":"https:\/\/tavapy.gov.py\/biblioteca\/wp-json\/wp\/v2\/media\/6979"}],"wp:attachment":[{"href":"https:\/\/tavapy.gov.py\/biblioteca\/wp-json\/wp\/v2\/media?parent=7042"}],"wp:term":[{"taxonomy":"product_cat","embeddable":true,"href":"https:\/\/tavapy.gov.py\/biblioteca\/wp-json\/wp\/v2\/product_cat?post=7042"},{"taxonomy":"product_tag","embeddable":true,"href":"https:\/\/tavapy.gov.py\/biblioteca\/wp-json\/wp\/v2\/product_tag?post=7042"}],"curies":[{"name":"wp","href":"https:\/\/api.w.org\/{rel}","templated":true}]}}