{"id":7044,"date":"2023-02-12T16:12:41","date_gmt":"2023-02-12T16:12:41","guid":{"rendered":"https:\/\/tavapy.gov.py\/biblioteca\/?post_type=product&#038;p=7044"},"modified":"2023-02-12T16:12:42","modified_gmt":"2023-02-12T16:12:42","slug":"emociones-toxicas-como-sanar-el-dano-emocional-y-ser-libres-para-tener-paz-interior","status":"publish","type":"product","link":"https:\/\/tavapy.gov.py\/biblioteca\/product\/emociones-toxicas-como-sanar-el-dano-emocional-y-ser-libres-para-tener-paz-interior\/","title":{"rendered":"EMOCIONES T\u00d3XICAS. C\u00d3MO SANAR EL DA\u00d1O EMOCIONAL Y SER LIBRES PARA TENER PAZ INTERIOR."},"content":{"rendered":"","protected":false},"excerpt":{"rendered":"<p>Como sanar el da\u00f1o emocional y ser libres para tener paz interior.<\/p>\n<p>La ansiedad, la angustia, la insatisfacci\u00f3n cr\u00f3nica, el apego, la envidia, el miedo, la culpa, el rechazo, los celos&#8230; son algunas de las \u00abemociones t\u00f3xicas\u00bb que Stamateas nos ayudar\u00e1 a identificar y gestionar para alcanzar la paz interior.<\/p>\n<p>\u00abNuestras emociones est\u00e1n all\u00ed para ser sentidas, pero no para dominar nuestra vida, porque, de hacerlo, se volver\u00e1n t\u00f3xicas.<\/p>\n<p>Sanar nuestras emociones implica prepararnos para liberarnos de las emociones negativas y t\u00f3xicas que, en definitiva, no nos ayudan a encontrar una soluci\u00f3n.<\/p>\n<p>La propuesta de este libro es otorgarle a cada emoci\u00f3n el verdadero significado que tiene. Las emociones no pueden ser controladas desde fuera sino que deben serlo desde dentro de nuestra vida. Vivir significa conocerse, y ese conocimiento es el que nos permite relacionarnos con el otro y con nosotros mismos.<\/p>\n<p>Emociones t\u00f3xicas, obra publicada en el 2.009, te ayudar\u00e1 a descubrir herramientas para salir de la frustraci\u00f3n, el enfado, el apego, la culpa, el rechazo, y alcanzar\u00e1s, as\u00ed, la paz interior que anhelas\u00bb.<\/p>\n<p><a href=\"https:\/\/tavapy.gov.py\/biblioteca\/wp-content\/uploads\/2023\/02\/StamateasB-Emociones-toxicas.pdf\" target=\"_blank\" rel=\"attachment noopener wp-att-7024\"><img loading=\"lazy\" decoding=\"async\" class=\"size-full wp-image-7024 alignleft\" src=\"https:\/\/tavapy.gov.py\/biblioteca\/wp-content\/uploads\/2023\/02\/icono-PDF-copia-2-2.png\" alt=\"\" width=\"121\" height=\"140\" \/><\/a><\/p>\n","protected":false},"featured_media":6981,"comment_status":"open","ping_status":"closed","template":"","meta":{"spay_email":""},"product_cat":[743],"product_tag":[],"class_list":{"0":"post-7044","1":"product","2":"type-product","3":"status-publish","4":"has-post-thumbnail","6":"book_author-bernardo-stamateas","7":"product_cat-autoayuda-psicologia-superacion-personal","8":"entry"},"_links":{"self":[{"href":"https:\/\/tavapy.gov.py\/biblioteca\/wp-json\/wp\/v2\/product\/7044","targetHints":{"allow":["GET"]}}],"collection":[{"href":"https:\/\/tavapy.gov.py\/biblioteca\/wp-json\/wp\/v2\/product"}],"about":[{"href":"https:\/\/tavapy.gov.py\/biblioteca\/wp-json\/wp\/v2\/types\/product"}],"replies":[{"embeddable":true,"href":"https:\/\/tavapy.gov.py\/biblioteca\/wp-json\/wp\/v2\/comments?post=7044"}],"wp:featuredmedia":[{"embeddable":true,"href":"https:\/\/tavapy.gov.py\/biblioteca\/wp-json\/wp\/v2\/media\/6981"}],"wp:attachment":[{"href":"https:\/\/tavapy.gov.py\/biblioteca\/wp-json\/wp\/v2\/media?parent=7044"}],"wp:term":[{"taxonomy":"product_cat","embeddable":true,"href":"https:\/\/tavapy.gov.py\/biblioteca\/wp-json\/wp\/v2\/product_cat?post=7044"},{"taxonomy":"product_tag","embeddable":true,"href":"https:\/\/tavapy.gov.py\/biblioteca\/wp-json\/wp\/v2\/product_tag?post=7044"}],"curies":[{"name":"wp","href":"https:\/\/api.w.org\/{rel}","templated":true}]}}