{"id":7046,"date":"2023-02-12T16:23:12","date_gmt":"2023-02-12T16:23:12","guid":{"rendered":"https:\/\/tavapy.gov.py\/biblioteca\/?post_type=product&#038;p=7046"},"modified":"2023-02-12T16:23:12","modified_gmt":"2023-02-12T16:23:12","slug":"heridas-emocionales","status":"publish","type":"product","link":"https:\/\/tavapy.gov.py\/biblioteca\/product\/heridas-emocionales\/","title":{"rendered":"HERIDAS EMOCIONALES."},"content":{"rendered":"","protected":false},"excerpt":{"rendered":"<p>Bernardo Stamateas nos ense\u00f1a a sanar el pasado para un ma\u00f1ana mejor.<\/p>\n<p>Todos tenemos un pasado, y en ese pasado muchas veces hemos vivido momentos tristes, experiencias dolorosas, hechos traum\u00e1ticos, maltrato verbal&#8230;<\/p>\n<p>No podemos cambiar el pasado pero podemos transformarlo en una experiencia valiosa para nuestro presente. En este libro quiero compartir contigo un viaje para ir juntos al pasado y, mediante ejercicios pr\u00e1cticos y tareas sencillas, sanar tu pasado.<\/p>\n<p>Heridas emocionales, obra publicada en el 2.012, te ayudar\u00e1 a transitar el camino para:<\/p>\n<p>Transformar los recuerdos dolorosos en un don para ayudar a otros, el recuerdo de las cr\u00edticas en afirmaci\u00f3n interior, los recuerdos traum\u00e1ticos en experiencias de libertad, los recuerdos tristes en oportunidades de crecimiento, los celos en autoestima, los recuerdos de la infancia en un futuro de \u00e9xito, los errores y fracasos en una situaci\u00f3n de aprendizaje y el recuerdo del peor d\u00eda de mi vida en tu mejor momento.<\/p>\n<p>Nos puede lastimar lo que nos pas\u00f3 y nos puede doler lo que no nos pas\u00f3. Uno es el dolor del pasado por lo que no vivimos y el otro es el dolor del futuro por lo que no alcanzamos.<\/p>\n<p><a href=\"https:\/\/tavapy.gov.py\/biblioteca\/wp-content\/uploads\/2023\/02\/StamateasB-Heridas-emocionales.pdf\" target=\"_blank\" rel=\"attachment noopener wp-att-7024\"><img loading=\"lazy\" decoding=\"async\" class=\"size-full wp-image-7024 alignleft\" src=\"https:\/\/tavapy.gov.py\/biblioteca\/wp-content\/uploads\/2023\/02\/icono-PDF-copia-2-2.png\" alt=\"\" width=\"121\" height=\"140\" \/><\/a><\/p>\n","protected":false},"featured_media":6986,"comment_status":"open","ping_status":"closed","template":"","meta":{"spay_email":""},"product_cat":[743],"product_tag":[],"class_list":{"0":"post-7046","1":"product","2":"type-product","3":"status-publish","4":"has-post-thumbnail","6":"book_author-bernardo-stamateas","7":"product_cat-autoayuda-psicologia-superacion-personal","8":"entry"},"_links":{"self":[{"href":"https:\/\/tavapy.gov.py\/biblioteca\/wp-json\/wp\/v2\/product\/7046","targetHints":{"allow":["GET"]}}],"collection":[{"href":"https:\/\/tavapy.gov.py\/biblioteca\/wp-json\/wp\/v2\/product"}],"about":[{"href":"https:\/\/tavapy.gov.py\/biblioteca\/wp-json\/wp\/v2\/types\/product"}],"replies":[{"embeddable":true,"href":"https:\/\/tavapy.gov.py\/biblioteca\/wp-json\/wp\/v2\/comments?post=7046"}],"wp:featuredmedia":[{"embeddable":true,"href":"https:\/\/tavapy.gov.py\/biblioteca\/wp-json\/wp\/v2\/media\/6986"}],"wp:attachment":[{"href":"https:\/\/tavapy.gov.py\/biblioteca\/wp-json\/wp\/v2\/media?parent=7046"}],"wp:term":[{"taxonomy":"product_cat","embeddable":true,"href":"https:\/\/tavapy.gov.py\/biblioteca\/wp-json\/wp\/v2\/product_cat?post=7046"},{"taxonomy":"product_tag","embeddable":true,"href":"https:\/\/tavapy.gov.py\/biblioteca\/wp-json\/wp\/v2\/product_tag?post=7046"}],"curies":[{"name":"wp","href":"https:\/\/api.w.org\/{rel}","templated":true}]}}