{"id":7047,"date":"2023-02-12T16:27:04","date_gmt":"2023-02-12T16:27:04","guid":{"rendered":"https:\/\/tavapy.gov.py\/biblioteca\/?post_type=product&#038;p=7047"},"modified":"2023-02-12T16:27:05","modified_gmt":"2023-02-12T16:27:05","slug":"mas-gente-toxica-como-son-los-que-te-quieren-mal-para-sentirse-bien","status":"publish","type":"product","link":"https:\/\/tavapy.gov.py\/biblioteca\/product\/mas-gente-toxica-como-son-los-que-te-quieren-mal-para-sentirse-bien\/","title":{"rendered":"M\u00c1S GENTE T\u00d3XICA: C\u00d3MO SON LOS QUE TE QUIEREN MAL PARA SENTIRSE BIEN."},"content":{"rendered":"","protected":false},"excerpt":{"rendered":"<p>En M\u00e1s gente t\u00f3xica, obra publicada en el 2.014, Stamateas nos presenta a una serie de personalidades t\u00f3xicas con las que convivimos a diario. Conocer sus caracter\u00edsticas nos ayudar\u00e1 a saber c\u00f3mo administrar nuestras emociones cuando nos enfrentamos a ellos y evitar sufrimientos innecesarios.<\/p>\n<p>Bernardo Stamateas nos brinda una nueva oportunidad de reconocer los prototipos t\u00f3xicos que nos rodean, al tiempo que nos desvela las claves de su personalidad a fin de reconocerlos y librarnos de ellos.<\/p>\n<p>Ser t\u00f3xico es una forma de vivir, de pensar y de actuar. Es una forma de funcionar. Todos tenemos rasgos t\u00f3xicos en cierto grado, pero la diferencia con la gente t\u00f3xica est\u00e1 en que no los reconoce, culpa a los dem\u00e1s y les roba su energ\u00eda.<\/p>\n<p><a href=\"https:\/\/tavapy.gov.py\/biblioteca\/product\/emociones-toxicas-como-sanar-el-dano-emocional-y-ser-libres-para-tener-paz-interior\/\" target=\"_blank\" rel=\"attachment noopener wp-att-7024\"><img loading=\"lazy\" decoding=\"async\" class=\"size-full wp-image-7024 alignleft\" src=\"https:\/\/tavapy.gov.py\/biblioteca\/wp-content\/uploads\/2023\/02\/icono-PDF-copia-2-2.png\" alt=\"\" width=\"121\" height=\"140\" \/><\/a><\/p>\n","protected":false},"featured_media":6988,"comment_status":"open","ping_status":"closed","template":"","meta":{"spay_email":""},"product_cat":[743],"product_tag":[],"class_list":{"0":"post-7047","1":"product","2":"type-product","3":"status-publish","4":"has-post-thumbnail","6":"book_author-bernardo-stamateas","7":"product_cat-autoayuda-psicologia-superacion-personal","8":"entry"},"_links":{"self":[{"href":"https:\/\/tavapy.gov.py\/biblioteca\/wp-json\/wp\/v2\/product\/7047","targetHints":{"allow":["GET"]}}],"collection":[{"href":"https:\/\/tavapy.gov.py\/biblioteca\/wp-json\/wp\/v2\/product"}],"about":[{"href":"https:\/\/tavapy.gov.py\/biblioteca\/wp-json\/wp\/v2\/types\/product"}],"replies":[{"embeddable":true,"href":"https:\/\/tavapy.gov.py\/biblioteca\/wp-json\/wp\/v2\/comments?post=7047"}],"wp:featuredmedia":[{"embeddable":true,"href":"https:\/\/tavapy.gov.py\/biblioteca\/wp-json\/wp\/v2\/media\/6988"}],"wp:attachment":[{"href":"https:\/\/tavapy.gov.py\/biblioteca\/wp-json\/wp\/v2\/media?parent=7047"}],"wp:term":[{"taxonomy":"product_cat","embeddable":true,"href":"https:\/\/tavapy.gov.py\/biblioteca\/wp-json\/wp\/v2\/product_cat?post=7047"},{"taxonomy":"product_tag","embeddable":true,"href":"https:\/\/tavapy.gov.py\/biblioteca\/wp-json\/wp\/v2\/product_tag?post=7047"}],"curies":[{"name":"wp","href":"https:\/\/api.w.org\/{rel}","templated":true}]}}