{"id":7048,"date":"2023-02-12T16:33:50","date_gmt":"2023-02-12T16:33:50","guid":{"rendered":"https:\/\/tavapy.gov.py\/biblioteca\/?post_type=product&#038;p=7048"},"modified":"2023-02-12T16:33:50","modified_gmt":"2023-02-12T16:33:50","slug":"fracasa-mejor-mas-casos-de-fracasos-y-fracasados-que-cambiaron-el-mundo","status":"publish","type":"product","link":"https:\/\/tavapy.gov.py\/biblioteca\/product\/fracasa-mejor-mas-casos-de-fracasos-y-fracasados-que-cambiaron-el-mundo\/","title":{"rendered":"FRACASA MEJOR: M\u00c1S CASOS DE FRACASOS Y FRACASADOS QUE CAMBIARON EL MUNDO."},"content":{"rendered":"","protected":false},"excerpt":{"rendered":"<p>El fracaso no es algo alejado de conceptos como la creatividad, y la innovaci\u00f3n. Al contrario, es uno de los pasos necesarios para tener \u00e9xito.<\/p>\n<p>Despu\u00e9s de Historias de fracasos y fracasados que cambiaron el mundo, Demian Sterman recorre en este segundo libro publicado en el 2.018, la historia de los avances de la humanidad para encontrar, en los cajones m\u00e1s cerrados, fracasos necesarios, involuntarios y hasta buscados, que formaron parte de nuestra evoluci\u00f3n.<\/p>\n<p>\u00bfC\u00f3mo nacieron monstruos del \u00e9xito como McDonald \u0301s, Instagram o YouTube, qu\u00e9 es la obsolescencia programada y qu\u00e9 pas\u00f3 con el peor juego de consolas de la historia? Estos son algunos de los interrogantes que el autor responde con ejemplos saturados de rarezas, curiosidades y, claro, fracasos.<\/p>\n<p>El libro propone adem\u00e1s un an\u00e1lisis sobre el modo de afrontar los proyectos personales, qu\u00e9 hay que tener en cuenta en el nuevo mundo de los negocios y el neuromarketing y qu\u00e9 significa hoy fracasar o, m\u00e1s bien, fracasar mejor.<\/p>\n<p><a href=\"https:\/\/tavapy.gov.py\/biblioteca\/wp-content\/uploads\/2023\/02\/StermanD-Fracasa-mejor.-Mas-casos-de-fracasos-y-fracasados-que-cambiaron-el-mundo.pdf\" target=\"_blank\" rel=\"attachment noopener wp-att-7024\"><img loading=\"lazy\" decoding=\"async\" class=\"size-full wp-image-7024 alignleft\" src=\"https:\/\/tavapy.gov.py\/biblioteca\/wp-content\/uploads\/2023\/02\/icono-PDF-copia-2-2.png\" alt=\"\" width=\"121\" height=\"140\" \/><\/a><\/p>\n","protected":false},"featured_media":6990,"comment_status":"open","ping_status":"closed","template":"","meta":{"spay_email":""},"product_cat":[922],"product_tag":[],"class_list":{"0":"post-7048","1":"product","2":"type-product","3":"status-publish","4":"has-post-thumbnail","6":"book_author-demian-sterman","7":"product_cat-autoayuda-crecimiento-personal","8":"entry"},"_links":{"self":[{"href":"https:\/\/tavapy.gov.py\/biblioteca\/wp-json\/wp\/v2\/product\/7048","targetHints":{"allow":["GET"]}}],"collection":[{"href":"https:\/\/tavapy.gov.py\/biblioteca\/wp-json\/wp\/v2\/product"}],"about":[{"href":"https:\/\/tavapy.gov.py\/biblioteca\/wp-json\/wp\/v2\/types\/product"}],"replies":[{"embeddable":true,"href":"https:\/\/tavapy.gov.py\/biblioteca\/wp-json\/wp\/v2\/comments?post=7048"}],"wp:featuredmedia":[{"embeddable":true,"href":"https:\/\/tavapy.gov.py\/biblioteca\/wp-json\/wp\/v2\/media\/6990"}],"wp:attachment":[{"href":"https:\/\/tavapy.gov.py\/biblioteca\/wp-json\/wp\/v2\/media?parent=7048"}],"wp:term":[{"taxonomy":"product_cat","embeddable":true,"href":"https:\/\/tavapy.gov.py\/biblioteca\/wp-json\/wp\/v2\/product_cat?post=7048"},{"taxonomy":"product_tag","embeddable":true,"href":"https:\/\/tavapy.gov.py\/biblioteca\/wp-json\/wp\/v2\/product_tag?post=7048"}],"curies":[{"name":"wp","href":"https:\/\/api.w.org\/{rel}","templated":true}]}}