{"id":7050,"date":"2023-02-12T16:45:39","date_gmt":"2023-02-12T16:45:39","guid":{"rendered":"https:\/\/tavapy.gov.py\/biblioteca\/?post_type=product&#038;p=7050"},"modified":"2023-02-12T16:45:40","modified_gmt":"2023-02-12T16:45:40","slug":"administracion-del-tiempo","status":"publish","type":"product","link":"https:\/\/tavapy.gov.py\/biblioteca\/product\/administracion-del-tiempo\/","title":{"rendered":"ADMINISTRACI\u00d3N DEL TIEMPO."},"content":{"rendered":"","protected":false},"excerpt":{"rendered":"<p>Lleno de la sabidur\u00eda caracter\u00edstica de Brian Tracy, este libro te ayudar\u00e1 a conseguir m\u00e1s cosas&#8230; y con mucho menos estr\u00e9s.<\/p>\n<p>Administraci\u00f3n del tiempo m\u00e1s que cualquier otra habilidad en tu carrera, la capacidad de manejar el tiempo determinar\u00e1 tu \u00e9xito o fracaso. Es una simple ecuaci\u00f3n. En cuanto mejor uses tu tiempo, conseguir\u00e1s m\u00e1s y m\u00e1s grandes ser\u00e1n tus recompensas.<\/p>\n<p>Esta pr\u00e1ctica gu\u00eda de bolsillo revela 21 t\u00e9cnicas comprobadas que puede usar inmediatamente para ganar dos o m\u00e1s horas productivas cada d\u00eda.<\/p>\n<p>Ofrece las estrategias que el experto en negocios Brian Tracy ha identificado como las m\u00e1s eficaces que \u00e9l mismo emplea. Lleno de la sabidur\u00eda caracter\u00edstica de Brian Tracy, este libro te ayudar\u00e1 a conseguir m\u00e1s cosas&#8230; y con mucho menos estr\u00e9s. Este pr\u00e1ctico libro te ense\u00f1ar\u00e1 a:<\/p>\n<ul>\n<li>Manejar las interminables interrupciones, reuniones, correos electr\u00f3nicos y llamadas telef\u00f3nicas.<\/li>\n<li>Identificar sus principales \u00e1reas de resultados.<\/li>\n<li>Designar suficiente tiempo para las responsabilidades m\u00e1s prioritarias.<\/li>\n<li>Agrupar las actividades similares para mantenerse enfocado y aprovechar al m\u00e1ximo cada minuto.<\/li>\n<li>Superar la postergaci\u00f3n.<\/li>\n<li>Determinar que delegar y que eliminar.<\/li>\n<li>Utilizar el Programa de evaluaci\u00f3n y t\u00e9cnicas de revisi\u00f3n para trabajar a partir del futuro&#8230; y asegurar que alcanza sus metas m\u00e1s importantes.<\/li>\n<\/ul>\n<p>La obra Administraci\u00f3n del tiempo de Brian Tracy fue publicada en el 2.006.<\/p>\n<p><a href=\"https:\/\/tavapy.gov.py\/biblioteca\/wp-content\/uploads\/2023\/02\/TracyB-Administracion-del-tiempo.pdf\" target=\"_blank\" rel=\"attachment noopener wp-att-7024\"><img loading=\"lazy\" decoding=\"async\" class=\"size-full wp-image-7024 alignleft\" src=\"https:\/\/tavapy.gov.py\/biblioteca\/wp-content\/uploads\/2023\/02\/icono-PDF-copia-2-2.png\" alt=\"\" width=\"121\" height=\"140\" \/><\/a><\/p>\n","protected":false},"featured_media":6995,"comment_status":"open","ping_status":"closed","template":"","meta":{"spay_email":""},"product_cat":[879],"product_tag":[],"class_list":{"0":"post-7050","1":"product","2":"type-product","3":"status-publish","4":"has-post-thumbnail","6":"book_author-brian-tracy","7":"product_cat-autoayuda-gestion-del-tiempo-desarrollo-personal-y-profesional","8":"entry"},"_links":{"self":[{"href":"https:\/\/tavapy.gov.py\/biblioteca\/wp-json\/wp\/v2\/product\/7050","targetHints":{"allow":["GET"]}}],"collection":[{"href":"https:\/\/tavapy.gov.py\/biblioteca\/wp-json\/wp\/v2\/product"}],"about":[{"href":"https:\/\/tavapy.gov.py\/biblioteca\/wp-json\/wp\/v2\/types\/product"}],"replies":[{"embeddable":true,"href":"https:\/\/tavapy.gov.py\/biblioteca\/wp-json\/wp\/v2\/comments?post=7050"}],"wp:featuredmedia":[{"embeddable":true,"href":"https:\/\/tavapy.gov.py\/biblioteca\/wp-json\/wp\/v2\/media\/6995"}],"wp:attachment":[{"href":"https:\/\/tavapy.gov.py\/biblioteca\/wp-json\/wp\/v2\/media?parent=7050"}],"wp:term":[{"taxonomy":"product_cat","embeddable":true,"href":"https:\/\/tavapy.gov.py\/biblioteca\/wp-json\/wp\/v2\/product_cat?post=7050"},{"taxonomy":"product_tag","embeddable":true,"href":"https:\/\/tavapy.gov.py\/biblioteca\/wp-json\/wp\/v2\/product_tag?post=7050"}],"curies":[{"name":"wp","href":"https:\/\/api.w.org\/{rel}","templated":true}]}}