{"id":7051,"date":"2023-02-12T16:49:55","date_gmt":"2023-02-12T16:49:55","guid":{"rendered":"https:\/\/tavapy.gov.py\/biblioteca\/?post_type=product&#038;p=7051"},"modified":"2023-02-12T16:49:55","modified_gmt":"2023-02-12T16:49:55","slug":"controla-tu-tiempo-controla-tu-vida-un-sistema-revolucionario-para-obtener-mas-resultados-en-cada-area-de-tu-vida","status":"publish","type":"product","link":"https:\/\/tavapy.gov.py\/biblioteca\/product\/controla-tu-tiempo-controla-tu-vida-un-sistema-revolucionario-para-obtener-mas-resultados-en-cada-area-de-tu-vida\/","title":{"rendered":"CONTROLA TU TIEMPO, CONTROLA TU VIDA: UN SISTEMA REVOLUCIONARIO PARA OBTENER M\u00c1S RESULTADOS EN CADA \u00c1REA DE TU VIDA."},"content":{"rendered":"","protected":false},"excerpt":{"rendered":"<p>En Controla tu tiempo, controla tu vida, obra publicada en el 2.019, Brian Tracy, el reconocido experto en productividad y autor de bestsellers, propone una estrategia nueva y brillante sobre c\u00f3mo administrar nuestro tiempo y lograr mucho m\u00e1s d\u00eda a d\u00eda y con mayor rapidez y eficiencia.<\/p>\n<p>Basado en sus m\u00e1s recientes investigaciones cient\u00edficas sobre productividad y en sus d\u00e9cadas de experiencia, el autor presenta este revolucionario programa en el cual le asigna al tiempo diez categor\u00edas de prioridades que incluyen: planificaci\u00f3n estrat\u00e9gica, establecimiento de metas personales y familiares, mejoramiento de ingresos, descanso\/relajaci\u00f3n e incluso tiempo para la creatividad. C<\/p>\n<p>ada cap\u00edtulo se encarga de examinar de cerca estos principios que dan como resultado, por ejemplo, c\u00f3mo convertir en un arte el proceso de creaci\u00f3n de una lista de tareas pendientes.<\/p>\n<p>Este enfoque pr\u00e1ctico funcionar\u00e1 para todo el que desee utilizarlo, bien sea un profesional, una ama de casa, un emprendedor o cualquier persona que busque aprovechar a diario el 100% de su potencial. Vali\u00e9ndose de un lenguaje sencillo y de un h\u00e1bil estilo de comunicaci\u00f3n, Brian Tracy ha logrado implementar un programa tan claro que es dif\u00edcil imaginar un tratamiento m\u00e1s eficaz que el que \u00e9l logr\u00f3 darle a la tem\u00e1tica de la administraci\u00f3n del tiempo en esta obra.<\/p>\n<p><a href=\"https:\/\/tavapy.gov.py\/biblioteca\/wp-content\/uploads\/2023\/02\/TracyB-Controla-tu-tiempo-Controla-tu-Vida.pdf\" target=\"_blank\" rel=\"attachment noopener wp-att-7024\"><img loading=\"lazy\" decoding=\"async\" class=\"size-full wp-image-7024 alignleft\" src=\"https:\/\/tavapy.gov.py\/biblioteca\/wp-content\/uploads\/2023\/02\/icono-PDF-copia-2-2.png\" alt=\"\" width=\"121\" height=\"140\" \/><\/a><\/p>\n","protected":false},"featured_media":6997,"comment_status":"open","ping_status":"closed","template":"","meta":{"spay_email":""},"product_cat":[879],"product_tag":[],"class_list":{"0":"post-7051","1":"product","2":"type-product","3":"status-publish","4":"has-post-thumbnail","6":"book_author-brian-tracy","7":"product_cat-autoayuda-gestion-del-tiempo-desarrollo-personal-y-profesional","8":"entry"},"_links":{"self":[{"href":"https:\/\/tavapy.gov.py\/biblioteca\/wp-json\/wp\/v2\/product\/7051","targetHints":{"allow":["GET"]}}],"collection":[{"href":"https:\/\/tavapy.gov.py\/biblioteca\/wp-json\/wp\/v2\/product"}],"about":[{"href":"https:\/\/tavapy.gov.py\/biblioteca\/wp-json\/wp\/v2\/types\/product"}],"replies":[{"embeddable":true,"href":"https:\/\/tavapy.gov.py\/biblioteca\/wp-json\/wp\/v2\/comments?post=7051"}],"wp:featuredmedia":[{"embeddable":true,"href":"https:\/\/tavapy.gov.py\/biblioteca\/wp-json\/wp\/v2\/media\/6997"}],"wp:attachment":[{"href":"https:\/\/tavapy.gov.py\/biblioteca\/wp-json\/wp\/v2\/media?parent=7051"}],"wp:term":[{"taxonomy":"product_cat","embeddable":true,"href":"https:\/\/tavapy.gov.py\/biblioteca\/wp-json\/wp\/v2\/product_cat?post=7051"},{"taxonomy":"product_tag","embeddable":true,"href":"https:\/\/tavapy.gov.py\/biblioteca\/wp-json\/wp\/v2\/product_tag?post=7051"}],"curies":[{"name":"wp","href":"https:\/\/api.w.org\/{rel}","templated":true}]}}