{"id":7052,"date":"2023-02-12T17:09:37","date_gmt":"2023-02-12T17:09:37","guid":{"rendered":"https:\/\/tavapy.gov.py\/biblioteca\/?post_type=product&#038;p=7052"},"modified":"2023-02-12T17:09:37","modified_gmt":"2023-02-12T17:09:37","slug":"el-secreto-de-la-gestion-del-tiempo","status":"publish","type":"product","link":"https:\/\/tavapy.gov.py\/biblioteca\/product\/el-secreto-de-la-gestion-del-tiempo\/","title":{"rendered":"EL SECRETO DE LA GESTI\u00d3N DEL TIEMPO."},"content":{"rendered":"","protected":false},"excerpt":{"rendered":"<p>El libro El secreto de la gesti\u00f3n del tiempo trata de ense\u00f1ar a distribuir el tiempo para conseguir los prop\u00f3sitos establecidos a traves de un m\u00e9todo que activa la productividad en 21 d\u00edas.<\/p>\n<p>El libro contiene instrucciones paso a paso para aumentar la productividad, conseguir las metas y tener m\u00e1s tiempo libre a trav\u00e9s de t\u00e9cnicas que ahorrar\u00e1n meses de trabajo.<\/p>\n<p><a href=\"https:\/\/tavapy.gov.py\/biblioteca\/wp-content\/uploads\/2023\/02\/ValoisD-El-secreto-de-la-gestion-del-tiempo.pdf\" target=\"_blank\" rel=\"attachment noopener wp-att-7024\"><img loading=\"lazy\" decoding=\"async\" class=\"size-full wp-image-7024 alignleft\" src=\"https:\/\/tavapy.gov.py\/biblioteca\/wp-content\/uploads\/2023\/02\/icono-PDF-copia-2-2.png\" alt=\"\" width=\"121\" height=\"140\" \/><\/a><\/p>\n","protected":false},"featured_media":6999,"comment_status":"open","ping_status":"closed","template":"","meta":{"spay_email":""},"product_cat":[944],"product_tag":[],"class_list":{"0":"post-7052","1":"product","2":"type-product","3":"status-publish","4":"has-post-thumbnail","6":"book_author-david-valois","7":"product_cat-autoayuda-gestion-del-tiempo-crecimiento-personal","8":"entry"},"_links":{"self":[{"href":"https:\/\/tavapy.gov.py\/biblioteca\/wp-json\/wp\/v2\/product\/7052","targetHints":{"allow":["GET"]}}],"collection":[{"href":"https:\/\/tavapy.gov.py\/biblioteca\/wp-json\/wp\/v2\/product"}],"about":[{"href":"https:\/\/tavapy.gov.py\/biblioteca\/wp-json\/wp\/v2\/types\/product"}],"replies":[{"embeddable":true,"href":"https:\/\/tavapy.gov.py\/biblioteca\/wp-json\/wp\/v2\/comments?post=7052"}],"wp:featuredmedia":[{"embeddable":true,"href":"https:\/\/tavapy.gov.py\/biblioteca\/wp-json\/wp\/v2\/media\/6999"}],"wp:attachment":[{"href":"https:\/\/tavapy.gov.py\/biblioteca\/wp-json\/wp\/v2\/media?parent=7052"}],"wp:term":[{"taxonomy":"product_cat","embeddable":true,"href":"https:\/\/tavapy.gov.py\/biblioteca\/wp-json\/wp\/v2\/product_cat?post=7052"},{"taxonomy":"product_tag","embeddable":true,"href":"https:\/\/tavapy.gov.py\/biblioteca\/wp-json\/wp\/v2\/product_tag?post=7052"}],"curies":[{"name":"wp","href":"https:\/\/api.w.org\/{rel}","templated":true}]}}