{"id":7053,"date":"2023-02-12T17:16:35","date_gmt":"2023-02-12T17:16:35","guid":{"rendered":"https:\/\/tavapy.gov.py\/biblioteca\/?post_type=product&#038;p=7053"},"modified":"2023-02-12T17:16:36","modified_gmt":"2023-02-12T17:16:36","slug":"lo-que-el-cerebro-nos-dice-los-misterios-de-la-mente-humana-al-descubierto","status":"publish","type":"product","link":"https:\/\/tavapy.gov.py\/biblioteca\/product\/lo-que-el-cerebro-nos-dice-los-misterios-de-la-mente-humana-al-descubierto\/","title":{"rendered":"LO QUE EL CEREBRO NOS DICE. LOS MISTERIOS DE LA MENTE HUMANA AL DESCUBIERTO."},"content":{"rendered":"","protected":false},"excerpt":{"rendered":"<p>El eminente neur\u00f3logo Vilanayur S. Ramachandran investiga en esta obra publicada en el 2.011, diversos casos extra\u00f1os y significativos -desde pacientes que creen estar muertos hasta los que padecen el s\u00edndrome del miembro fantasma- y nos expone una perspectiva in\u00e9dita de los misterios del cerebro humano.<\/p>\n<p>\u00bfPor qu\u00e9 unos somos m\u00e1s creativos que otros? \u00bfQu\u00e9 provoca el autismo y c\u00f3mo se podr\u00eda detectar y tratar? \u00bfPor qu\u00e9 consideramos hermosas ciertas cosas? \u00bfC\u00f3mo evolucion\u00f3 el lenguaje? \u00bfY c\u00f3mo crea el cerebro algo tan inaprensible como el \u201csentido del yo\u201d?&#8230; Son algunos de los extraordinarios misterios neurol\u00f3gicos que aborda el autor esta obra de referencia.<\/p>\n<p>Vilayanur S. Ramachandran es un neurocient\u00edfico extraordinariamente intuitivo, al estilo de Sherlock Holmes, que investiga algunas manifestaciones neurol\u00f3gicas desconcertantes, como las de los pacientes que desean que les sea amputado un brazo o una pierna sanos, o a los individuos aquejados del s\u00edndrome de Capgras, que creen que sus seres queridos son unos impostores.<\/p>\n<p>El autor nos explica estas conductas extravagantes partiendo del funcionamiento interno del cerebro, exponi\u00e9ndonos al propio tiempo los avances recientes de la neurociencia, y nos revela lo que estos casos tan poco habituales nos ense\u00f1an sobre el cerebro humano normal y su singular evoluci\u00f3n.<\/p>\n<p>Combinando la seriedad del investigador y la voluntad divulgativa de quien desea acercar los temas cient\u00edficos al p\u00fablico no especializado, Ramachandran aborda brillantemente todas las cuestiones relacionadas con los misterios y extraordinarias capacidades del cerebro humano.<\/p>\n<p><a href=\"https:\/\/tavapy.gov.py\/biblioteca\/wp-content\/uploads\/2023\/02\/RamachandranV-Lo-que-el-cerebro-nos-dice_-Los-misterios-de-la-mente-humana-al-descubierto.pdf\" target=\"_blank\" rel=\"attachment noopener wp-att-7024\"><img loading=\"lazy\" decoding=\"async\" class=\"size-full wp-image-7024 alignleft\" src=\"https:\/\/tavapy.gov.py\/biblioteca\/wp-content\/uploads\/2023\/02\/icono-PDF-copia-2-2.png\" alt=\"\" width=\"121\" height=\"140\" \/><\/a><\/p>\n","protected":false},"featured_media":7002,"comment_status":"open","ping_status":"closed","template":"","meta":{"spay_email":""},"product_cat":[361],"product_tag":[],"class_list":{"0":"post-7053","1":"product","2":"type-product","3":"status-publish","4":"has-post-thumbnail","6":"book_author-vilayanur-s-ramachandran","7":"product_cat-neurociencia-psicologia","8":"entry"},"_links":{"self":[{"href":"https:\/\/tavapy.gov.py\/biblioteca\/wp-json\/wp\/v2\/product\/7053","targetHints":{"allow":["GET"]}}],"collection":[{"href":"https:\/\/tavapy.gov.py\/biblioteca\/wp-json\/wp\/v2\/product"}],"about":[{"href":"https:\/\/tavapy.gov.py\/biblioteca\/wp-json\/wp\/v2\/types\/product"}],"replies":[{"embeddable":true,"href":"https:\/\/tavapy.gov.py\/biblioteca\/wp-json\/wp\/v2\/comments?post=7053"}],"wp:featuredmedia":[{"embeddable":true,"href":"https:\/\/tavapy.gov.py\/biblioteca\/wp-json\/wp\/v2\/media\/7002"}],"wp:attachment":[{"href":"https:\/\/tavapy.gov.py\/biblioteca\/wp-json\/wp\/v2\/media?parent=7053"}],"wp:term":[{"taxonomy":"product_cat","embeddable":true,"href":"https:\/\/tavapy.gov.py\/biblioteca\/wp-json\/wp\/v2\/product_cat?post=7053"},{"taxonomy":"product_tag","embeddable":true,"href":"https:\/\/tavapy.gov.py\/biblioteca\/wp-json\/wp\/v2\/product_tag?post=7053"}],"curies":[{"name":"wp","href":"https:\/\/api.w.org\/{rel}","templated":true}]}}