{"id":7054,"date":"2023-02-12T19:22:00","date_gmt":"2023-02-12T19:22:00","guid":{"rendered":"https:\/\/tavapy.gov.py\/biblioteca\/?post_type=product&#038;p=7054"},"modified":"2023-02-12T19:22:01","modified_gmt":"2023-02-12T19:22:01","slug":"fantasmas-en-el-cerebro","status":"publish","type":"product","link":"https:\/\/tavapy.gov.py\/biblioteca\/product\/fantasmas-en-el-cerebro\/","title":{"rendered":"FANTASMAS EN EL CEREBRO."},"content":{"rendered":"","protected":false},"excerpt":{"rendered":"<p>Se trata de un libro en el que, a trav\u00e9s de un estilo ameno y atractivo, el autor desvela numerosos secretos acerca del funcionamiento del misterioso cerebro humano a trav\u00e9s del relato de casos cl\u00ednicos que despertaron su atenci\u00f3n y motivaron la investigaci\u00f3n rigurosa.<\/p>\n<p>La experiencia y talento del neur\u00f3logo, junto con su ingenio en lo que a investigaci\u00f3n se refiere permitieron mejorar la calidad de vida de muchos de los pacientes cuyo caso es descrito en el libro, as\u00ed como dar respuesta a importantes cuestiones respecto al funcionamiento del cerebro.<\/p>\n<p>El libro Fantasmas en el cerebro fue publicado en 1.998.<\/p>\n<p><a href=\"https:\/\/tavapy.gov.py\/biblioteca\/wp-content\/uploads\/2023\/02\/RamachandranV-Fantasmas-en-el-cerebro.pdf\" target=\"_blank\" rel=\"attachment noopener wp-att-7024\"><img loading=\"lazy\" decoding=\"async\" class=\"size-full wp-image-7024 alignleft\" src=\"https:\/\/tavapy.gov.py\/biblioteca\/wp-content\/uploads\/2023\/02\/icono-PDF-copia-2-2.png\" alt=\"\" width=\"121\" height=\"140\" \/><\/a><\/p>\n","protected":false},"featured_media":7005,"comment_status":"open","ping_status":"closed","template":"","meta":{"spay_email":""},"product_cat":[361],"product_tag":[],"class_list":{"0":"post-7054","1":"product","2":"type-product","3":"status-publish","4":"has-post-thumbnail","6":"book_author-vilayanur-s-ramachandran","7":"product_cat-neurociencia-psicologia","8":"entry"},"_links":{"self":[{"href":"https:\/\/tavapy.gov.py\/biblioteca\/wp-json\/wp\/v2\/product\/7054","targetHints":{"allow":["GET"]}}],"collection":[{"href":"https:\/\/tavapy.gov.py\/biblioteca\/wp-json\/wp\/v2\/product"}],"about":[{"href":"https:\/\/tavapy.gov.py\/biblioteca\/wp-json\/wp\/v2\/types\/product"}],"replies":[{"embeddable":true,"href":"https:\/\/tavapy.gov.py\/biblioteca\/wp-json\/wp\/v2\/comments?post=7054"}],"wp:featuredmedia":[{"embeddable":true,"href":"https:\/\/tavapy.gov.py\/biblioteca\/wp-json\/wp\/v2\/media\/7005"}],"wp:attachment":[{"href":"https:\/\/tavapy.gov.py\/biblioteca\/wp-json\/wp\/v2\/media?parent=7054"}],"wp:term":[{"taxonomy":"product_cat","embeddable":true,"href":"https:\/\/tavapy.gov.py\/biblioteca\/wp-json\/wp\/v2\/product_cat?post=7054"},{"taxonomy":"product_tag","embeddable":true,"href":"https:\/\/tavapy.gov.py\/biblioteca\/wp-json\/wp\/v2\/product_tag?post=7054"}],"curies":[{"name":"wp","href":"https:\/\/api.w.org\/{rel}","templated":true}]}}