{"id":7055,"date":"2023-02-13T00:46:35","date_gmt":"2023-02-13T00:46:35","guid":{"rendered":"https:\/\/tavapy.gov.py\/biblioteca\/?post_type=product&#038;p=7055"},"modified":"2023-02-13T03:04:49","modified_gmt":"2023-02-13T03:04:49","slug":"tu-cerebro-lo-es-todo-sabes-como-y-por-que-decides","status":"publish","type":"product","link":"https:\/\/tavapy.gov.py\/biblioteca\/product\/tu-cerebro-lo-es-todo-sabes-como-y-por-que-decides\/","title":{"rendered":"TU CEREBRO LO ES TODO: \u00bfSABES C\u00d3MO Y POR QU\u00c9 DECIDES?"},"content":{"rendered":"","protected":false},"excerpt":{"rendered":"<p><strong>M\u00f3nica Deza\u00a0<\/strong>reuni\u00f3 a un grupo de pensadores y profesionales interesados en la aplicaci\u00f3n de nuevos datos sobre investigaci\u00f3n cerebral a problemas de comunicaci\u00f3n, creatividad, direcci\u00f3n, marketing y toma de decisiones.<\/p>\n<p>Algunas de las ideas debatidas en el encuentro se presentan en este volumen,destacando la existencia de las neurociencias, que sientan las bases de la cuarta ola revolucionaria tras la agricultura, la industria y la tecnolog\u00eda.<\/p>\n<p><a href=\"https:\/\/tavapy.gov.py\/biblioteca\/wp-content\/uploads\/2023\/02\/DezaM-Tu-Cerebro-es-Todo.pdf\" target=\"_blank\" rel=\"attachment noopener wp-att-7024\"><img loading=\"lazy\" decoding=\"async\" class=\"size-full wp-image-7024 alignleft\" src=\"https:\/\/tavapy.gov.py\/biblioteca\/wp-content\/uploads\/2023\/02\/icono-PDF-copia-2-2.png\" alt=\"\" width=\"121\" height=\"140\" \/><\/a><\/p>\n","protected":false},"featured_media":7056,"comment_status":"open","ping_status":"closed","template":"","meta":{"spay_email":""},"product_cat":[947],"product_tag":[],"class_list":{"0":"post-7055","1":"product","2":"type-product","3":"status-publish","4":"has-post-thumbnail","6":"book_author-monica-deza","7":"product_cat-marketing-publicidad-neurociencia","8":"entry"},"_links":{"self":[{"href":"https:\/\/tavapy.gov.py\/biblioteca\/wp-json\/wp\/v2\/product\/7055","targetHints":{"allow":["GET"]}}],"collection":[{"href":"https:\/\/tavapy.gov.py\/biblioteca\/wp-json\/wp\/v2\/product"}],"about":[{"href":"https:\/\/tavapy.gov.py\/biblioteca\/wp-json\/wp\/v2\/types\/product"}],"replies":[{"embeddable":true,"href":"https:\/\/tavapy.gov.py\/biblioteca\/wp-json\/wp\/v2\/comments?post=7055"}],"wp:featuredmedia":[{"embeddable":true,"href":"https:\/\/tavapy.gov.py\/biblioteca\/wp-json\/wp\/v2\/media\/7056"}],"wp:attachment":[{"href":"https:\/\/tavapy.gov.py\/biblioteca\/wp-json\/wp\/v2\/media?parent=7055"}],"wp:term":[{"taxonomy":"product_cat","embeddable":true,"href":"https:\/\/tavapy.gov.py\/biblioteca\/wp-json\/wp\/v2\/product_cat?post=7055"},{"taxonomy":"product_tag","embeddable":true,"href":"https:\/\/tavapy.gov.py\/biblioteca\/wp-json\/wp\/v2\/product_tag?post=7055"}],"curies":[{"name":"wp","href":"https:\/\/api.w.org\/{rel}","templated":true}]}}