{"id":7098,"date":"2023-02-25T16:05:13","date_gmt":"2023-02-25T16:05:13","guid":{"rendered":"https:\/\/tavapy.gov.py\/biblioteca\/?post_type=product&#038;p=7098"},"modified":"2023-02-25T16:05:14","modified_gmt":"2023-02-25T16:05:14","slug":"a-cada-cual-su-cerebro-plasticidad-neuronal-e-inconsciente","status":"publish","type":"product","link":"https:\/\/tavapy.gov.py\/biblioteca\/product\/a-cada-cual-su-cerebro-plasticidad-neuronal-e-inconsciente\/","title":{"rendered":"A CADA CUAL SU CEREBRO: PLASTICIDAD NEURONAL E INCONSCIENTE."},"content":{"rendered":"","protected":false},"excerpt":{"rendered":"<p>Enfrentados desde hace varios lustros, el psicoan\u00e1lisis y las neurociencias han reclamado cada uno para s\u00ed los mejores t\u00edtulos cuando se intenta proponer una explicaci\u00f3n de la conducta humana. Para el primero, las neurociencias son mecanicistas, est\u00e1ticas y reduccionistas, y en su pretensi\u00f3n de fundar una explicaci\u00f3n cient\u00edfica de car\u00e1cter universal desde\u00f1an la subjetividad y la historia personal; los neurocient\u00edficos, por su parte, reprochan al psicoan\u00e1lisis su precario andamiaje cient\u00edfico y, en lo m\u00e1s \u00e1spero de la confrontaci\u00f3n, no vacilan en calificarlo de mitolog\u00eda.<\/p>\n<p>Aportes recientes de la neurobiolog\u00eda muestran, empero, c\u00f3mo la plasticidad de la red neuronal permite la inscripci\u00f3n de la experiencia, de modo tal que los elementos m\u00e1s finos del proceso de transferencia de informaci\u00f3n entre las neuronas -las sinapsis- sufren una remodelaci\u00f3n permanente en funci\u00f3n de la experiencia vivida: los mecanismos de plasticidad operan a lo largo de la vida del individuo y determinan de manera significativa su devenir.<\/p>\n<p>Escrita en colaboraci\u00f3n por un psicoanalista y un neurocient\u00edfico, esta obra muestra c\u00f3mo la cuesti\u00f3n de la huella, eje del fen\u00f3meno de la plasticidad, se sit\u00faa claramente en la intersecci\u00f3n entre neurociencias y psicoan\u00e1lisis, lo que permite poner en serie huella sin\u00e1ptica, huella ps\u00edquica y significante.<\/p>\n<p>As\u00ed, los conceptos psicoanal\u00edticos de inconsciente y de pulsi\u00f3n adquieren una resonancia biol\u00f3gica, y se revelan como fundamentales para el psicoan\u00e1lisis y para las neurociencias, abriendo una v\u00eda de colaboraci\u00f3n de consecuencias impensables entre dos disciplinas que hasta hace poco parec\u00edan incompatibles.<\/p>\n<p>La obra A cada cual su cerebro: plasticidad neuronal e inconsciente fue publicada en el 2.006.<\/p>\n<p><a href=\"https:\/\/tavapy.gov.py\/biblioteca\/wp-content\/uploads\/2023\/02\/AnsermetF-A-cada-cual-su-cerebro.-Plasticidad-neuronal-e-inconsciente.pdf\" target=\"_blank\" rel=\"attachment noopener wp-att-7024\"><img loading=\"lazy\" decoding=\"async\" class=\"size-full wp-image-7024 alignleft\" src=\"https:\/\/tavapy.gov.py\/biblioteca\/wp-content\/uploads\/2023\/02\/icono-PDF-copia-2-2.png\" alt=\"\" width=\"121\" height=\"140\" \/><\/a><\/p>\n","protected":false},"featured_media":7064,"comment_status":"open","ping_status":"closed","template":"","meta":{"spay_email":""},"product_cat":[950],"product_tag":[],"class_list":{"0":"post-7098","1":"product","2":"type-product","3":"status-publish","4":"has-post-thumbnail","6":"book_author-pierre-magistretti","7":"product_cat-neurociencia-psicologia-psicoanalisis","8":"entry"},"_links":{"self":[{"href":"https:\/\/tavapy.gov.py\/biblioteca\/wp-json\/wp\/v2\/product\/7098","targetHints":{"allow":["GET"]}}],"collection":[{"href":"https:\/\/tavapy.gov.py\/biblioteca\/wp-json\/wp\/v2\/product"}],"about":[{"href":"https:\/\/tavapy.gov.py\/biblioteca\/wp-json\/wp\/v2\/types\/product"}],"replies":[{"embeddable":true,"href":"https:\/\/tavapy.gov.py\/biblioteca\/wp-json\/wp\/v2\/comments?post=7098"}],"wp:featuredmedia":[{"embeddable":true,"href":"https:\/\/tavapy.gov.py\/biblioteca\/wp-json\/wp\/v2\/media\/7064"}],"wp:attachment":[{"href":"https:\/\/tavapy.gov.py\/biblioteca\/wp-json\/wp\/v2\/media?parent=7098"}],"wp:term":[{"taxonomy":"product_cat","embeddable":true,"href":"https:\/\/tavapy.gov.py\/biblioteca\/wp-json\/wp\/v2\/product_cat?post=7098"},{"taxonomy":"product_tag","embeddable":true,"href":"https:\/\/tavapy.gov.py\/biblioteca\/wp-json\/wp\/v2\/product_tag?post=7098"}],"curies":[{"name":"wp","href":"https:\/\/api.w.org\/{rel}","templated":true}]}}