{"id":7100,"date":"2023-02-25T16:28:47","date_gmt":"2023-02-25T16:28:47","guid":{"rendered":"https:\/\/tavapy.gov.py\/biblioteca\/?post_type=product&#038;p=7100"},"modified":"2023-02-25T16:28:47","modified_gmt":"2023-02-25T16:28:47","slug":"neuroventas-como-compran-ellos-como-compran-ellas-aprenda-a-aplicar-los-conocimientos-sobre-el-funcionamiento-del-cerebro-para-vender-con-inteligencia-y-resultados","status":"publish","type":"product","link":"https:\/\/tavapy.gov.py\/biblioteca\/product\/neuroventas-como-compran-ellos-como-compran-ellas-aprenda-a-aplicar-los-conocimientos-sobre-el-funcionamiento-del-cerebro-para-vender-con-inteligencia-y-resultados\/","title":{"rendered":"NEUROVENTAS: \u00bfC\u00d3MO COMPRAN ELLOS? \u00bfC\u00d3MO COMPRAN ELLAS?: APRENDA A APLICAR LOS CONOCIMIENTOS SOBRE EL FUNCIONAMIENTO DEL CEREBRO PARA VENDER CON INTELIGENCIA Y RESULTADOS."},"content":{"rendered":"","protected":false},"excerpt":{"rendered":"<p>Neuroventas, publicada en el 2.013, es una obra que tambi\u00e9n profundiza en la neurocomunicaci\u00f3n: palabras, silencios, sonrisas, miradas, gestos, muecas, pensamientos, posturas, tonos de voz, todo comunica, dice su autor, y proporciona numerosas claves para conocer al cliente y elaborar r\u00e1pidamente las estrategias que conduzcan, m\u00e1s all\u00e1 de la venta, a la creaci\u00f3n de una relaci\u00f3n que perdure en el tiempo.<\/p>\n<p>Obsesivo por bajar la teor\u00eda a la pr\u00e1ctica, Braidot presenta al final un cap\u00edtulo destinado al entrenamiento cerebral del vendedor, explicando con la claridad que lo caracteriza en qu\u00e9 consiste el entrenamiento cerebral y suministrando, a su vez, un conjunto de pr\u00e1cticas para que comiencen a transitar por un camino que, sin duda alguna, les permitir\u00e1 desempe\u00f1arse con mayor eficacia y sin estr\u00e9s en mercados donde la competencia pr\u00e1cticamente no da respiro.<\/p>\n<p><a href=\"https:\/\/tavapy.gov.py\/biblioteca\/wp-content\/uploads\/2023\/02\/BraidotN-Neuroventas.pdf\" target=\"_blank\" rel=\"attachment noopener wp-att-7024\"><img loading=\"lazy\" decoding=\"async\" class=\"size-full wp-image-7024 alignleft\" src=\"https:\/\/tavapy.gov.py\/biblioteca\/wp-content\/uploads\/2023\/02\/icono-PDF-copia-2-2.png\" alt=\"\" width=\"121\" height=\"140\" \/><\/a><\/p>\n","protected":false},"featured_media":7070,"comment_status":"open","ping_status":"closed","template":"","meta":{"spay_email":""},"product_cat":[954],"product_tag":[],"class_list":{"0":"post-7100","1":"product","2":"type-product","3":"status-publish","4":"has-post-thumbnail","6":"book_author-nestor-braidot","7":"product_cat-neurociencia-marketing-publicidad","8":"entry"},"_links":{"self":[{"href":"https:\/\/tavapy.gov.py\/biblioteca\/wp-json\/wp\/v2\/product\/7100","targetHints":{"allow":["GET"]}}],"collection":[{"href":"https:\/\/tavapy.gov.py\/biblioteca\/wp-json\/wp\/v2\/product"}],"about":[{"href":"https:\/\/tavapy.gov.py\/biblioteca\/wp-json\/wp\/v2\/types\/product"}],"replies":[{"embeddable":true,"href":"https:\/\/tavapy.gov.py\/biblioteca\/wp-json\/wp\/v2\/comments?post=7100"}],"wp:featuredmedia":[{"embeddable":true,"href":"https:\/\/tavapy.gov.py\/biblioteca\/wp-json\/wp\/v2\/media\/7070"}],"wp:attachment":[{"href":"https:\/\/tavapy.gov.py\/biblioteca\/wp-json\/wp\/v2\/media?parent=7100"}],"wp:term":[{"taxonomy":"product_cat","embeddable":true,"href":"https:\/\/tavapy.gov.py\/biblioteca\/wp-json\/wp\/v2\/product_cat?post=7100"},{"taxonomy":"product_tag","embeddable":true,"href":"https:\/\/tavapy.gov.py\/biblioteca\/wp-json\/wp\/v2\/product_tag?post=7100"}],"curies":[{"name":"wp","href":"https:\/\/api.w.org\/{rel}","templated":true}]}}