{"id":7101,"date":"2023-02-25T17:02:14","date_gmt":"2023-02-25T17:02:14","guid":{"rendered":"https:\/\/tavapy.gov.py\/biblioteca\/?post_type=product&#038;p=7101"},"modified":"2023-02-25T17:02:15","modified_gmt":"2023-02-25T17:02:15","slug":"sacale-partido-a-tu-cerebro-todo-lo-que-necesitas-saber-para-mejorar-tu-memoria-tomar-decisiones-y-aprovechar-todo-tu-potencial","status":"publish","type":"product","link":"https:\/\/tavapy.gov.py\/biblioteca\/product\/sacale-partido-a-tu-cerebro-todo-lo-que-necesitas-saber-para-mejorar-tu-memoria-tomar-decisiones-y-aprovechar-todo-tu-potencial\/","title":{"rendered":"S\u00c1CALE PARTIDO A TU CEREBRO: TODO LO QUE NECESITAS SABER PARA MEJORAR TU MEMORIA, TOMAR DECISIONES Y APROVECHAR TODO TU POTENCIAL."},"content":{"rendered":"","protected":false},"excerpt":{"rendered":"<p>Tomar las mejores decisiones tambi\u00e9n es algo que se puede aprender si conoces el funcionamiento cerebral.<\/p>\n<p>En esta obra publicda en el 2.001, se explica c\u00f3mo se construyen las redes neuronales, qu\u00e9 son los hemisferios cerebrales, c\u00f3mo se procesa la informaci\u00f3n sensorial, c\u00f3mo pensamos, aprendemos y memorizamos, qu\u00e9 son los l\u00f3bulos frontales y cu\u00e1l es su papel en los procesos de toma de decisiones.<\/p>\n<p>Y lo m\u00e1s importante: obtendr\u00e1s un conjunto de pr\u00e1cticas para que comiences tu propio programa de entrenamiento cerebral.<\/p>\n<p><a href=\"https:\/\/tavapy.gov.py\/biblioteca\/wp-content\/uploads\/2023\/02\/BraidotN-Sacale-Partido-A-Tu-Cerebro.pdf\" target=\"_blank\" rel=\"attachment noopener wp-att-7024\"><img loading=\"lazy\" decoding=\"async\" class=\"size-full wp-image-7024 alignleft\" src=\"https:\/\/tavapy.gov.py\/biblioteca\/wp-content\/uploads\/2023\/02\/icono-PDF-copia-2-2.png\" alt=\"\" width=\"121\" height=\"140\" \/><\/a><\/p>\n","protected":false},"featured_media":7073,"comment_status":"open","ping_status":"closed","template":"","meta":{"spay_email":""},"product_cat":[955],"product_tag":[],"class_list":{"0":"post-7101","1":"product","2":"type-product","3":"status-publish","4":"has-post-thumbnail","6":"book_author-nestor-braidot","7":"product_cat-autoayuda-neurociencia-desarrollo-personal-y-profesional","8":"entry"},"_links":{"self":[{"href":"https:\/\/tavapy.gov.py\/biblioteca\/wp-json\/wp\/v2\/product\/7101","targetHints":{"allow":["GET"]}}],"collection":[{"href":"https:\/\/tavapy.gov.py\/biblioteca\/wp-json\/wp\/v2\/product"}],"about":[{"href":"https:\/\/tavapy.gov.py\/biblioteca\/wp-json\/wp\/v2\/types\/product"}],"replies":[{"embeddable":true,"href":"https:\/\/tavapy.gov.py\/biblioteca\/wp-json\/wp\/v2\/comments?post=7101"}],"wp:featuredmedia":[{"embeddable":true,"href":"https:\/\/tavapy.gov.py\/biblioteca\/wp-json\/wp\/v2\/media\/7073"}],"wp:attachment":[{"href":"https:\/\/tavapy.gov.py\/biblioteca\/wp-json\/wp\/v2\/media?parent=7101"}],"wp:term":[{"taxonomy":"product_cat","embeddable":true,"href":"https:\/\/tavapy.gov.py\/biblioteca\/wp-json\/wp\/v2\/product_cat?post=7101"},{"taxonomy":"product_tag","embeddable":true,"href":"https:\/\/tavapy.gov.py\/biblioteca\/wp-json\/wp\/v2\/product_tag?post=7101"}],"curies":[{"name":"wp","href":"https:\/\/api.w.org\/{rel}","templated":true}]}}