{"id":7103,"date":"2023-02-25T17:23:22","date_gmt":"2023-02-25T17:23:22","guid":{"rendered":"https:\/\/tavapy.gov.py\/biblioteca\/?post_type=product&#038;p=7103"},"modified":"2023-02-25T17:23:22","modified_gmt":"2023-02-25T17:23:22","slug":"neurociencias-para-tu-vida","status":"publish","type":"product","link":"https:\/\/tavapy.gov.py\/biblioteca\/product\/neurociencias-para-tu-vida\/","title":{"rendered":"NEUROCIENCIAS PARA TU VIDA."},"content":{"rendered":"","protected":false},"excerpt":{"rendered":"<p>El desarrollo de nuestro cerebro-cuerpo-mente-esp\u00edritu no es una atribuci\u00f3n determinada por la suerte, el destino o los genes. Es el resultado \u2013sobre todo\u2013 de lo que cada uno hace por s\u00ed mismo y de la relaci\u00f3n que construye con el entorno. Esto se traduce en una conformaci\u00f3n cerebral quedefine la posibilidad de ser creativos, inteligentes y eficaces en las actividades que debemos y queremos realizar, y \u2013en definitiva\u2013 de lograr una vida plena.<\/p>\n<p>A partir de la informaci\u00f3n que proporcionan las neurociencias y sus avances m\u00e1s recientes, este libro propone el desarrollo neurocognitivo y el autoliderazgo emocional para que cada persona pueda optimizar sus capacidades, mejorando sus funciones cerebrales actuales y, paralelamente, crear reservas para superar o reducirel deterioro que pueden generar el estr\u00e9s y la edad (entre otros factores) en el futuro.<\/p>\n<p>N\u00e9stor Braidot hace accesibles complejos conocimientos sobre los sistemas que rigen el funcionamiento del cerebro, y ayuda a definir caminos de desarrollo que abren nuevas perspectivas para nuestro cerebro y, esencialmente, para nuestra existencia. El desarrollo de nuestro cerebro-cuerpo-mente-esp\u00edritu no es una atribuci\u00f3n determinada por la suerte, el destino o los genes. Es el resultado \u2013sobre todo\u2013 de lo que cada uno hace por s\u00ed mismo y de la relaci\u00f3n que construye con el entorno.<\/p>\n<p>Esto se traduce en una conformaci\u00f3n cerebral quedefine la posibilidad de ser creativos, inteligentes y eficaces en las actividades que debemos y queremos realizar, y \u2013en definitiva\u2013 de lograr una vida plena. A partir de la informaci\u00f3n que proporcionan las neurociencias y sus avances m\u00e1s recientes, este libro propone el desarrollo neurocognitivo y el autoliderazgo emocional para que cada persona pueda optimizar sus capacidades, mejorando sus funciones cerebrales actuales y, paralelamente, crear reservas para superar o reducirel deterioro que pueden generar el estr\u00e9s y la edad (entre otros factores) en el futuro.<\/p>\n<p>N\u00e9stor Braidot hace accesibles complejos conocimientos sobre los sistemas que rigen el funcionamiento del cerebro, y ayuda a definir caminos de desarrollo que abren nuevas perspectivas para nuestro cerebro y, esencialmente, para nuestra existencia.<\/p>\n<p>La obra Neurociencias para tu vida de N\u00e9stor Braidot fue publicada en el 2.016.<\/p>\n<p><a href=\"https:\/\/tavapy.gov.py\/biblioteca\/wp-content\/uploads\/2023\/02\/BraidotN-Neurociencias-para-tu-vida.pdf\" target=\"_blank\" rel=\"attachment noopener wp-att-7024\"><img loading=\"lazy\" decoding=\"async\" class=\"size-full wp-image-7024 alignleft\" src=\"https:\/\/tavapy.gov.py\/biblioteca\/wp-content\/uploads\/2023\/02\/icono-PDF-copia-2-2.png\" alt=\"\" width=\"121\" height=\"140\" \/><\/a><\/p>\n","protected":false},"featured_media":7077,"comment_status":"open","ping_status":"closed","template":"","meta":{"spay_email":""},"product_cat":[197],"product_tag":[],"class_list":{"0":"post-7103","1":"product","2":"type-product","3":"status-publish","4":"has-post-thumbnail","6":"book_author-nestor-braidot","7":"product_cat-autoayuda-neurociencia","8":"entry"},"_links":{"self":[{"href":"https:\/\/tavapy.gov.py\/biblioteca\/wp-json\/wp\/v2\/product\/7103","targetHints":{"allow":["GET"]}}],"collection":[{"href":"https:\/\/tavapy.gov.py\/biblioteca\/wp-json\/wp\/v2\/product"}],"about":[{"href":"https:\/\/tavapy.gov.py\/biblioteca\/wp-json\/wp\/v2\/types\/product"}],"replies":[{"embeddable":true,"href":"https:\/\/tavapy.gov.py\/biblioteca\/wp-json\/wp\/v2\/comments?post=7103"}],"wp:featuredmedia":[{"embeddable":true,"href":"https:\/\/tavapy.gov.py\/biblioteca\/wp-json\/wp\/v2\/media\/7077"}],"wp:attachment":[{"href":"https:\/\/tavapy.gov.py\/biblioteca\/wp-json\/wp\/v2\/media?parent=7103"}],"wp:term":[{"taxonomy":"product_cat","embeddable":true,"href":"https:\/\/tavapy.gov.py\/biblioteca\/wp-json\/wp\/v2\/product_cat?post=7103"},{"taxonomy":"product_tag","embeddable":true,"href":"https:\/\/tavapy.gov.py\/biblioteca\/wp-json\/wp\/v2\/product_tag?post=7103"}],"curies":[{"name":"wp","href":"https:\/\/api.w.org\/{rel}","templated":true}]}}