{"id":7104,"date":"2023-02-25T17:30:19","date_gmt":"2023-02-25T17:30:19","guid":{"rendered":"https:\/\/tavapy.gov.py\/biblioteca\/?post_type=product&#038;p=7104"},"modified":"2023-02-25T17:31:44","modified_gmt":"2023-02-25T17:31:44","slug":"neuromanagement-como-utilizar-a-pleno-el-cerebro-en-la-conduccion-exitosa-de-las-organizaciones","status":"publish","type":"product","link":"https:\/\/tavapy.gov.py\/biblioteca\/product\/neuromanagement-como-utilizar-a-pleno-el-cerebro-en-la-conduccion-exitosa-de-las-organizaciones\/","title":{"rendered":"NEUROMANAGEMENT: LA REVOLUCI\u00d3N NEUROCIENT\u00cdFICA EN LAS ORGANIZACIONES."},"content":{"rendered":"","protected":false},"excerpt":{"rendered":"<p>Cuando las f\u00f3rmulas y recetas no funcionan, cuando no encontramos soluciones en las metodolog\u00edas aprendidas surge el Neuromanagement como el verdadero desaf\u00edo para crear y conducir organizaciones de avanzada. Aplicar la neurociencia a la gesti\u00f3n empresarial exige que los especialistas en neurociencia piensen acerca del mundo de los negocios y, a su vez, que los hombres de negocios reflexionen acerca del mundo de la neurociencia.<\/p>\n<p>Neuromanagement contiene una s\u00f3lida base interdisciplinaria para aquellos que deseen atravesar ese puente, porque N\u00e9stor Braidot ha sido capaz de crear un nuevo campo de estudios y, fundamentalmente, de trazar un camino para que otros puedan continuarlo.<\/p>\n<p>N\u00e9stor ha realizado un excelente trabajo para simplificar y clarificar, brindando ejemplos concretos y relevantes al mundo de los negocios. Ojal\u00e1 este libro publicado en el 2.008 resulte ser la piedra angular tanto para estudiantes como para practicantes de Neuroliderazgo y Neuromarketing.<\/p>\n<p><a href=\"https:\/\/tavapy.gov.py\/biblioteca\/wp-content\/uploads\/2023\/02\/BraidotN-Neuromanagement-la-revolucion-neurocientifica-en-las-organizaciones.pdf\" target=\"_blank\" rel=\"attachment noopener wp-att-7024\"><img loading=\"lazy\" decoding=\"async\" class=\"size-full wp-image-7024 alignleft\" src=\"https:\/\/tavapy.gov.py\/biblioteca\/wp-content\/uploads\/2023\/02\/icono-PDF-copia-2-2.png\" alt=\"\" width=\"121\" height=\"140\" \/><\/a><\/p>\n","protected":false},"featured_media":7079,"comment_status":"open","ping_status":"closed","template":"","meta":{"spay_email":""},"product_cat":[956],"product_tag":[],"class_list":{"0":"post-7104","1":"product","2":"type-product","3":"status-publish","4":"has-post-thumbnail","6":"book_author-nestor-braidot","7":"product_cat-autoayuda-neurociencia-gestion-empresarial","8":"entry"},"_links":{"self":[{"href":"https:\/\/tavapy.gov.py\/biblioteca\/wp-json\/wp\/v2\/product\/7104","targetHints":{"allow":["GET"]}}],"collection":[{"href":"https:\/\/tavapy.gov.py\/biblioteca\/wp-json\/wp\/v2\/product"}],"about":[{"href":"https:\/\/tavapy.gov.py\/biblioteca\/wp-json\/wp\/v2\/types\/product"}],"replies":[{"embeddable":true,"href":"https:\/\/tavapy.gov.py\/biblioteca\/wp-json\/wp\/v2\/comments?post=7104"}],"wp:featuredmedia":[{"embeddable":true,"href":"https:\/\/tavapy.gov.py\/biblioteca\/wp-json\/wp\/v2\/media\/7079"}],"wp:attachment":[{"href":"https:\/\/tavapy.gov.py\/biblioteca\/wp-json\/wp\/v2\/media?parent=7104"}],"wp:term":[{"taxonomy":"product_cat","embeddable":true,"href":"https:\/\/tavapy.gov.py\/biblioteca\/wp-json\/wp\/v2\/product_cat?post=7104"},{"taxonomy":"product_tag","embeddable":true,"href":"https:\/\/tavapy.gov.py\/biblioteca\/wp-json\/wp\/v2\/product_tag?post=7104"}],"curies":[{"name":"wp","href":"https:\/\/api.w.org\/{rel}","templated":true}]}}