{"id":7106,"date":"2023-02-25T17:36:48","date_gmt":"2023-02-25T17:36:48","guid":{"rendered":"https:\/\/tavapy.gov.py\/biblioteca\/?post_type=product&#038;p=7106"},"modified":"2023-02-25T17:36:49","modified_gmt":"2023-02-25T17:36:49","slug":"neuromarketing-en-accion","status":"publish","type":"product","link":"https:\/\/tavapy.gov.py\/biblioteca\/product\/neuromarketing-en-accion\/","title":{"rendered":"NEUROMARKETING EN ACCI\u00d3N."},"content":{"rendered":"","protected":false},"excerpt":{"rendered":"<p>\u00bfSe puede leer la mente del consumidor, conocer sus motivaciones, sus deseos y su proceso de toma de decisiones para dise\u00f1ar programas de marketing mas eficaces? De la convergencia entre las neurociencias y el marketing surge el neuromarketing, disciplina cuya finalidad es incorporar los conocimientos en los procesos cerebrales para aplicarlos a la relaci\u00f3n entre la empresa y sus clientes, en campos tales como la comunicaci\u00f3n, el posicionamiento, el producto, el precio, el branding y todos aquellos de los que se sirve una organizaci\u00f3n para lograr satisfacer las necesidades de sus clientes.<\/p>\n<p>En este libro publicado en el 2.011, N\u00e9stor Braidot le explica como aprovechar el neuromarketing, independientemente del tama\u00f1o de la empresa en la que pertenezca, del producto que venda y del tipo de consumidores a los que se dirija. Un libro, en definitiva, que pone a su alcance t\u00e9cnicas y conocimientos a las que hasta ahora solo acced\u00edan las multinacionales.<\/p>\n<p><a href=\"https:\/\/tavapy.gov.py\/biblioteca\/wp-content\/uploads\/2023\/02\/BraidotN-Neuromarketing-en-accion.pdf\" target=\"_blank\" rel=\"attachment noopener wp-att-7024\"><img loading=\"lazy\" decoding=\"async\" class=\"size-full wp-image-7024 alignleft\" src=\"https:\/\/tavapy.gov.py\/biblioteca\/wp-content\/uploads\/2023\/02\/icono-PDF-copia-2-2.png\" alt=\"\" width=\"121\" height=\"140\" \/><\/a><\/p>\n","protected":false},"featured_media":7081,"comment_status":"open","ping_status":"closed","template":"","meta":{"spay_email":""},"product_cat":[954],"product_tag":[],"class_list":{"0":"post-7106","1":"product","2":"type-product","3":"status-publish","4":"has-post-thumbnail","6":"book_author-nestor-braidot","7":"product_cat-neurociencia-marketing-publicidad","8":"entry"},"_links":{"self":[{"href":"https:\/\/tavapy.gov.py\/biblioteca\/wp-json\/wp\/v2\/product\/7106","targetHints":{"allow":["GET"]}}],"collection":[{"href":"https:\/\/tavapy.gov.py\/biblioteca\/wp-json\/wp\/v2\/product"}],"about":[{"href":"https:\/\/tavapy.gov.py\/biblioteca\/wp-json\/wp\/v2\/types\/product"}],"replies":[{"embeddable":true,"href":"https:\/\/tavapy.gov.py\/biblioteca\/wp-json\/wp\/v2\/comments?post=7106"}],"wp:featuredmedia":[{"embeddable":true,"href":"https:\/\/tavapy.gov.py\/biblioteca\/wp-json\/wp\/v2\/media\/7081"}],"wp:attachment":[{"href":"https:\/\/tavapy.gov.py\/biblioteca\/wp-json\/wp\/v2\/media?parent=7106"}],"wp:term":[{"taxonomy":"product_cat","embeddable":true,"href":"https:\/\/tavapy.gov.py\/biblioteca\/wp-json\/wp\/v2\/product_cat?post=7106"},{"taxonomy":"product_tag","embeddable":true,"href":"https:\/\/tavapy.gov.py\/biblioteca\/wp-json\/wp\/v2\/product_tag?post=7106"}],"curies":[{"name":"wp","href":"https:\/\/api.w.org\/{rel}","templated":true}]}}