{"id":7107,"date":"2023-02-25T20:51:12","date_gmt":"2023-02-25T20:51:12","guid":{"rendered":"https:\/\/tavapy.gov.py\/biblioteca\/?post_type=product&#038;p=7107"},"modified":"2023-02-25T20:51:13","modified_gmt":"2023-02-25T20:51:13","slug":"la-asertividad-expresion-de-una-sana-autoestima","status":"publish","type":"product","link":"https:\/\/tavapy.gov.py\/biblioteca\/product\/la-asertividad-expresion-de-una-sana-autoestima\/","title":{"rendered":"LA ASERTIVIDAD: EXPRESION DE UNA SANA AUTOESTIMA."},"content":{"rendered":"","protected":false},"excerpt":{"rendered":"<p>Si nos queremos y respetamos, seremos capaces de querer y respetar al otro. Y la \u00fanica forma de hacerlo es desarrollando una sana autoestima que nos permita estar seguros de nuestra val\u00eda \u00fanica y personal y nos ayude a hacer valer nuestros derechos sin pisar los del otro.<\/p>\n<p>\u00bfC\u00f3mo hacerlo? Por medio de ejemplos y ejercicios, este libro publicado en 1.996 pretende dar respuesta a la cuesti\u00f3n anterior y as\u00ed convertirse en un manual para desarrollar una sana asertividad dentro del marco de la autoestima.<\/p>\n<p><a href=\"https:\/\/tavapy.gov.py\/biblioteca\/wp-content\/uploads\/2023\/02\/CastanyerO-La-asertividad-expresion-de-una-sana-autoestima.pdf\" target=\"_blank\" rel=\"attachment noopener wp-att-7024\"><img loading=\"lazy\" decoding=\"async\" class=\"size-full wp-image-7024 alignleft\" src=\"https:\/\/tavapy.gov.py\/biblioteca\/wp-content\/uploads\/2023\/02\/icono-PDF-copia-2-2.png\" alt=\"\" width=\"121\" height=\"140\" \/><\/a><\/p>\n","protected":false},"featured_media":7083,"comment_status":"open","ping_status":"closed","template":"","meta":{"spay_email":""},"product_cat":[408],"product_tag":[],"class_list":{"0":"post-7107","1":"product","2":"type-product","3":"status-publish","4":"has-post-thumbnail","6":"book_author-olga-castanyer","7":"product_cat-autoayuda-psicologia-espiritualidad","8":"entry"},"_links":{"self":[{"href":"https:\/\/tavapy.gov.py\/biblioteca\/wp-json\/wp\/v2\/product\/7107","targetHints":{"allow":["GET"]}}],"collection":[{"href":"https:\/\/tavapy.gov.py\/biblioteca\/wp-json\/wp\/v2\/product"}],"about":[{"href":"https:\/\/tavapy.gov.py\/biblioteca\/wp-json\/wp\/v2\/types\/product"}],"replies":[{"embeddable":true,"href":"https:\/\/tavapy.gov.py\/biblioteca\/wp-json\/wp\/v2\/comments?post=7107"}],"wp:featuredmedia":[{"embeddable":true,"href":"https:\/\/tavapy.gov.py\/biblioteca\/wp-json\/wp\/v2\/media\/7083"}],"wp:attachment":[{"href":"https:\/\/tavapy.gov.py\/biblioteca\/wp-json\/wp\/v2\/media?parent=7107"}],"wp:term":[{"taxonomy":"product_cat","embeddable":true,"href":"https:\/\/tavapy.gov.py\/biblioteca\/wp-json\/wp\/v2\/product_cat?post=7107"},{"taxonomy":"product_tag","embeddable":true,"href":"https:\/\/tavapy.gov.py\/biblioteca\/wp-json\/wp\/v2\/product_tag?post=7107"}],"curies":[{"name":"wp","href":"https:\/\/api.w.org\/{rel}","templated":true}]}}