{"id":7108,"date":"2023-02-25T20:56:54","date_gmt":"2023-02-25T20:56:54","guid":{"rendered":"https:\/\/tavapy.gov.py\/biblioteca\/?post_type=product&#038;p=7108"},"modified":"2023-02-25T20:56:55","modified_gmt":"2023-02-25T20:56:55","slug":"quiero-aprender-a-quererme-con-asertividad","status":"publish","type":"product","link":"https:\/\/tavapy.gov.py\/biblioteca\/product\/quiero-aprender-a-quererme-con-asertividad\/","title":{"rendered":"QUIERO APRENDER A QUERERME CON ASERTIVIDAD."},"content":{"rendered":"","protected":false},"excerpt":{"rendered":"<p>La Asertividad y la Autoestima est\u00e1n muy ligadas entre s\u00ed, no podr\u00edan existir la una sin la otra: \u00bfc\u00f3mo hacernos respetar si no nos respetamos antes a nosotros mismos? \u00bfY c\u00f3mo respetarnos si no reclamamos a la vez el respeto de los dem\u00e1s?<\/p>\n<p>Si queremos emprender el camino hacia un bienestar aut\u00e9ntico, conseguir el fin \u00faltimo de todo ser humano, que es sentirse en paz y coherente consigo mismo, debemos tener en cuenta estas dos dimensiones: querer y respetar.<\/p>\n<p>La Autoestima nos proporciona cari\u00f1o, respeto y confianza en nosotros mismos. No buscamos sentirnos por encima ni por debajo de nadie: queremos sentir que somos nosotros, emocionalmente independientes y con la seguridad de que nos cuidamos y protegemos. La Asertividad nos proporciona herramientas para transmitir a nuestro entorno esta coherencia y seguridad. Y tiene en cuenta en todo momento a los dem\u00e1s, reclamando un respeto hacia nosotros, pero respetando y valorando a la vez a la otra persona.<\/p>\n<p>Este libro publicado en el 2.018 te ofrece herramientas para conseguir respetarte y hacerte respetar, a la vez que respetas a los que te rodean.<\/p>\n<p><a href=\"https:\/\/tavapy.gov.py\/biblioteca\/wp-content\/uploads\/2023\/02\/CastanyerO-Quiero-aprender...-a-quererme-con-asertividad.pdf\" target=\"_blank\" rel=\"attachment noopener wp-att-7024\"><img loading=\"lazy\" decoding=\"async\" class=\"size-full wp-image-7024 alignleft\" src=\"https:\/\/tavapy.gov.py\/biblioteca\/wp-content\/uploads\/2023\/02\/icono-PDF-copia-2-2.png\" alt=\"\" width=\"121\" height=\"140\" \/><\/a><\/p>\n","protected":false},"featured_media":7086,"comment_status":"open","ping_status":"closed","template":"","meta":{"spay_email":""},"product_cat":[408],"product_tag":[],"class_list":{"0":"post-7108","1":"product","2":"type-product","3":"status-publish","4":"has-post-thumbnail","6":"book_author-olga-castanyer","7":"product_cat-autoayuda-psicologia-espiritualidad","8":"entry"},"_links":{"self":[{"href":"https:\/\/tavapy.gov.py\/biblioteca\/wp-json\/wp\/v2\/product\/7108","targetHints":{"allow":["GET"]}}],"collection":[{"href":"https:\/\/tavapy.gov.py\/biblioteca\/wp-json\/wp\/v2\/product"}],"about":[{"href":"https:\/\/tavapy.gov.py\/biblioteca\/wp-json\/wp\/v2\/types\/product"}],"replies":[{"embeddable":true,"href":"https:\/\/tavapy.gov.py\/biblioteca\/wp-json\/wp\/v2\/comments?post=7108"}],"wp:featuredmedia":[{"embeddable":true,"href":"https:\/\/tavapy.gov.py\/biblioteca\/wp-json\/wp\/v2\/media\/7086"}],"wp:attachment":[{"href":"https:\/\/tavapy.gov.py\/biblioteca\/wp-json\/wp\/v2\/media?parent=7108"}],"wp:term":[{"taxonomy":"product_cat","embeddable":true,"href":"https:\/\/tavapy.gov.py\/biblioteca\/wp-json\/wp\/v2\/product_cat?post=7108"},{"taxonomy":"product_tag","embeddable":true,"href":"https:\/\/tavapy.gov.py\/biblioteca\/wp-json\/wp\/v2\/product_tag?post=7108"}],"curies":[{"name":"wp","href":"https:\/\/api.w.org\/{rel}","templated":true}]}}