{"id":7109,"date":"2023-02-25T21:08:12","date_gmt":"2023-02-25T21:08:12","guid":{"rendered":"https:\/\/tavapy.gov.py\/biblioteca\/?post_type=product&#038;p=7109"},"modified":"2024-05-13T19:04:02","modified_gmt":"2024-05-13T19:04:02","slug":"biodescodificacion-el-codigo-secreto-del-sintoma-diccionario-guia-biologico","status":"publish","type":"product","link":"https:\/\/tavapy.gov.py\/biblioteca\/product\/biodescodificacion-el-codigo-secreto-del-sintoma-diccionario-guia-biologico\/","title":{"rendered":"BIODESCODIFICACI\u00d3N. EL C\u00d3DIGO SECRETO DEL S\u00cdNTOMA. DICCIONARIO-GU\u00cdA BIOL\u00d3GICO."},"content":{"rendered":"","protected":false},"excerpt":{"rendered":"<p>Un libro para quien busque comprender la causa de cada s\u00edntoma. Nos presenta las fases de la enfermedad, las maneras de acceder a nuestro inconsciente y degradar los conflictos. Enric Corbera y Rafael Mara\u00f1\u00f3n afirman que al descodificar las causas de estos conflictos podemos curarnos creando nuevos c\u00f3digos que reemplacen a los que han provocado nuestros desequilibrios.<\/p>\n<p>Este Diccionario-Gu\u00eda nos ayuda a centrarnos en esta b\u00fasqueda, para encontrar esa emoci\u00f3n oculta y sacarla a la luz consciente. Una gu\u00eda \u00fanica e irremplazable que, seguramente, cambiar\u00e1 de manera radical nuestro modo de percibir la fisiolog\u00eda en relaci\u00f3n con las emociones y la enfermedad.<\/p>\n<p>La Biodescodificaci\u00f3n, obra publicada en el 2.013, nos lleva a un viaje hacia el interior, hacia nuestro inconsciente, lugar en el que se alojan las ra\u00edces de nuestras emociones reprimidas, de las palabras no dichas y los sentimientos no expresados; nos enfrenta con nuestra sombra y nos recuerda que todo aquello que no se expresa se imprime en nuestra neurolog\u00eda. Estas marcas, olvidadas por nuestro cerebro, pero recordadas como profundas cicatrices por el cerebro emocional son la causa subyacente de muchas de nuestras enfermedades.<\/p>\n<p>El contenido de la obra es de una riqueza poco frecuente en libros de este tipo, pues no s\u00f3lo describe de manera amplia las bases mismas de la Biodescodificaci\u00f3n, sino que aborda los secretos m\u00e1s rec\u00f3nditos de nuestro cerebro y nuestra biolog\u00eda, las fases de la enfermedad y un extenso recorrido sobre las formas de acceder a nuestro inconsciente.<\/p>\n<p><a href=\"https:\/\/tavapy.gov.py\/biblioteca\/wp-content\/uploads\/2023\/02\/CorberaE-Biodescodificacion-El-codigo-secreto-del-sintoma.pdf\" target=\"_blank\" rel=\"attachment noopener wp-att-7024\"><img loading=\"lazy\" decoding=\"async\" class=\"size-full wp-image-7024 alignleft\" src=\"https:\/\/tavapy.gov.py\/biblioteca\/wp-content\/uploads\/2023\/02\/icono-PDF-copia-2-2.png\" alt=\"\" width=\"121\" height=\"140\" \/><\/a><\/p>\n","protected":false},"featured_media":7088,"comment_status":"open","ping_status":"closed","template":"","meta":{"spay_email":""},"product_cat":[959],"product_tag":[],"class_list":{"0":"post-7109","1":"product","2":"type-product","3":"status-publish","4":"has-post-thumbnail","6":"book_author-enric-corbera","7":"product_cat-biologia-salud-nueva-cosmologia","8":"entry"},"_links":{"self":[{"href":"https:\/\/tavapy.gov.py\/biblioteca\/wp-json\/wp\/v2\/product\/7109","targetHints":{"allow":["GET"]}}],"collection":[{"href":"https:\/\/tavapy.gov.py\/biblioteca\/wp-json\/wp\/v2\/product"}],"about":[{"href":"https:\/\/tavapy.gov.py\/biblioteca\/wp-json\/wp\/v2\/types\/product"}],"replies":[{"embeddable":true,"href":"https:\/\/tavapy.gov.py\/biblioteca\/wp-json\/wp\/v2\/comments?post=7109"}],"wp:featuredmedia":[{"embeddable":true,"href":"https:\/\/tavapy.gov.py\/biblioteca\/wp-json\/wp\/v2\/media\/7088"}],"wp:attachment":[{"href":"https:\/\/tavapy.gov.py\/biblioteca\/wp-json\/wp\/v2\/media?parent=7109"}],"wp:term":[{"taxonomy":"product_cat","embeddable":true,"href":"https:\/\/tavapy.gov.py\/biblioteca\/wp-json\/wp\/v2\/product_cat?post=7109"},{"taxonomy":"product_tag","embeddable":true,"href":"https:\/\/tavapy.gov.py\/biblioteca\/wp-json\/wp\/v2\/product_tag?post=7109"}],"curies":[{"name":"wp","href":"https:\/\/api.w.org\/{rel}","templated":true}]}}